{"id":269262,"date":"2025-06-10T12:59:57","date_gmt":"2025-06-10T10:59:57","guid":{"rendered":"https:\/\/cadtech.es\/abaqus-distribuidor-oficial-en-espana\/"},"modified":"2026-01-20T16:41:46","modified_gmt":"2026-01-20T15:41:46","slug":"official-distributor-in-spain-portugal","status":"publish","type":"page","link":"https:\/\/cadtech.es\/en\/oficial-dassault-systemes-reseller\/official-distributor-in-spain-portugal\/","title":{"rendered":"ABAQUS | Official Distributor in Spain &#038; Portugal"},"content":{"rendered":"<p>[et_pb_section fb_built=&#8221;1&#8243; _builder_version=&#8221;4.27.4&#8243; _module_preset=&#8221;default&#8221; background_color=&#8221;#f7f7f7&#8243; use_background_color_gradient=&#8221;on&#8221; background_color_gradient_stops=&#8221;#2b87da 50%|#f7f7f7 50%&#8221; background_image=&#8221;https:\/\/cadtech.es\/wp-content\/uploads\/2025\/03\/banner-abaqus-3dexperience-cadtech-scaled.webp&#8221; height=&#8221;400px&#8221; custom_margin=&#8221;||100px||false|false&#8221; global_colors_info=&#8221;{}&#8221;][et_pb_row _builder_version=&#8221;4.27.4&#8243; _module_preset=&#8221;default&#8221; background_color=&#8221;#ffffff&#8221; vertical_offset=&#8221;300px&#8221; width=&#8221;100%&#8221; custom_margin=&#8221;|auto|21px|auto|false|false&#8221; custom_padding=&#8221;50px|50px|10px|50px|false|false&#8221; global_colors_info=&#8221;{}&#8221;][et_pb_column type=&#8221;4_4&#8243; _builder_version=&#8221;4.20.4&#8243; _module_preset=&#8221;default&#8221; global_colors_info=&#8221;{}&#8221;][et_pb_text content_tablet=&#8221;<\/p>\n<p class=%22p1%22><span>La industria aeroespacial y de defensa es fundamental para la seguridad y el progreso tecnol\u00f3gico global. Enfrenta desaf\u00edos como la necesidad de innovar en sistemas m\u00e1s eficientes y sostenibles, cumplir con estrictas normativas internacionales y gestionar complejas cadenas de suministro.<\/span><\/p>\n<p class=%22p1%22><span>Los fabricantes y proveedores est\u00e1n redefiniendo el futuro del sector mediante la integraci\u00f3n de tecnolog\u00edas avanzadas y la adaptaci\u00f3n a las crecientes expectativas de seguridad y sostenibilidad.<\/span><\/p>\n<p>&#8221; content_phone=&#8221;<\/p>\n<p style=%22text-align: justify;%22>La industria aeroespacial y de defensa es fundamental para la seguridad y el progreso tecnol\u00f3gico global. Enfrenta desaf\u00edos como la necesidad de innovar en sistemas m\u00e1s eficientes y sostenibles, cumplir con estrictas normativas internacionales y gestionar complejas cadenas de suministro.<\/p>\n<p style=%22text-align: justify;%22>Los fabricantes y proveedores est\u00e1n redefiniendo el futuro del sector mediante la integraci\u00f3n de tecnolog\u00edas avanzadas y la adaptaci\u00f3n a las crecientes expectativas de seguridad y sostenibilidad.<\/p>\n<p>&#8221; content_last_edited=&#8221;on|phone&#8221; _builder_version=&#8221;4.27.5&#8243; _module_preset=&#8221;default&#8221; text_font=&#8221;||||||||&#8221; text_text_color=&#8221;#333333&#8243; text_line_height=&#8221;1.4em&#8221; background_color=&#8221;RGBA(255,255,255,0)&#8221; min_height=&#8221;125.6px&#8221; custom_margin=&#8221;||0px||false|false&#8221; custom_padding=&#8221;||0px||false|false&#8221; animation_style=&#8221;slide&#8221; animation_direction=&#8221;bottom&#8221; global_colors_info=&#8221;{}&#8221;]<\/p>\n<p>CADTECH is an official <a href=\"https:\/\/cadtech.es\/en\/simulia\/abaqus\/\" target=\"_blank\" rel=\"noopener\">ABAQUS<\/a> distributor in Spain &amp; Portugal, the advanced Finite Element Analysis (FEA) simulation solution within <a href=\"https:\/\/www.3ds.com\/\" target=\"_blank\" rel=\"noopener\">Dassault Syst\u00e8mes<\/a>\u2019 SIMULIA portfolio. We help industrial companies access the licenses and configurations they need to accurately simulate the structural behavior of their products.<\/p>\n<p>[\/et_pb_text][et_pb_divider _builder_version=&#8221;4.27.4&#8243; _module_preset=&#8221;default&#8221; custom_margin=&#8221;1px||||false|false&#8221; global_colors_info=&#8221;{}&#8221;][\/et_pb_divider][et_pb_text _builder_version=&#8221;4.27.5&#8243; _module_preset=&#8221;default&#8221; text_font=&#8221;CTgroup Bold||||||||&#8221; text_text_color=&#8221;#ffffff&#8221; positioning=&#8221;absolute&#8221; width=&#8221;100%&#8221; custom_margin=&#8221;-200px||||false|false&#8221; global_colors_info=&#8221;{}&#8221;]<\/p>\n<h1><span data-contrast=\"none\" xml:lang=\"ES-ES\" lang=\"ES-ES\" class=\"TextRun SCXW201792215 BCX8\"><span class=\"NormalTextRun SCXW201792215 BCX8\" data-ccp-parastyle=\"heading 2\">ABAQUS | Official Distributor in Spain &amp; Portugal<\/span><\/span><\/h1>\n<p>&nbsp;<\/p>\n<p>[\/et_pb_text][\/et_pb_column][\/et_pb_row][\/et_pb_section][et_pb_section fb_built=&#8221;1&#8243; _builder_version=&#8221;4.27.4&#8243; _module_preset=&#8221;default&#8221; min_height=&#8221;104.8px&#8221; custom_padding=&#8221;6px|||||&#8221; global_colors_info=&#8221;{}&#8221;][et_pb_row _builder_version=&#8221;4.27.4&#8243; _module_preset=&#8221;default&#8221; min_height=&#8221;98.8px&#8221; global_colors_info=&#8221;{}&#8221;][et_pb_column type=&#8221;4_4&#8243; _builder_version=&#8221;4.27.4&#8243; _module_preset=&#8221;default&#8221; global_colors_info=&#8221;{}&#8221;][et_pb_text _builder_version=&#8221;4.27.5&#8243; _module_preset=&#8221;default&#8221; custom_padding=&#8221;20px|||||&#8221; global_colors_info=&#8221;{}&#8221;]<\/p>\n<h2>Need a quote or more information?<\/h2>\n<p>Fill out the form and we\u2019ll get back to you as soon as possible.<\/p>\n<p>[\/et_pb_text][\/et_pb_column][\/et_pb_row][et_pb_row _builder_version=&#8221;4.27.4&#8243; _module_preset=&#8221;default&#8221; global_colors_info=&#8221;{}&#8221;][et_pb_column type=&#8221;4_4&#8243; _builder_version=&#8221;4.27.4&#8243; _module_preset=&#8221;default&#8221; global_colors_info=&#8221;{}&#8221;][et_pb_contact_form email=&#8221;info@cadtech.es,hortaubert@gmail.com&#8221; custom_message=&#8221;Landing distribuidor ABAQUS EN:||et_pb_line_break_holder||||et_pb_line_break_holder||Nombre: %%Name%%||et_pb_line_break_holder||Apellidos: %%Apellidos%%||et_pb_line_break_holder||Empresa: %%empresa%%||et_pb_line_break_holder||Tel\u00e9fono: %%Tel\u00e9fono%%||et_pb_line_break_holder||Email: %%Email%%||et_pb_line_break_holder||Mensaje: %%Message%%||et_pb_line_break_holder||Acepta la politica: %%condiciones%%||et_pb_line_break_holder||Autorizaci\u00f3n: %%aceptacion%%||et_pb_line_break_holder||||et_pb_line_break_holder||Origen: %%dt-custom-title%%&#8221; _builder_version=&#8221;4.27.5&#8243; _module_preset=&#8221;default&#8221; _unique_id=&#8221;d9cd78e1-f18e-4937-b188-fad4e72eaa50&#8243; global_colors_info=&#8221;{}&#8221;][et_pb_contact_field field_id=&#8221;Name&#8221; field_title=&#8221;First name&#8221; _builder_version=&#8221;4.27.5&#8243; global_colors_info=&#8221;{}&#8221; button_text_size__hover_enabled=&#8221;off&#8221; button_one_text_size__hover_enabled=&#8221;off&#8221; button_two_text_size__hover_enabled=&#8221;off&#8221; button_text_color__hover_enabled=&#8221;off&#8221; button_one_text_color__hover_enabled=&#8221;off&#8221; button_two_text_color__hover_enabled=&#8221;off&#8221; button_border_width__hover_enabled=&#8221;off&#8221; button_one_border_width__hover_enabled=&#8221;off&#8221; button_two_border_width__hover_enabled=&#8221;off&#8221; button_border_color__hover_enabled=&#8221;off&#8221; button_one_border_color__hover_enabled=&#8221;off&#8221; button_two_border_color__hover_enabled=&#8221;off&#8221; button_border_radius__hover_enabled=&#8221;off&#8221; button_one_border_radius__hover_enabled=&#8221;off&#8221; button_two_border_radius__hover_enabled=&#8221;off&#8221; button_letter_spacing__hover_enabled=&#8221;off&#8221; button_one_letter_spacing__hover_enabled=&#8221;off&#8221; button_two_letter_spacing__hover_enabled=&#8221;off&#8221; button_bg_color__hover_enabled=&#8221;off&#8221; button_one_bg_color__hover_enabled=&#8221;off&#8221; button_two_bg_color__hover_enabled=&#8221;off&#8221;][\/et_pb_contact_field][et_pb_contact_field field_id=&#8221;Apellidos&#8221; field_title=&#8221;Last name&#8221; _builder_version=&#8221;4.27.5&#8243; _module_preset=&#8221;default&#8221; global_colors_info=&#8221;{}&#8221;][\/et_pb_contact_field][et_pb_contact_field field_id=&#8221;Empresa&#8221; field_title=&#8221;Company&#8221; _builder_version=&#8221;4.27.5&#8243; _module_preset=&#8221;default&#8221; global_colors_info=&#8221;{}&#8221;][\/et_pb_contact_field][et_pb_contact_field field_id=&#8221;Tel\u00e9fono&#8221; field_title=&#8221;Phone&#8221; allowed_symbols=&#8221;numbers&#8221; _builder_version=&#8221;4.27.5&#8243; _module_preset=&#8221;default&#8221; global_colors_info=&#8221;{}&#8221;][\/et_pb_contact_field][et_pb_contact_field field_id=&#8221;Email&#8221; field_title=&#8221;Email&#8221; field_type=&#8221;email&#8221; _builder_version=&#8221;4.27.4&#8243; global_colors_info=&#8221;{}&#8221; button_text_size__hover_enabled=&#8221;off&#8221; button_one_text_size__hover_enabled=&#8221;off&#8221; button_two_text_size__hover_enabled=&#8221;off&#8221; button_text_color__hover_enabled=&#8221;off&#8221; button_one_text_color__hover_enabled=&#8221;off&#8221; button_two_text_color__hover_enabled=&#8221;off&#8221; button_border_width__hover_enabled=&#8221;off&#8221; button_one_border_width__hover_enabled=&#8221;off&#8221; button_two_border_width__hover_enabled=&#8221;off&#8221; button_border_color__hover_enabled=&#8221;off&#8221; button_one_border_color__hover_enabled=&#8221;off&#8221; button_two_border_color__hover_enabled=&#8221;off&#8221; button_border_radius__hover_enabled=&#8221;off&#8221; button_one_border_radius__hover_enabled=&#8221;off&#8221; button_two_border_radius__hover_enabled=&#8221;off&#8221; button_letter_spacing__hover_enabled=&#8221;off&#8221; button_one_letter_spacing__hover_enabled=&#8221;off&#8221; button_two_letter_spacing__hover_enabled=&#8221;off&#8221; button_bg_color__hover_enabled=&#8221;off&#8221; button_one_bg_color__hover_enabled=&#8221;off&#8221; button_two_bg_color__hover_enabled=&#8221;off&#8221;][\/et_pb_contact_field][et_pb_contact_field field_id=&#8221;Message&#8221; field_title=&#8221;Tell us how we can help.&#8221; field_type=&#8221;text&#8221; fullwidth_field=&#8221;on&#8221; _builder_version=&#8221;4.27.5&#8243; global_colors_info=&#8221;{}&#8221; button_text_size__hover_enabled=&#8221;off&#8221; button_one_text_size__hover_enabled=&#8221;off&#8221; button_two_text_size__hover_enabled=&#8221;off&#8221; button_text_color__hover_enabled=&#8221;off&#8221; button_one_text_color__hover_enabled=&#8221;off&#8221; button_two_text_color__hover_enabled=&#8221;off&#8221; button_border_width__hover_enabled=&#8221;off&#8221; button_one_border_width__hover_enabled=&#8221;off&#8221; button_two_border_width__hover_enabled=&#8221;off&#8221; button_border_color__hover_enabled=&#8221;off&#8221; button_one_border_color__hover_enabled=&#8221;off&#8221; button_two_border_color__hover_enabled=&#8221;off&#8221; button_border_radius__hover_enabled=&#8221;off&#8221; button_one_border_radius__hover_enabled=&#8221;off&#8221; button_two_border_radius__hover_enabled=&#8221;off&#8221; button_letter_spacing__hover_enabled=&#8221;off&#8221; button_one_letter_spacing__hover_enabled=&#8221;off&#8221; button_two_letter_spacing__hover_enabled=&#8221;off&#8221; button_bg_color__hover_enabled=&#8221;off&#8221; button_one_bg_color__hover_enabled=&#8221;off&#8221; button_two_bg_color__hover_enabled=&#8221;off&#8221;][\/et_pb_contact_field][et_pb_contact_field field_id=&#8221;dt-custom-title&#8221; field_title=&#8221;origen&#8221; required_mark=&#8221;off&#8221; fullwidth_field=&#8221;on&#8221; _builder_version=&#8221;4.27.4&#8243; _module_preset=&#8221;default&#8221; custom_css_free_form=&#8221;selector {||  display: none;||}&#8221; global_colors_info=&#8221;{}&#8221;][\/et_pb_contact_field][et_pb_contact_field field_id=&#8221;condiciones&#8221; field_title=&#8221; &#8221; field_type=&#8221;checkbox&#8221; checkbox_options=&#8221;%91{%22value%22:%22I have read and accept the privacy policy%22,%22checked%22:0,%22dragID%22:-1,%22link_url%22:%22https:\/\/cadtech.es\/en\/politica-de-privacidad\/%22}%93&#8243; fullwidth_field=&#8221;on&#8221; _builder_version=&#8221;4.27.5&#8243; _module_preset=&#8221;default&#8221; global_colors_info=&#8221;{}&#8221;][\/et_pb_contact_field][et_pb_contact_field field_id=&#8221;aceptacion&#8221; field_title=&#8221; &#8221; field_type=&#8221;checkbox&#8221; checkbox_options=&#8221;%91{%22value%22:%22I authorize CADTECH to send me marketing communications (news, event invitations, etc.)%22,%22checked%22:0,%22dragID%22:-1}%93&#8243; fullwidth_field=&#8221;on&#8221; _builder_version=&#8221;4.27.5&#8243; _module_preset=&#8221;default&#8221; global_colors_info=&#8221;{}&#8221;][\/et_pb_contact_field][\/et_pb_contact_form][et_pb_text _builder_version=&#8221;4.27.5&#8243; _module_preset=&#8221;default&#8221; text_font_size=&#8221;12px&#8221; text_line_height=&#8221;1em&#8221; background_color=&#8221;#f7f7f7&#8243; custom_margin=&#8221;0px||||false|false&#8221; custom_padding=&#8221;0px||||false|false&#8221; global_colors_info=&#8221;{}&#8221;]<span style=\"color: #000;\">CAD TECH IBERICA, S.L. is the Data Controller of the user\u2019s personal data. The following information about data processing is provided:<br \/>\nPurposes and legal basis for processing: to maintain a business relationship (based on the legitimate interest of the controller, Art. 6(1)(f) GDPR) and to send communications about products or services (based on the data subject\u2019s consent, Art. 6(1)(a) GDPR).<br \/>\nData retention criteria: data will be kept no longer than necessary to fulfill the purpose of processing or for as long as legal obligations require its retention. Once it is no longer needed, it will be deleted using appropriate security measures to ensure data anonymization or complete destruction.<br \/>\nData disclosure: data will not be shared with third parties, except when required by law.<br \/>\nUser rights: the right to withdraw consent at any time. The right to access, rectify, port, and delete your data, and to restrict or object to its processing. The right to file a complaint with the Supervisory Authority (www.aepd.es<br \/>\n) if you believe the processing does not comply with current regulations.<br \/>\nContact details to exercise your rights: info@cadtech.es<\/p>\n<p>Data Protection Officer contact details: C\/ Fenix no 19, 28023 Aravaca (Madrid) \u2013 info@consultingnormativo.es<\/span>[\/et_pb_text][\/et_pb_column][\/et_pb_row][et_pb_row _builder_version=&#8221;4.27.4&#8243; _module_preset=&#8221;default&#8221; global_colors_info=&#8221;{}&#8221;][et_pb_column type=&#8221;4_4&#8243; _builder_version=&#8221;4.27.4&#8243; _module_preset=&#8221;default&#8221; global_colors_info=&#8221;{}&#8221;][et_pb_text _builder_version=&#8221;4.27.5&#8243; _module_preset=&#8221;default&#8221; global_colors_info=&#8221;{}&#8221;]<\/p>\n<div style=\"border-top: 3px solid #012d9a; border-bottom: 3px solid #012d9a; padding: 15px 0;\">\n<h2 aria-level=\"3\">Why choose ABAQUS with CADTECH?<br \/><span data-ccp-props=\"{&quot;134233117&quot;:false,&quot;134233118&quot;:false,&quot;134245418&quot;:true,&quot;134245529&quot;:true,&quot;335551550&quot;:6,&quot;335551620&quot;:6,&quot;335559738&quot;:281,&quot;335559739&quot;:281}\">\u00a0<\/span><\/h2>\n<ol>\n<li>Official licenses and configurations tailored to your needs.<\/li>\n<li>Expert guidance in simulation environments.<\/li>\n<li>Optional support, training, and implementation services.<\/li>\n<\/ol>\n<\/div>\n<p>[\/et_pb_text][et_pb_text _builder_version=&#8221;4.27.5&#8243; _module_preset=&#8221;default&#8221; global_colors_info=&#8221;{}&#8221;]<\/p>\n<h2>ABAQUS<\/h2>\n<p>ABAQUS is one of the most powerful simulation software solutions on the market, used in industries such as automotive, aerospace, and industrial machinery to analyze stress, deformation, fatigue, and other physical behaviors with high reliability.<\/p>\n<p><a href=\"https:\/\/cadtech.es\/en\/simulia\/abaqus\/\" target=\"_blank\" rel=\"noopener\">More information about ABAQUS here.<\/a><\/p>\n<p>[\/et_pb_text][et_pb_image src=&#8221;https:\/\/cadtech.es\/wp-content\/uploads\/2025\/06\/SIMULIA-ABAQUS-2.jpg&#8221; title_text=&#8221;SIMULIA ABAQUS (2)&#8221; _builder_version=&#8221;4.27.4&#8243; _module_preset=&#8221;default&#8221; global_colors_info=&#8221;{}&#8221;][\/et_pb_image][\/et_pb_column][\/et_pb_row][\/et_pb_section][et_pb_section fb_built=&#8221;1&#8243; fullwidth=&#8221;on&#8221; _builder_version=&#8221;4.27.4&#8243; _module_preset=&#8221;default&#8221; min_height=&#8221;89px&#8221; global_colors_info=&#8221;{}&#8221;][\/et_pb_section]<\/p>\n","protected":false},"excerpt":{"rendered":"<p>CADTECH is an official ABAQUS distributor in Spain &amp; Portugal, the advanced Finite Element Analysis (FEA) simulation solution within Dassault Syst\u00e8mes\u2019 SIMULIA portfolio. We help industrial companies access the licenses and configurations they need to accurately simulate the structural behavior of their products.ABAQUS | Official Distributor in Spain &amp; Portugal &nbsp;Need a quote or more information? Fill out the form and we\u2019ll get back to you as soon as possible.CAD TECH IBERICA, S.L. is the Data Controller of the user\u2019s personal data. The following information about data processing is provided: Purposes and legal basis for processing: to maintain a business relationship (based on the legitimate interest of the controller, Art. 6(1)(f) GDPR) and to send communications about products or services (based on the data subject\u2019s consent, Art. 6(1)(a) GDPR). Data retention criteria: data will be kept no longer than necessary to fulfill the purpose of processing or for as long as legal obligations require its retention. Once it is no longer needed, it will be deleted using appropriate security measures to ensure data anonymization or complete destruction. Data disclosure: data will not be shared with third parties, except when required by law. User rights: the right to withdraw consent at [&hellip;]<\/p>\n","protected":false},"author":2,"featured_media":0,"parent":269580,"menu_order":0,"comment_status":"closed","ping_status":"closed","template":"","meta":{"_acf_changed":false,"_et_pb_use_builder":"on","_et_pb_old_content":"","_et_gb_content_width":"","footnotes":""},"class_list":["post-269262","page","type-page","status-publish","hentry"],"acf":[],"yoast_head":"<!-- This site is optimized with the Yoast SEO plugin v27.3 - https:\/\/yoast.com\/product\/yoast-seo-wordpress\/ -->\n<title>ABAQUS | Official Distributor in Spain &amp; Portugal - Cadtech<\/title>\n<meta name=\"description\" content=\"Official ABAQUS distributor in Spain &amp; Portugal. We help you choose the best option to accurately simulate your products\u2019 behavior.\" \/>\n<meta name=\"robots\" content=\"index, follow, max-snippet:-1, max-image-preview:large, max-video-preview:-1\" \/>\n<link rel=\"canonical\" href=\"https:\/\/cadtech.es\/en\/official-distributor-in-spain-portugal\/\" \/>\n<meta property=\"og:locale\" content=\"en_US\" \/>\n<meta property=\"og:type\" content=\"article\" \/>\n<meta property=\"og:title\" content=\"ABAQUS | Official Distributor in Spain &amp; Portugal - Cadtech\" \/>\n<meta property=\"og:description\" content=\"Official ABAQUS distributor in Spain &amp; Portugal. We help you choose the best option to accurately simulate your products\u2019 behavior.\" \/>\n<meta property=\"og:url\" content=\"https:\/\/cadtech.es\/en\/official-distributor-in-spain-portugal\/\" \/>\n<meta property=\"og:site_name\" content=\"Cadtech\" \/>\n<meta property=\"article:modified_time\" content=\"2026-01-20T15:41:46+00:00\" \/>\n<meta name=\"twitter:card\" content=\"summary_large_image\" \/>\n<meta name=\"twitter:label1\" content=\"Est. reading time\" \/>\n\t<meta name=\"twitter:data1\" content=\"3 minutes\" \/>\n<script type=\"application\/ld+json\" class=\"yoast-schema-graph\">{\"@context\":\"https:\\\/\\\/schema.org\",\"@graph\":[{\"@type\":\"WebPage\",\"@id\":\"https:\\\/\\\/cadtech.es\\\/en\\\/official-distributor-in-spain-portugal\\\/\",\"url\":\"https:\\\/\\\/cadtech.es\\\/en\\\/official-distributor-in-spain-portugal\\\/\",\"name\":\"ABAQUS | Official Distributor in Spain & Portugal - Cadtech\",\"isPartOf\":{\"@id\":\"https:\\\/\\\/cadtech.es\\\/#website\"},\"datePublished\":\"2025-06-10T10:59:57+00:00\",\"dateModified\":\"2026-01-20T15:41:46+00:00\",\"description\":\"Official ABAQUS distributor in Spain & Portugal. We help you choose the best option to accurately simulate your products\u2019 behavior.\",\"breadcrumb\":{\"@id\":\"https:\\\/\\\/cadtech.es\\\/en\\\/official-distributor-in-spain-portugal\\\/#breadcrumb\"},\"inLanguage\":\"en-US\",\"potentialAction\":[{\"@type\":\"ReadAction\",\"target\":[\"https:\\\/\\\/cadtech.es\\\/en\\\/official-distributor-in-spain-portugal\\\/\"]}]},{\"@type\":\"BreadcrumbList\",\"@id\":\"https:\\\/\\\/cadtech.es\\\/en\\\/official-distributor-in-spain-portugal\\\/#breadcrumb\",\"itemListElement\":[{\"@type\":\"ListItem\",\"position\":1,\"name\":\"Portada\",\"item\":\"https:\\\/\\\/cadtech.es\\\/en\\\/\"},{\"@type\":\"ListItem\",\"position\":2,\"name\":\"ABAQUS | Official Distributor in Spain &#038; Portugal\"}]},{\"@type\":\"WebSite\",\"@id\":\"https:\\\/\\\/cadtech.es\\\/#website\",\"url\":\"https:\\\/\\\/cadtech.es\\\/\",\"name\":\"Cadtech\",\"description\":\"Consultor\u00eda e implantaci\u00f3n de soluciones de software\",\"publisher\":{\"@id\":\"https:\\\/\\\/cadtech.es\\\/#organization\"},\"potentialAction\":[{\"@type\":\"SearchAction\",\"target\":{\"@type\":\"EntryPoint\",\"urlTemplate\":\"https:\\\/\\\/cadtech.es\\\/?s={search_term_string}\"},\"query-input\":{\"@type\":\"PropertyValueSpecification\",\"valueRequired\":true,\"valueName\":\"search_term_string\"}}],\"inLanguage\":\"en-US\"},{\"@type\":\"Organization\",\"@id\":\"https:\\\/\\\/cadtech.es\\\/#organization\",\"name\":\"Cadtech\",\"url\":\"https:\\\/\\\/cadtech.es\\\/\",\"logo\":{\"@type\":\"ImageObject\",\"inLanguage\":\"en-US\",\"@id\":\"https:\\\/\\\/cadtech.es\\\/#\\\/schema\\\/logo\\\/image\\\/\",\"url\":\"https:\\\/\\\/cadtech.es\\\/wp-content\\\/uploads\\\/2025\\\/06\\\/LogoCadtech2023.png\",\"contentUrl\":\"https:\\\/\\\/cadtech.es\\\/wp-content\\\/uploads\\\/2025\\\/06\\\/LogoCadtech2023.png\",\"width\":127,\"height\":61,\"caption\":\"Cadtech\"},\"image\":{\"@id\":\"https:\\\/\\\/cadtech.es\\\/#\\\/schema\\\/logo\\\/image\\\/\"},\"sameAs\":[\"https:\\\/\\\/www.linkedin.com\\\/company\\\/cadtech?trk=biz-companies-cym\",\"https:\\\/\\\/www.youtube.com\\\/user\\\/CadTechIberica\"]}]}<\/script>\n<!-- \/ Yoast SEO plugin. -->","yoast_head_json":{"title":"ABAQUS | Official Distributor in Spain & Portugal - Cadtech","description":"Official ABAQUS distributor in Spain & Portugal. We help you choose the best option to accurately simulate your products\u2019 behavior.","robots":{"index":"index","follow":"follow","max-snippet":"max-snippet:-1","max-image-preview":"max-image-preview:large","max-video-preview":"max-video-preview:-1"},"canonical":"https:\/\/cadtech.es\/en\/official-distributor-in-spain-portugal\/","og_locale":"en_US","og_type":"article","og_title":"ABAQUS | Official Distributor in Spain & Portugal - Cadtech","og_description":"Official ABAQUS distributor in Spain & Portugal. We help you choose the best option to accurately simulate your products\u2019 behavior.","og_url":"https:\/\/cadtech.es\/en\/official-distributor-in-spain-portugal\/","og_site_name":"Cadtech","article_modified_time":"2026-01-20T15:41:46+00:00","twitter_card":"summary_large_image","twitter_misc":{"Est. reading time":"3 minutes"},"schema":{"@context":"https:\/\/schema.org","@graph":[{"@type":"WebPage","@id":"https:\/\/cadtech.es\/en\/official-distributor-in-spain-portugal\/","url":"https:\/\/cadtech.es\/en\/official-distributor-in-spain-portugal\/","name":"ABAQUS | Official Distributor in Spain & Portugal - Cadtech","isPartOf":{"@id":"https:\/\/cadtech.es\/#website"},"datePublished":"2025-06-10T10:59:57+00:00","dateModified":"2026-01-20T15:41:46+00:00","description":"Official ABAQUS distributor in Spain & Portugal. We help you choose the best option to accurately simulate your products\u2019 behavior.","breadcrumb":{"@id":"https:\/\/cadtech.es\/en\/official-distributor-in-spain-portugal\/#breadcrumb"},"inLanguage":"en-US","potentialAction":[{"@type":"ReadAction","target":["https:\/\/cadtech.es\/en\/official-distributor-in-spain-portugal\/"]}]},{"@type":"BreadcrumbList","@id":"https:\/\/cadtech.es\/en\/official-distributor-in-spain-portugal\/#breadcrumb","itemListElement":[{"@type":"ListItem","position":1,"name":"Portada","item":"https:\/\/cadtech.es\/en\/"},{"@type":"ListItem","position":2,"name":"ABAQUS | Official Distributor in Spain &#038; Portugal"}]},{"@type":"WebSite","@id":"https:\/\/cadtech.es\/#website","url":"https:\/\/cadtech.es\/","name":"Cadtech","description":"Consultor\u00eda e implantaci\u00f3n de soluciones de software","publisher":{"@id":"https:\/\/cadtech.es\/#organization"},"potentialAction":[{"@type":"SearchAction","target":{"@type":"EntryPoint","urlTemplate":"https:\/\/cadtech.es\/?s={search_term_string}"},"query-input":{"@type":"PropertyValueSpecification","valueRequired":true,"valueName":"search_term_string"}}],"inLanguage":"en-US"},{"@type":"Organization","@id":"https:\/\/cadtech.es\/#organization","name":"Cadtech","url":"https:\/\/cadtech.es\/","logo":{"@type":"ImageObject","inLanguage":"en-US","@id":"https:\/\/cadtech.es\/#\/schema\/logo\/image\/","url":"https:\/\/cadtech.es\/wp-content\/uploads\/2025\/06\/LogoCadtech2023.png","contentUrl":"https:\/\/cadtech.es\/wp-content\/uploads\/2025\/06\/LogoCadtech2023.png","width":127,"height":61,"caption":"Cadtech"},"image":{"@id":"https:\/\/cadtech.es\/#\/schema\/logo\/image\/"},"sameAs":["https:\/\/www.linkedin.com\/company\/cadtech?trk=biz-companies-cym","https:\/\/www.youtube.com\/user\/CadTechIberica"]}]}},"_links":{"self":[{"href":"https:\/\/cadtech.es\/en\/wp-json\/wp\/v2\/pages\/269262","targetHints":{"allow":["GET"]}}],"collection":[{"href":"https:\/\/cadtech.es\/en\/wp-json\/wp\/v2\/pages"}],"about":[{"href":"https:\/\/cadtech.es\/en\/wp-json\/wp\/v2\/types\/page"}],"author":[{"embeddable":true,"href":"https:\/\/cadtech.es\/en\/wp-json\/wp\/v2\/users\/2"}],"replies":[{"embeddable":true,"href":"https:\/\/cadtech.es\/en\/wp-json\/wp\/v2\/comments?post=269262"}],"version-history":[{"count":4,"href":"https:\/\/cadtech.es\/en\/wp-json\/wp\/v2\/pages\/269262\/revisions"}],"predecessor-version":[{"id":269447,"href":"https:\/\/cadtech.es\/en\/wp-json\/wp\/v2\/pages\/269262\/revisions\/269447"}],"up":[{"embeddable":true,"href":"https:\/\/cadtech.es\/en\/wp-json\/wp\/v2\/pages\/269580"}],"wp:attachment":[{"href":"https:\/\/cadtech.es\/en\/wp-json\/wp\/v2\/media?parent=269262"}],"curies":[{"name":"wp","href":"https:\/\/api.w.org\/{rel}","templated":true}]}}