{"id":266735,"date":"2025-03-17T22:24:37","date_gmt":"2025-03-17T21:24:37","guid":{"rendered":"https:\/\/cadtech.es\/dassault-systemes\/"},"modified":"2026-02-05T10:32:56","modified_gmt":"2026-02-05T09:32:56","slug":"dassault-systemes","status":"publish","type":"page","link":"https:\/\/cadtech.es\/fr\/dassault-systemes\/","title":{"rendered":"Dassault Syst\u00e8mes"},"content":{"rendered":"<p>[et_pb_section fb_built=\u00a0\u00bb1&Prime; _builder_version=\u00a0\u00bb4.27.4&Prime; _module_preset=\u00a0\u00bbdefault\u00a0\u00bb use_background_color_gradient=\u00a0\u00bbon\u00a0\u00bb background_color_gradient_stops=\u00a0\u00bb#2b87da 0%|#5e93c1 74%|#ffffff 74%\u00a0\u00bb background_enable_image=\u00a0\u00bboff\u00a0\u00bb background_size=\u00a0\u00bbinitial\u00a0\u00bb custom_margin=\u00a0\u00bb||-27px|||\u00a0\u00bb global_colors_info=\u00a0\u00bb{}\u00a0\u00bb][et_pb_row column_structure=\u00a0\u00bb1_2,1_2&Prime; _builder_version=\u00a0\u00bb4.21.0&Prime; _module_preset=\u00a0\u00bbdefault\u00a0\u00bb background_color=\u00a0\u00bbRGBA(255,255,255,0)\u00a0\u00bb global_colors_info=\u00a0\u00bb{}\u00a0\u00bb][et_pb_column type=\u00a0\u00bb1_2&Prime; _builder_version=\u00a0\u00bb4.20.4&Prime; _module_preset=\u00a0\u00bbdefault\u00a0\u00bb global_colors_info=\u00a0\u00bb{}\u00a0\u00bb][et_pb_text _builder_version=\u00a0\u00bb4.27.4&Prime; _module_preset=\u00a0\u00bbdefault\u00a0\u00bb text_font=\u00a0\u00bbCTgroup Bold||||||||\u00a0\u00bb text_font_size=\u00a0\u00bb40px\u00a0\u00bb custom_margin=\u00a0\u00bb-30px||||false|false\u00a0\u00bb global_colors_info=\u00a0\u00bb{}\u00a0\u00bb]<\/p>\n<h1><strong><span style=\"font-size: 50px; color: #ffffff;\">Dassault Syst\u00e8mes<\/span><\/strong><\/h1>\n<p>[\/et_pb_text][et_pb_text content_tablet=\u00a0\u00bb<\/p>\n<p>Virtual Worlds for Real Life<\/p>\n<p>\u00a0\u00bb content_phone=\u00a0\u00bb<\/p>\n<p> Virtual Worlds for Real Life<\/p>\n<p>\u00a0\u00bb content_last_edited=\u00a0\u00bbon|phone\u00a0\u00bb _builder_version=\u00a0\u00bb4.27.4&Prime; _module_preset=\u00a0\u00bbdefault\u00a0\u00bb text_font=\u00a0\u00bbcadtech||||||||\u00a0\u00bb text_text_color=\u00a0\u00bb#ffffff\u00a0\u00bb text_font_size=\u00a0\u00bb20px\u00a0\u00bb custom_margin=\u00a0\u00bb-30px|20%|||false|false\u00a0\u00bb custom_margin_tablet=\u00a0\u00bb-15px|0%|||false|false\u00a0\u00bb custom_margin_phone=\u00a0\u00bb-15px||41px||false|false\u00a0\u00bb custom_margin_last_edited=\u00a0\u00bbon|phone\u00a0\u00bb custom_padding=\u00a0\u00bb||0px|||\u00a0\u00bb global_colors_info=\u00a0\u00bb{}\u00a0\u00bb]<\/p>\n<p>&nbsp;<\/p>\n<p>Virtual Worlds for Real Life<\/p>\n<p>[\/et_pb_text][et_pb_image src=\u00a0\u00bbhttps:\/\/cadtech.es\/wp-content\/uploads\/2024\/12\/cadtech_sec-2_pequeno.png\u00a0\u00bb title_text=\u00a0\u00bbcadtech_sec-2_pequeno\u00a0\u00bb disabled_on=\u00a0\u00bboff|off|off\u00a0\u00bb _builder_version=\u00a0\u00bb4.27.4&Prime; _module_preset=\u00a0\u00bbdefault\u00a0\u00bb positioning=\u00a0\u00bbabsolute\u00a0\u00bb width=\u00a0\u00bb100%\u00a0\u00bb custom_margin=\u00a0\u00bb100px|||-150px|false|false\u00a0\u00bb global_colors_info=\u00a0\u00bb{}\u00a0\u00bb][\/et_pb_image][\/et_pb_column][et_pb_column type=\u00a0\u00bb1_2&Prime; _builder_version=\u00a0\u00bb4.20.4&Prime; _module_preset=\u00a0\u00bbdefault\u00a0\u00bb global_colors_info=\u00a0\u00bb{}\u00a0\u00bb][et_pb_image src=\u00a0\u00bbhttps:\/\/cadtech.es\/wp-content\/uploads\/2025\/03\/Dassault-systemes-virtual-world-for-real-life-scaled.webp\u00a0\u00bb title_text=\u00a0\u00bbDassault systemes virtual world for real life\u00a0\u00bb _builder_version=\u00a0\u00bb4.27.4&Prime; _module_preset=\u00a0\u00bbdefault\u00a0\u00bb background_enable_image=\u00a0\u00bboff\u00a0\u00bb min_height=\u00a0\u00bb300px\u00a0\u00bb min_height_tablet=\u00a0\u00bb300px\u00a0\u00bb min_height_phone=\u00a0\u00bb200px\u00a0\u00bb min_height_last_edited=\u00a0\u00bbon|desktop\u00a0\u00bb custom_margin=\u00a0\u00bb-50px||100px||false|false\u00a0\u00bb custom_margin_tablet=\u00a0\u00bb-20px||||false|false\u00a0\u00bb custom_margin_phone=\u00a0\u00bb-20px||||false|false\u00a0\u00bb custom_margin_last_edited=\u00a0\u00bbon|phone\u00a0\u00bb animation_style=\u00a0\u00bbslide\u00a0\u00bb global_colors_info=\u00a0\u00bb{}\u00a0\u00bb][\/et_pb_image][\/et_pb_column][\/et_pb_row][\/et_pb_section][et_pb_section fb_built=\u00a0\u00bb1&Prime; _builder_version=\u00a0\u00bb4.20.4&Prime; _module_preset=\u00a0\u00bbdefault\u00a0\u00bb custom_padding=\u00a0\u00bb||0px|||\u00a0\u00bb global_colors_info=\u00a0\u00bb{}\u00a0\u00bb][et_pb_row column_structure=\u00a0\u00bb3_5,2_5&Prime; _builder_version=\u00a0\u00bb4.20.4&Prime; _module_preset=\u00a0\u00bbdefault\u00a0\u00bb global_colors_info=\u00a0\u00bb{}\u00a0\u00bb][et_pb_column type=\u00a0\u00bb3_5&Prime; _builder_version=\u00a0\u00bb4.20.4&Prime; _module_preset=\u00a0\u00bbdefault\u00a0\u00bb global_colors_info=\u00a0\u00bb{}\u00a0\u00bb][et_pb_text _builder_version=\u00a0\u00bb4.27.4&Prime; _module_preset=\u00a0\u00bbdefault\u00a0\u00bb text_font=\u00a0\u00bbcadtech||||||||\u00a0\u00bb text_text_color=\u00a0\u00bb#707070&Prime; text_font_size=\u00a0\u00bb40px\u00a0\u00bb text_line_height=\u00a0\u00bb51px\u00a0\u00bb global_colors_info=\u00a0\u00bb{}\u00a0\u00bb]<\/p>\n<p><span style=\"color: #333399;\"><strong>Innovation durable<\/strong><\/span> gr\u00e2ce aux mondes virtuels<\/p>\n<p>[\/et_pb_text][et_pb_text _builder_version=\u00a0\u00bb4.27.4&Prime; _module_preset=\u00a0\u00bbdefault\u00a0\u00bb text_font=\u00a0\u00bbCtgroup Regular||||||||\u00a0\u00bb global_colors_info=\u00a0\u00bb{}\u00a0\u00bb]<\/p>\n<p style=\"text-align: justify;\">Depuis 1981, <strong>Dassault Syst\u00e8mes<\/strong> est pionnier dans la cr\u00e9ation de <strong>mondes virtuels qui am\u00e9liorent la vie r\u00e9elle<\/strong>, en impulsant la transformation de secteurs cl\u00e9s tels que <strong>l\u2019a\u00e9ronautique, l\u2019automobile, l\u2019\u00e9nergie, la sant\u00e9 et la fabrication industrielle<\/strong>. Sa plateforme <strong>3DEXPERIENCE\u00ae<\/strong> permet aux entreprises et aux individus de collaborer, concevoir et simuler de mani\u00e8re innovante, cr\u00e9ant ainsi des solutions durables \u00e0 impact r\u00e9el.<\/p>\n<p style=\"text-align: justify;\">Aujourd\u2019hui, <strong>avec plus de 370 000 clients dans tous les secteurs<\/strong>, Dassault Syst\u00e8mes m\u00e8ne la transition vers la Generative Economy, un mod\u00e8le o\u00f9 les jumeaux virtuels, l\u2019intelligence artificielle et la durabilit\u00e9 convergent pour r\u00e9volutionner le cycle de vie des produits et des services.<\/p>\n<p>[\/et_pb_text][\/et_pb_column][et_pb_column type=\u00a0\u00bb2_5&Prime; _builder_version=\u00a0\u00bb4.20.4&Prime; _module_preset=\u00a0\u00bbdefault\u00a0\u00bb global_colors_info=\u00a0\u00bb{}\u00a0\u00bb][et_pb_image src=\u00a0\u00bbhttps:\/\/cadtech.es\/wp-content\/uploads\/2025\/03\/3DEXPERIENCE-DASSAULT-SYSTEMES.jpg\u00a0\u00bb title_text=\u00a0\u00bb3DEXPERIENCE DASSAULT SYST\u00c8MES\u00a0\u00bb _builder_version=\u00a0\u00bb4.27.4&Prime; _module_preset=\u00a0\u00bbdefault\u00a0\u00bb global_colors_info=\u00a0\u00bb{}\u00a0\u00bb][\/et_pb_image][\/et_pb_column][\/et_pb_row][\/et_pb_section][et_pb_section fb_built=\u00a0\u00bb1&Prime; _builder_version=\u00a0\u00bb4.26.1&Prime; _module_preset=\u00a0\u00bbdefault\u00a0\u00bb background_color=\u00a0\u00bbRGBA(255,255,255,0)\u00a0\u00bb background_enable_image=\u00a0\u00bboff\u00a0\u00bb background_size=\u00a0\u00bbinitial\u00a0\u00bb background_position=\u00a0\u00bbtop_left\u00a0\u00bb background_horizontal_offset=\u00a0\u00bb30%\u00a0\u00bb background_vertical_offset=\u00a0\u00bb0%\u00a0\u00bb background_blend=\u00a0\u00bbscreen\u00a0\u00bb min_height=\u00a0\u00bb259.4px\u00a0\u00bb custom_margin=\u00a0\u00bb-33px||||false|false\u00a0\u00bb custom_padding=\u00a0\u00bb0px|||||\u00a0\u00bb global_colors_info=\u00a0\u00bb{}\u00a0\u00bb][et_pb_row _builder_version=\u00a0\u00bb4.26.1&Prime; _module_preset=\u00a0\u00bbdefault\u00a0\u00bb background_enable_color=\u00a0\u00bboff\u00a0\u00bb custom_margin=\u00a0\u00bb-19px|auto|0px|auto|false|false\u00a0\u00bb custom_margin_tablet=\u00a0\u00bb50px||||false|false\u00a0\u00bb custom_margin_phone=\u00a0\u00bb-200px||||false|false\u00a0\u00bb custom_margin_last_edited=\u00a0\u00bbon|tablet\u00a0\u00bb custom_padding=\u00a0\u00bb0px||0px||false|false\u00a0\u00bb animation_style=\u00a0\u00bbslide\u00a0\u00bb animation_direction=\u00a0\u00bbbottom\u00a0\u00bb global_colors_info=\u00a0\u00bb{}\u00a0\u00bb][et_pb_column type=\u00a0\u00bb4_4&Prime; _builder_version=\u00a0\u00bb4.21.0&Prime; _module_preset=\u00a0\u00bbdefault\u00a0\u00bb global_colors_info=\u00a0\u00bb{}\u00a0\u00bb][et_pb_text content_tablet=\u00a0\u00bb<\/p>\n<h2 style=%22text-align: center;%22>CADTECH, Partner de Dassault Syst\u00e8mes<\/h2>\n<h2 style=%22text-align: center;%22>desde 1987<\/h2>\n<p>\u00a0\u00bb content_phone=\u00a0\u00bb<\/p>\n<h2 style=%22text-align: center;%22>CADTECH, Partner de Dassault Syst\u00e8mes<\/h2>\n<h2 style=%22text-align: center;%22>desde 1987<\/h2>\n<p>\u00a0\u00bb content_last_edited=\u00a0\u00bbon|phone\u00a0\u00bb _builder_version=\u00a0\u00bb4.27.4&Prime; _module_preset=\u00a0\u00bbdefault\u00a0\u00bb text_font=\u00a0\u00bbCTgroup Bold||||||||\u00a0\u00bb text_text_color=\u00a0\u00bb#f2a900&Prime; text_font_size=\u00a0\u00bb24px\u00a0\u00bb text_orientation=\u00a0\u00bbcenter\u00a0\u00bb min_height=\u00a0\u00bb20px\u00a0\u00bb custom_margin=\u00a0\u00bb50px||-2px|85px|false|false\u00a0\u00bb custom_margin_tablet=\u00a0\u00bb50px||-2px|0px|false|false\u00a0\u00bb custom_margin_phone=\u00a0\u00bb200px||-2px|0px|false|false\u00a0\u00bb custom_margin_last_edited=\u00a0\u00bbon|phone\u00a0\u00bb custom_padding=\u00a0\u00bb||0px|||\u00a0\u00bb global_colors_info=\u00a0\u00bb{}\u00a0\u00bb]<\/p>\n<h2 style=\"text-align: center;\">CADTECH, partenaire de Dassault Syst\u00e8mes<br \/>depuis 1988<\/h2>\n<p>[\/et_pb_text][et_pb_image src=\u00a0\u00bbhttps:\/\/cadtech.es\/wp-content\/uploads\/2025\/02\/3DS_2020_VS_PLATINUM-CADTECH.png\u00a0\u00bb title_text=\u00a0\u00bb3DS_2020_VS_PLATINUM CADTECH\u00a0\u00bb _builder_version=\u00a0\u00bb4.27.4&Prime; _module_preset=\u00a0\u00bbdefault\u00a0\u00bb width=\u00a0\u00bb15%\u00a0\u00bb width_tablet=\u00a0\u00bb15%\u00a0\u00bb width_phone=\u00a0\u00bb40%\u00a0\u00bb width_last_edited=\u00a0\u00bbon|phone\u00a0\u00bb module_alignment=\u00a0\u00bbcenter\u00a0\u00bb global_colors_info=\u00a0\u00bb{}\u00a0\u00bb][\/et_pb_image][\/et_pb_column][\/et_pb_row][et_pb_row _builder_version=\u00a0\u00bb4.27.4&Prime; _module_preset=\u00a0\u00bbdefault\u00a0\u00bb global_colors_info=\u00a0\u00bb{}\u00a0\u00bb][et_pb_column type=\u00a0\u00bb4_4&Prime; _builder_version=\u00a0\u00bb4.27.4&Prime; _module_preset=\u00a0\u00bbdefault\u00a0\u00bb global_colors_info=\u00a0\u00bb{}\u00a0\u00bb][dsm_button button_one_text=\u00a0\u00bbVisitez le site web corporatif de Dassault Syst\u00e8mes\u00a0\u00bb button_one_url=\u00a0\u00bbhttps:\/\/www.3ds.com\/\u00a0\u00bb button_one_lightbox_close_color=\u00a0\u00bb#012d9a\u00a0\u00bb button_alignment=\u00a0\u00bbcenter\u00a0\u00bb _builder_version=\u00a0\u00bb4.27.4&Prime; _module_preset=\u00a0\u00bbdefault\u00a0\u00bb custom_margin=\u00a0\u00bb53px|||||\u00a0\u00bb global_colors_info=\u00a0\u00bb{}\u00a0\u00bb][\/dsm_button][\/et_pb_column][\/et_pb_row][\/et_pb_section]<\/p>\n","protected":false},"excerpt":{"rendered":"<p>Dassault Syst\u00e8mes&nbsp; Virtual Worlds for Real LifeInnovation durable gr\u00e2ce aux mondes virtuelsDepuis 1981, Dassault Syst\u00e8mes est pionnier dans la cr\u00e9ation de mondes virtuels qui am\u00e9liorent la vie r\u00e9elle, en impulsant la transformation de secteurs cl\u00e9s tels que l\u2019a\u00e9ronautique, l\u2019automobile, l\u2019\u00e9nergie, la sant\u00e9 et la fabrication industrielle. Sa plateforme 3DEXPERIENCE\u00ae permet aux entreprises et aux individus de collaborer, concevoir et simuler de mani\u00e8re innovante, cr\u00e9ant ainsi des solutions durables \u00e0 impact r\u00e9el. Aujourd\u2019hui, avec plus de 370 000 clients dans tous les secteurs, Dassault Syst\u00e8mes m\u00e8ne la transition vers la Generative Economy, un mod\u00e8le o\u00f9 les jumeaux virtuels, l\u2019intelligence artificielle et la durabilit\u00e9 convergent pour r\u00e9volutionner le cycle de vie des produits et des services.CADTECH, partenaire de Dassault Syst\u00e8mesdepuis 1988<div class=\"et_pb_module dsm_button dsm_button_0 et_pb_bg_layout_light\">\n\t\t\t\t\n\t\t\t\t\n\t\t\t\t\n\t\t\t\t\n\t\t\t\t\n\t\t\t\t\n\t\t\t\t<div class=\"et_pb_module_inner\">\n\t\t\t\t\t<div class=\"et_pb_button_module_wrappers dsm_button_0_wrapper et_pb_button_alignment_center et_pb_module\">\r\n\t\t\t\t<a class=\"et_pb_button et_pb_button_one et_pb_bg_layout_light dsm-none \"  href=https:\/\/www.3ds.com\/ data-dsm-lightbox-id=\"dsm_button_one_lightbox dsm_button_0\"><span>Visitez le site web corporatif de Dassault Syst\u00e8mes<\/span><\/a>\r\n\t\t\t<\/div>\n\t\t\t\t<\/div>\n\t\t\t<\/div><\/p>\n","protected":false},"author":2,"featured_media":0,"parent":0,"menu_order":0,"comment_status":"closed","ping_status":"closed","template":"","meta":{"_acf_changed":false,"_et_pb_use_builder":"on","_et_pb_old_content":"","_et_gb_content_width":"","footnotes":""},"class_list":["post-266735","page","type-page","status-publish","hentry"],"acf":[],"yoast_head":"<!-- This site is optimized with the Yoast SEO plugin v27.3 - https:\/\/yoast.com\/product\/yoast-seo-wordpress\/ -->\n<title>Dassault Syst\u00e8mes - Cadtech<\/title>\n<meta name=\"description\" content=\"Nous r\u00e9volutionnons le cycle de vie des produits et des services en tant que partenaires de Dassault Syst\u00e8mes, leader dans la progression vers la Generative Economy.\" \/>\n<meta name=\"robots\" content=\"index, follow, max-snippet:-1, max-image-preview:large, max-video-preview:-1\" \/>\n<link rel=\"canonical\" href=\"https:\/\/cadtech.es\/fr\/dassault-systemes\/\" \/>\n<meta property=\"og:locale\" content=\"fr_FR\" \/>\n<meta property=\"og:type\" content=\"article\" \/>\n<meta property=\"og:title\" content=\"Dassault Syst\u00e8mes - Cadtech\" \/>\n<meta property=\"og:description\" content=\"Nous r\u00e9volutionnons le cycle de vie des produits et des services en tant que partenaires de Dassault Syst\u00e8mes, leader dans la progression vers la Generative Economy.\" \/>\n<meta property=\"og:url\" content=\"https:\/\/cadtech.es\/fr\/dassault-systemes\/\" \/>\n<meta property=\"og:site_name\" content=\"Cadtech\" \/>\n<meta property=\"article:modified_time\" content=\"2026-02-05T09:32:56+00:00\" \/>\n<meta name=\"twitter:card\" content=\"summary_large_image\" \/>\n<meta name=\"twitter:label1\" content=\"Dur\u00e9e de lecture estim\u00e9e\" \/>\n\t<meta name=\"twitter:data1\" content=\"2 minutes\" \/>\n<script type=\"application\/ld+json\" class=\"yoast-schema-graph\">{\"@context\":\"https:\\\/\\\/schema.org\",\"@graph\":[{\"@type\":\"WebPage\",\"@id\":\"https:\\\/\\\/cadtech.es\\\/fr\\\/dassault-systemes\\\/\",\"url\":\"https:\\\/\\\/cadtech.es\\\/fr\\\/dassault-systemes\\\/\",\"name\":\"Dassault Syst\u00e8mes - Cadtech\",\"isPartOf\":{\"@id\":\"https:\\\/\\\/cadtech.es\\\/#website\"},\"datePublished\":\"2025-03-17T21:24:37+00:00\",\"dateModified\":\"2026-02-05T09:32:56+00:00\",\"description\":\"Nous r\u00e9volutionnons le cycle de vie des produits et des services en tant que partenaires de Dassault Syst\u00e8mes, leader dans la progression vers la Generative Economy.\",\"breadcrumb\":{\"@id\":\"https:\\\/\\\/cadtech.es\\\/fr\\\/dassault-systemes\\\/#breadcrumb\"},\"inLanguage\":\"fr-FR\",\"potentialAction\":[{\"@type\":\"ReadAction\",\"target\":[\"https:\\\/\\\/cadtech.es\\\/fr\\\/dassault-systemes\\\/\"]}]},{\"@type\":\"BreadcrumbList\",\"@id\":\"https:\\\/\\\/cadtech.es\\\/fr\\\/dassault-systemes\\\/#breadcrumb\",\"itemListElement\":[{\"@type\":\"ListItem\",\"position\":1,\"name\":\"Portada\",\"item\":\"https:\\\/\\\/cadtech.es\\\/fr\\\/\"},{\"@type\":\"ListItem\",\"position\":2,\"name\":\"Dassault Syst\u00e8mes\"}]},{\"@type\":\"WebSite\",\"@id\":\"https:\\\/\\\/cadtech.es\\\/#website\",\"url\":\"https:\\\/\\\/cadtech.es\\\/\",\"name\":\"Cadtech\",\"description\":\"Consultor\u00eda e implantaci\u00f3n de soluciones de software\",\"publisher\":{\"@id\":\"https:\\\/\\\/cadtech.es\\\/#organization\"},\"potentialAction\":[{\"@type\":\"SearchAction\",\"target\":{\"@type\":\"EntryPoint\",\"urlTemplate\":\"https:\\\/\\\/cadtech.es\\\/?s={search_term_string}\"},\"query-input\":{\"@type\":\"PropertyValueSpecification\",\"valueRequired\":true,\"valueName\":\"search_term_string\"}}],\"inLanguage\":\"fr-FR\"},{\"@type\":\"Organization\",\"@id\":\"https:\\\/\\\/cadtech.es\\\/#organization\",\"name\":\"Cadtech\",\"url\":\"https:\\\/\\\/cadtech.es\\\/\",\"logo\":{\"@type\":\"ImageObject\",\"inLanguage\":\"fr-FR\",\"@id\":\"https:\\\/\\\/cadtech.es\\\/#\\\/schema\\\/logo\\\/image\\\/\",\"url\":\"https:\\\/\\\/cadtech.es\\\/wp-content\\\/uploads\\\/2025\\\/06\\\/LogoCadtech2023.png\",\"contentUrl\":\"https:\\\/\\\/cadtech.es\\\/wp-content\\\/uploads\\\/2025\\\/06\\\/LogoCadtech2023.png\",\"width\":127,\"height\":61,\"caption\":\"Cadtech\"},\"image\":{\"@id\":\"https:\\\/\\\/cadtech.es\\\/#\\\/schema\\\/logo\\\/image\\\/\"},\"sameAs\":[\"https:\\\/\\\/www.linkedin.com\\\/company\\\/cadtech?trk=biz-companies-cym\",\"https:\\\/\\\/www.youtube.com\\\/user\\\/CadTechIberica\"]}]}<\/script>\n<!-- \/ Yoast SEO plugin. -->","yoast_head_json":{"title":"Dassault Syst\u00e8mes - Cadtech","description":"Nous r\u00e9volutionnons le cycle de vie des produits et des services en tant que partenaires de Dassault Syst\u00e8mes, leader dans la progression vers la Generative Economy.","robots":{"index":"index","follow":"follow","max-snippet":"max-snippet:-1","max-image-preview":"max-image-preview:large","max-video-preview":"max-video-preview:-1"},"canonical":"https:\/\/cadtech.es\/fr\/dassault-systemes\/","og_locale":"fr_FR","og_type":"article","og_title":"Dassault Syst\u00e8mes - Cadtech","og_description":"Nous r\u00e9volutionnons le cycle de vie des produits et des services en tant que partenaires de Dassault Syst\u00e8mes, leader dans la progression vers la Generative Economy.","og_url":"https:\/\/cadtech.es\/fr\/dassault-systemes\/","og_site_name":"Cadtech","article_modified_time":"2026-02-05T09:32:56+00:00","twitter_card":"summary_large_image","twitter_misc":{"Dur\u00e9e de lecture estim\u00e9e":"2 minutes"},"schema":{"@context":"https:\/\/schema.org","@graph":[{"@type":"WebPage","@id":"https:\/\/cadtech.es\/fr\/dassault-systemes\/","url":"https:\/\/cadtech.es\/fr\/dassault-systemes\/","name":"Dassault Syst\u00e8mes - Cadtech","isPartOf":{"@id":"https:\/\/cadtech.es\/#website"},"datePublished":"2025-03-17T21:24:37+00:00","dateModified":"2026-02-05T09:32:56+00:00","description":"Nous r\u00e9volutionnons le cycle de vie des produits et des services en tant que partenaires de Dassault Syst\u00e8mes, leader dans la progression vers la Generative Economy.","breadcrumb":{"@id":"https:\/\/cadtech.es\/fr\/dassault-systemes\/#breadcrumb"},"inLanguage":"fr-FR","potentialAction":[{"@type":"ReadAction","target":["https:\/\/cadtech.es\/fr\/dassault-systemes\/"]}]},{"@type":"BreadcrumbList","@id":"https:\/\/cadtech.es\/fr\/dassault-systemes\/#breadcrumb","itemListElement":[{"@type":"ListItem","position":1,"name":"Portada","item":"https:\/\/cadtech.es\/fr\/"},{"@type":"ListItem","position":2,"name":"Dassault Syst\u00e8mes"}]},{"@type":"WebSite","@id":"https:\/\/cadtech.es\/#website","url":"https:\/\/cadtech.es\/","name":"Cadtech","description":"Consultor\u00eda e implantaci\u00f3n de soluciones de software","publisher":{"@id":"https:\/\/cadtech.es\/#organization"},"potentialAction":[{"@type":"SearchAction","target":{"@type":"EntryPoint","urlTemplate":"https:\/\/cadtech.es\/?s={search_term_string}"},"query-input":{"@type":"PropertyValueSpecification","valueRequired":true,"valueName":"search_term_string"}}],"inLanguage":"fr-FR"},{"@type":"Organization","@id":"https:\/\/cadtech.es\/#organization","name":"Cadtech","url":"https:\/\/cadtech.es\/","logo":{"@type":"ImageObject","inLanguage":"fr-FR","@id":"https:\/\/cadtech.es\/#\/schema\/logo\/image\/","url":"https:\/\/cadtech.es\/wp-content\/uploads\/2025\/06\/LogoCadtech2023.png","contentUrl":"https:\/\/cadtech.es\/wp-content\/uploads\/2025\/06\/LogoCadtech2023.png","width":127,"height":61,"caption":"Cadtech"},"image":{"@id":"https:\/\/cadtech.es\/#\/schema\/logo\/image\/"},"sameAs":["https:\/\/www.linkedin.com\/company\/cadtech?trk=biz-companies-cym","https:\/\/www.youtube.com\/user\/CadTechIberica"]}]}},"_links":{"self":[{"href":"https:\/\/cadtech.es\/fr\/wp-json\/wp\/v2\/pages\/266735","targetHints":{"allow":["GET"]}}],"collection":[{"href":"https:\/\/cadtech.es\/fr\/wp-json\/wp\/v2\/pages"}],"about":[{"href":"https:\/\/cadtech.es\/fr\/wp-json\/wp\/v2\/types\/page"}],"author":[{"embeddable":true,"href":"https:\/\/cadtech.es\/fr\/wp-json\/wp\/v2\/users\/2"}],"replies":[{"embeddable":true,"href":"https:\/\/cadtech.es\/fr\/wp-json\/wp\/v2\/comments?post=266735"}],"version-history":[{"count":4,"href":"https:\/\/cadtech.es\/fr\/wp-json\/wp\/v2\/pages\/266735\/revisions"}],"predecessor-version":[{"id":270073,"href":"https:\/\/cadtech.es\/fr\/wp-json\/wp\/v2\/pages\/266735\/revisions\/270073"}],"wp:attachment":[{"href":"https:\/\/cadtech.es\/fr\/wp-json\/wp\/v2\/media?parent=266735"}],"curies":[{"name":"wp","href":"https:\/\/api.w.org\/{rel}","templated":true}]}}