{"id":268079,"date":"2025-03-21T10:05:41","date_gmt":"2025-03-21T09:05:41","guid":{"rendered":"https:\/\/cadtech.es\/desarrollos-especificos\/"},"modified":"2026-03-16T09:42:28","modified_gmt":"2026-03-16T08:42:28","slug":"desarrollos-especificos","status":"publish","type":"page","link":"https:\/\/cadtech.es\/fr\/servicios\/desarrollos-especificos\/","title":{"rendered":"D\u00e9veloppements sp\u00e9cifiques"},"content":{"rendered":"<p>[et_pb_section fb_built=\u00a0\u00bb1&Prime; _builder_version=\u00a0\u00bb4.27.4&Prime; _module_preset=\u00a0\u00bbdefault\u00a0\u00bb background_color=\u00a0\u00bb#f7f7f7&Prime; use_background_color_gradient=\u00a0\u00bbon\u00a0\u00bb background_color_gradient_stops=\u00a0\u00bb#2b87da 50%|#f7f7f7 50%\u00a0\u00bb background_image=\u00a0\u00bbhttps:\/\/cadtech.es\/wp-content\/uploads\/2025\/03\/Desarrollos-especificos-ingenieria-CADTECH-scaled.webp\u00a0\u00bb height=\u00a0\u00bb400px\u00a0\u00bb custom_margin=\u00a0\u00bb||300px||false|false\u00a0\u00bb global_colors_info=\u00a0\u00bb{}\u00a0\u00bb][et_pb_row column_structure=\u00a0\u00bb1_2,1_2&Prime; _builder_version=\u00a0\u00bb4.21.0&Prime; _module_preset=\u00a0\u00bbdefault\u00a0\u00bb background_color=\u00a0\u00bb#ffffff\u00a0\u00bb vertical_offset=\u00a0\u00bb300px\u00a0\u00bb width=\u00a0\u00bb100%\u00a0\u00bb custom_margin=\u00a0\u00bb||50px||false|false\u00a0\u00bb custom_padding=\u00a0\u00bb50px|50px|50px|50px|false|false\u00a0\u00bb global_colors_info=\u00a0\u00bb{}\u00a0\u00bb][et_pb_column type=\u00a0\u00bb1_2&Prime; _builder_version=\u00a0\u00bb4.20.4&Prime; _module_preset=\u00a0\u00bbdefault\u00a0\u00bb global_colors_info=\u00a0\u00bb{}\u00a0\u00bb][et_pb_text content_tablet=\u00a0\u00bb<\/p>\n<p>Chez CADTECH, nous nous consacrons \u00e0 collaborer avec vous dans le d\u00e9veloppement d\u2019applications et d\u2019automatisations con\u00e7ues pour optimiser vos processus de conception et industriels, couvrant l\u2019ensemble du cycle de vie du produit.<\/p>\n<p>Avec plus de 37 ans d\u2019exp\u00e9rience dans le secteur industriel, nous avons \u00e9t\u00e9 confront\u00e9s \u00e0 de nombreuses situations o\u00f9, au-del\u00e0 des capacit\u00e9s standard des solutions logicielles, les entreprises continuent de faire face \u00e0 des besoins sp\u00e9cifiques.<\/p>\n<p>Gr\u00e2ce \u00e0 des d\u00e9veloppements personnalis\u00e9s, nous r\u00e9pondons \u00e0 ces besoins en nous adaptant \u00e0 la casuistique et aux particularit\u00e9s de chaque entreprise.<\/p>\n<p>Notre \u00e9quipe d\u2019ing\u00e9nieurs experts en programmation est l\u00e0 pour vous fournir des solutions sur mesure qui optimisent non seulement votre efficacit\u00e9, mais renforcent \u00e9galement votre comp\u00e9titivit\u00e9 sur le march\u00e9.<\/p>\n<p>\u00a0\u00bb content_phone=\u00a0\u00bb<\/p>\n<p>Chez CADTECH, nous nous consacrons \u00e0 collaborer avec vous dans le d\u00e9veloppement d\u2019applications et d\u2019automatisations con\u00e7ues pour optimiser vos processus de conception et industriels, couvrant l\u2019ensemble du cycle de vie du produit.<\/p>\n<p>Avec plus de 37 ans d\u2019exp\u00e9rience dans le secteur industriel, nous avons \u00e9t\u00e9 confront\u00e9s \u00e0 de nombreuses situations o\u00f9, au-del\u00e0 des capacit\u00e9s standard des solutions logicielles, les entreprises continuent de faire face \u00e0 des besoins sp\u00e9cifiques.<\/p>\n<p>Gr\u00e2ce \u00e0 des d\u00e9veloppements personnalis\u00e9s, nous r\u00e9pondons \u00e0 ces besoins en nous adaptant \u00e0 la casuistique et aux particularit\u00e9s de chaque entreprise.<\/p>\n<p>Notre \u00e9quipe d\u2019ing\u00e9nieurs experts en programmation est l\u00e0 pour vous fournir des solutions sur mesure qui optimisent non seulement votre efficacit\u00e9, mais renforcent \u00e9galement votre comp\u00e9titivit\u00e9 sur le march\u00e9.<\/p>\n<p>\u00a0\u00bb content_last_edited=\u00a0\u00bbon|phone\u00a0\u00bb _builder_version=\u00a0\u00bb4.27.5&Prime; _module_preset=\u00a0\u00bbdefault\u00a0\u00bb text_font=\u00a0\u00bbCtgroup Regular||||||||\u00a0\u00bb text_font_size=\u00a0\u00bb17px\u00a0\u00bb text_line_height=\u00a0\u00bb1.4em\u00a0\u00bb background_color=\u00a0\u00bbRGBA(255,255,255,0)\u00a0\u00bb custom_margin=\u00a0\u00bb||300px||false|false\u00a0\u00bb custom_padding=\u00a0\u00bb||0px||false|false\u00a0\u00bb animation_style=\u00a0\u00bbslide\u00a0\u00bb animation_direction=\u00a0\u00bbbottom\u00a0\u00bb global_colors_info=\u00a0\u00bb{}\u00a0\u00bb]<\/p>\n<p>Chez CADTECH, nous nous consacrons \u00e0 collaborer avec vous dans le d\u00e9veloppement <strong>d\u2019applications et d\u2019automatisations<\/strong> con\u00e7ues pour optimiser vos processus de conception et industriels, couvrant <strong>l\u2019ensemble du cycle de vie du produit<\/strong>.<\/p>\n<p>Avec plus de 37 ans d\u2019exp\u00e9rience dans le secteur industriel, nous avons \u00e9t\u00e9 confront\u00e9s \u00e0 de nombreuses situations o\u00f9, au-del\u00e0 des capacit\u00e9s standard des solutions logicielles, les entreprises continuent de faire face \u00e0 des <strong>besoins sp\u00e9cifiques<\/strong>.<\/p>\n<p>[\/et_pb_text][et_pb_text _builder_version=\u00a0\u00bb4.27.5&Prime; _module_preset=\u00a0\u00bbdefault\u00a0\u00bb text_font=\u00a0\u00bbCTgroup Bold||||||||\u00a0\u00bb text_text_color=\u00a0\u00bb#ffffff\u00a0\u00bb positioning=\u00a0\u00bbabsolute\u00a0\u00bb width=\u00a0\u00bb100%\u00a0\u00bb custom_margin=\u00a0\u00bb-200px||||false|false\u00a0\u00bb global_colors_info=\u00a0\u00bb{}\u00a0\u00bb]<\/p>\n<h1><span>D\u00e9veloppements sp\u00e9cifiques<\/span><\/h1>\n<p>&nbsp;<\/p>\n<p>[\/et_pb_text][\/et_pb_column][et_pb_column type=\u00a0\u00bb1_2&Prime; _builder_version=\u00a0\u00bb4.20.4&Prime; _module_preset=\u00a0\u00bbdefault\u00a0\u00bb global_colors_info=\u00a0\u00bb{}\u00a0\u00bb][et_pb_text disabled_on=\u00a0\u00bbon|on|off\u00a0\u00bb _builder_version=\u00a0\u00bb4.27.5&Prime; _module_preset=\u00a0\u00bbdefault\u00a0\u00bb text_font=\u00a0\u00bbCtgroup Regular||||||||\u00a0\u00bb text_font_size=\u00a0\u00bb17px\u00a0\u00bb text_line_height=\u00a0\u00bb1.4em\u00a0\u00bb background_color=\u00a0\u00bbRGBA(255,255,255,0)\u00a0\u00bb custom_margin=\u00a0\u00bb0px||||false|false\u00a0\u00bb custom_margin_tablet=\u00a0\u00bb0px||||false|false\u00a0\u00bb custom_margin_phone=\u00a0\u00bb0px||||false|false\u00a0\u00bb custom_margin_last_edited=\u00a0\u00bbon|desktop\u00a0\u00bb custom_padding=\u00a0\u00bb||||false|false\u00a0\u00bb custom_padding_tablet=\u00a0\u00bb0px||||false|false\u00a0\u00bb custom_padding_phone=\u00a0\u00bb0px||||false|false\u00a0\u00bb custom_padding_last_edited=\u00a0\u00bbon|phone\u00a0\u00bb animation_style=\u00a0\u00bbslide\u00a0\u00bb animation_direction=\u00a0\u00bbbottom\u00a0\u00bb global_colors_info=\u00a0\u00bb{}\u00a0\u00bb]<\/p>\n<p>Gr\u00e2ce \u00e0 des <strong>d\u00e9veloppements personnalis\u00e9s<\/strong>, nous r\u00e9pondons \u00e0 ces besoins en nous adaptant \u00e0 la casuistique et aux particularit\u00e9s de chaque entreprise.<\/p>\n<p>Notre \u00e9quipe d\u2019ing\u00e9nieurs experts en programmation est l\u00e0 pour vous fournir des solutions sur mesure qui optimisent non seulement votre <strong>efficacit\u00e9<\/strong>, mais renforcent \u00e9galement votre <strong>comp\u00e9titivit<\/strong>\u00e9 sur le march\u00e9.<\/p>\n<p>[\/et_pb_text][\/et_pb_column][\/et_pb_row][\/et_pb_section][et_pb_section fb_built=\u00a0\u00bb1&Prime; _builder_version=\u00a0\u00bb4.27.4&Prime; _module_preset=\u00a0\u00bbdefault\u00a0\u00bb global_colors_info=\u00a0\u00bb{}\u00a0\u00bb][et_pb_row _builder_version=\u00a0\u00bb4.27.4&Prime; _module_preset=\u00a0\u00bbdefault\u00a0\u00bb global_colors_info=\u00a0\u00bb{}\u00a0\u00bb][et_pb_column type=\u00a0\u00bb4_4&Prime; _builder_version=\u00a0\u00bb4.27.4&Prime; _module_preset=\u00a0\u00bbdefault\u00a0\u00bb global_colors_info=\u00a0\u00bb{}\u00a0\u00bb][et_pb_text _builder_version=\u00a0\u00bb4.27.5&Prime; _module_preset=\u00a0\u00bbdefault\u00a0\u00bb text_font=\u00a0\u00bbcadtech|700|||||||\u00a0\u00bb text_text_color=\u00a0\u00bb#012d9a\u00a0\u00bb text_font_size=\u00a0\u00bb20px\u00a0\u00bb text_line_height=\u00a0\u00bb1em\u00a0\u00bb custom_margin=\u00a0\u00bb50px||||false|false\u00a0\u00bb global_colors_info=\u00a0\u00bb{}\u00a0\u00bb]<\/p>\n<h2>Notre garantie de qualit\u00e9<\/h2>\n<p>[\/et_pb_text][\/et_pb_column][\/et_pb_row][et_pb_row column_structure=\u00a0\u00bb1_2,1_2&Prime; _builder_version=\u00a0\u00bb4.27.4&Prime; _module_preset=\u00a0\u00bbdefault\u00a0\u00bb global_colors_info=\u00a0\u00bb{}\u00a0\u00bb][et_pb_column type=\u00a0\u00bb1_2&Prime; _builder_version=\u00a0\u00bb4.27.4&Prime; _module_preset=\u00a0\u00bbdefault\u00a0\u00bb global_colors_info=\u00a0\u00bb{}\u00a0\u00bb][et_pb_blurb title=\u00a0\u00bbPlus de 37 ans d\u2019exp\u00e9rience\u00a0\u00bb image=\u00a0\u00bbhttps:\/\/cadtech.es\/wp-content\/uploads\/2025\/03\/sello-garantia-01-480&#215;480-1.png\u00a0\u00bb icon_placement=\u00a0\u00bbleft\u00a0\u00bb image_icon_width=\u00a0\u00bb75px\u00a0\u00bb _builder_version=\u00a0\u00bb4.27.5&Prime; _module_preset=\u00a0\u00bbdefault\u00a0\u00bb header_level=\u00a0\u00bbh3&Prime; header_font=\u00a0\u00bb&#8211;et_global_body_font|600|||||||\u00a0\u00bb header_text_color=\u00a0\u00bb#000000&Prime; header_font_size=\u00a0\u00bb18px\u00a0\u00bb global_colors_info=\u00a0\u00bb{}\u00a0\u00bb]<\/p>\n<p><span>Sp\u00e9cialistes des services li\u00e9s au conseil, \u00e0 l\u2019impl\u00e9mentation, \u00e0 la formation et \u00e0 la collaboration sur des projets d\u2019ing\u00e9nierie.<\/span><\/p>\n<p>[\/et_pb_blurb][\/et_pb_column][et_pb_column type=\u00a0\u00bb1_2&Prime; _builder_version=\u00a0\u00bb4.27.4&Prime; _module_preset=\u00a0\u00bbdefault\u00a0\u00bb global_colors_info=\u00a0\u00bb{}\u00a0\u00bb][et_pb_blurb title=\u00a0\u00bbPLM et digitalisation\u00a0\u00bb image=\u00a0\u00bbhttps:\/\/cadtech.es\/wp-content\/uploads\/2025\/03\/sello-garantia-02-480&#215;480-1.png\u00a0\u00bb icon_placement=\u00a0\u00bbleft\u00a0\u00bb image_icon_width=\u00a0\u00bb75px\u00a0\u00bb _builder_version=\u00a0\u00bb4.27.5&Prime; _module_preset=\u00a0\u00bbdefault\u00a0\u00bb header_level=\u00a0\u00bbh3&Prime; header_font=\u00a0\u00bb&#8211;et_global_body_font|600|||||||\u00a0\u00bb header_text_color=\u00a0\u00bb#000000&Prime; header_font_size=\u00a0\u00bb18px\u00a0\u00bb global_colors_info=\u00a0\u00bb{}\u00a0\u00bb]<\/p>\n<p><span>Experts en technologies li\u00e9es \u00e0 l\u2019ensemble du cycle de vie des produits.<\/span><\/p>\n<p>[\/et_pb_blurb][\/et_pb_column][\/et_pb_row][et_pb_row column_structure=\u00a0\u00bb1_2,1_2&Prime; _builder_version=\u00a0\u00bb4.27.4&Prime; _module_preset=\u00a0\u00bbdefault\u00a0\u00bb global_colors_info=\u00a0\u00bb{}\u00a0\u00bb][et_pb_column type=\u00a0\u00bb1_2&Prime; _builder_version=\u00a0\u00bb4.27.4&Prime; _module_preset=\u00a0\u00bbdefault\u00a0\u00bb global_colors_info=\u00a0\u00bb{}\u00a0\u00bb][et_pb_blurb title=\u00a0\u00bbServices agiles et personnalis\u00e9s\u00a0\u00bb image=\u00a0\u00bbhttps:\/\/cadtech.es\/wp-content\/uploads\/2025\/03\/sello-garantia-03-480&#215;480-1.png\u00a0\u00bb icon_placement=\u00a0\u00bbleft\u00a0\u00bb image_icon_width=\u00a0\u00bb75px\u00a0\u00bb _builder_version=\u00a0\u00bb4.27.5&Prime; _module_preset=\u00a0\u00bbdefault\u00a0\u00bb header_level=\u00a0\u00bbh3&Prime; header_font=\u00a0\u00bb&#8211;et_global_body_font|600|||||||\u00a0\u00bb header_text_color=\u00a0\u00bb#000000&Prime; header_font_size=\u00a0\u00bb18px\u00a0\u00bb global_colors_info=\u00a0\u00bb{}\u00a0\u00bb]<\/p>\n<p><span>Toujours engag\u00e9s \u00e0 comprendre et \u00e0 nous adapter aux besoins de nos clients, nous disposons de mod\u00e8les de support personnalis\u00e9s pour chacun d\u2019eux.<\/span><\/p>\n<p>[\/et_pb_blurb][\/et_pb_column][et_pb_column type=\u00a0\u00bb1_2&Prime; _builder_version=\u00a0\u00bb4.27.4&Prime; _module_preset=\u00a0\u00bbdefault\u00a0\u00bb global_colors_info=\u00a0\u00bb{}\u00a0\u00bb][et_pb_blurb title=\u00a0\u00bbLeaders en innovation technologique\u00a0\u00bb image=\u00a0\u00bbhttps:\/\/cadtech.es\/wp-content\/uploads\/2025\/03\/sello-garantia-04-480&#215;480-1.png\u00a0\u00bb icon_placement=\u00a0\u00bbleft\u00a0\u00bb image_icon_width=\u00a0\u00bb75px\u00a0\u00bb _builder_version=\u00a0\u00bb4.27.5&Prime; _module_preset=\u00a0\u00bbdefault\u00a0\u00bb header_level=\u00a0\u00bbh3&Prime; header_font=\u00a0\u00bb&#8211;et_global_body_font|600|||||||\u00a0\u00bb header_text_color=\u00a0\u00bb#000000&Prime; header_font_size=\u00a0\u00bb18px\u00a0\u00bb global_colors_info=\u00a0\u00bb{}\u00a0\u00bb]<\/p>\n<p><span>\u00c9quipe de services pluridisciplinaire et multi-fournisseurs, dot\u00e9e d\u2019une vaste exp\u00e9rience dans l\u2019ensemble des processus industriels.<\/span><\/p>\n<p>[\/et_pb_blurb][\/et_pb_column][\/et_pb_row][et_pb_row column_structure=\u00a0\u00bb1_2,1_2&Prime; _builder_version=\u00a0\u00bb4.27.4&Prime; _module_preset=\u00a0\u00bbdefault\u00a0\u00bb global_colors_info=\u00a0\u00bb{}\u00a0\u00bb][et_pb_column type=\u00a0\u00bb1_2&Prime; _builder_version=\u00a0\u00bb4.27.4&Prime; _module_preset=\u00a0\u00bbdefault\u00a0\u00bb global_colors_info=\u00a0\u00bb{}\u00a0\u00bb][et_pb_blurb title=\u00a0\u00bbPassionn\u00e9s par la technologie\u00a0\u00bb image=\u00a0\u00bbhttps:\/\/cadtech.es\/wp-content\/uploads\/2025\/03\/sello-garantia-05-480&#215;480-1.png\u00a0\u00bb icon_placement=\u00a0\u00bbleft\u00a0\u00bb image_icon_width=\u00a0\u00bb75px\u00a0\u00bb _builder_version=\u00a0\u00bb4.27.5&Prime; _module_preset=\u00a0\u00bbdefault\u00a0\u00bb header_level=\u00a0\u00bbh3&Prime; header_font=\u00a0\u00bb&#8211;et_global_body_font|600|||||||\u00a0\u00bb header_text_color=\u00a0\u00bb#000000&Prime; header_font_size=\u00a0\u00bb18px\u00a0\u00bb global_colors_info=\u00a0\u00bb{}\u00a0\u00bb]<\/p>\n<p><span>En tant que membre de\u00a0<\/span><strong>CT<\/strong><span>, nous disposons de toute l\u2019expertise n\u00e9cessaire pour une utilisation productive des outils.<\/span><\/p>\n<p>[\/et_pb_blurb][\/et_pb_column][et_pb_column type=\u00a0\u00bb1_2&Prime; _builder_version=\u00a0\u00bb4.27.4&Prime; _module_preset=\u00a0\u00bbdefault\u00a0\u00bb global_colors_info=\u00a0\u00bb{}\u00a0\u00bb][et_pb_blurb title=\u00a0\u00bbService Level Agreement (SLAs)\u00a0\u00bb image=\u00a0\u00bbhttps:\/\/cadtech.es\/wp-content\/uploads\/2025\/03\/sello-garantia-06-480&#215;480-1.png\u00a0\u00bb icon_placement=\u00a0\u00bbleft\u00a0\u00bb image_icon_width=\u00a0\u00bb75px\u00a0\u00bb _builder_version=\u00a0\u00bb4.27.5&Prime; _module_preset=\u00a0\u00bbdefault\u00a0\u00bb header_level=\u00a0\u00bbh3&Prime; header_font=\u00a0\u00bb&#8211;et_global_body_font|600|||||||\u00a0\u00bb header_text_color=\u00a0\u00bb#000000&Prime; header_font_size=\u00a0\u00bb18px\u00a0\u00bb global_colors_info=\u00a0\u00bb{}\u00a0\u00bb]<\/p>\n<p><span>Service de support avanc\u00e9 avec une couverture 5\u00d78 et une premi\u00e8re r\u00e9ponse en 4 heures.<\/span><\/p>\n<p>[\/et_pb_blurb][\/et_pb_column][\/et_pb_row][\/et_pb_section]<\/p>\n","protected":false},"excerpt":{"rendered":"<p>Chez CADTECH, nous nous consacrons \u00e0 collaborer avec vous dans le d\u00e9veloppement d\u2019applications et d\u2019automatisations con\u00e7ues pour optimiser vos processus de conception et industriels, couvrant l\u2019ensemble du cycle de vie du produit. Avec plus de 37 ans d\u2019exp\u00e9rience dans le secteur industriel, nous avons \u00e9t\u00e9 confront\u00e9s \u00e0 de nombreuses situations o\u00f9, au-del\u00e0 des capacit\u00e9s standard des solutions logicielles, les entreprises continuent de faire face \u00e0 des besoins sp\u00e9cifiques.D\u00e9veloppements sp\u00e9cifiques &nbsp;Gr\u00e2ce \u00e0 des d\u00e9veloppements personnalis\u00e9s, nous r\u00e9pondons \u00e0 ces besoins en nous adaptant \u00e0 la casuistique et aux particularit\u00e9s de chaque entreprise. Notre \u00e9quipe d\u2019ing\u00e9nieurs experts en programmation est l\u00e0 pour vous fournir des solutions sur mesure qui optimisent non seulement votre efficacit\u00e9, mais renforcent \u00e9galement votre comp\u00e9titivit\u00e9 sur le march\u00e9.Notre garantie de qualit\u00e9Sp\u00e9cialistes des services li\u00e9s au conseil, \u00e0 l\u2019impl\u00e9mentation, \u00e0 la formation et \u00e0 la collaboration sur des projets d\u2019ing\u00e9nierie.Experts en technologies li\u00e9es \u00e0 l\u2019ensemble du cycle de vie des produits.Toujours engag\u00e9s \u00e0 comprendre et \u00e0 nous adapter aux besoins de nos clients, nous disposons de mod\u00e8les de support personnalis\u00e9s pour chacun d\u2019eux.\u00c9quipe de services pluridisciplinaire et multi-fournisseurs, dot\u00e9e d\u2019une vaste exp\u00e9rience dans l\u2019ensemble des processus industriels.En tant que membre de\u00a0CT, nous disposons de toute l\u2019expertise n\u00e9cessaire pour une [&hellip;]<\/p>\n","protected":false},"author":1,"featured_media":0,"parent":268432,"menu_order":0,"comment_status":"closed","ping_status":"closed","template":"","meta":{"_acf_changed":false,"_et_pb_use_builder":"on","_et_pb_old_content":"","_et_gb_content_width":"","footnotes":""},"class_list":["post-268079","page","type-page","status-publish","hentry"],"acf":[],"yoast_head":"<!-- This site is optimized with the Yoast SEO plugin v27.3 - https:\/\/yoast.com\/product\/yoast-seo-wordpress\/ -->\n<title>D\u00e9veloppements sp\u00e9cifiques - Cadtech<\/title>\n<meta name=\"description\" content=\"Nous abordons des besoins num\u00e9riques sp\u00e9cifiques \u00e0 travers des d\u00e9veloppements personnalis\u00e9s, en nous adaptant \u00e0 la casuistique et aux particularit\u00e9s de chaque entreprise.\" \/>\n<meta name=\"robots\" content=\"index, follow, max-snippet:-1, max-image-preview:large, max-video-preview:-1\" \/>\n<link rel=\"canonical\" href=\"https:\/\/cadtech.es\/fr\/servicios\/desarrollos-especificos\/\" \/>\n<meta property=\"og:locale\" content=\"fr_FR\" \/>\n<meta property=\"og:type\" content=\"article\" \/>\n<meta property=\"og:title\" content=\"D\u00e9veloppements sp\u00e9cifiques - Cadtech\" \/>\n<meta property=\"og:description\" content=\"Nous abordons des besoins num\u00e9riques sp\u00e9cifiques \u00e0 travers des d\u00e9veloppements personnalis\u00e9s, en nous adaptant \u00e0 la casuistique et aux particularit\u00e9s de chaque entreprise.\" \/>\n<meta property=\"og:url\" content=\"https:\/\/cadtech.es\/fr\/servicios\/desarrollos-especificos\/\" \/>\n<meta property=\"og:site_name\" content=\"Cadtech\" \/>\n<meta property=\"article:modified_time\" content=\"2026-03-16T08:42:28+00:00\" \/>\n<meta name=\"twitter:card\" content=\"summary_large_image\" \/>\n<meta name=\"twitter:label1\" content=\"Dur\u00e9e de lecture estim\u00e9e\" \/>\n\t<meta name=\"twitter:data1\" content=\"4 minutes\" \/>\n<script type=\"application\/ld+json\" class=\"yoast-schema-graph\">{\"@context\":\"https:\\\/\\\/schema.org\",\"@graph\":[{\"@type\":\"WebPage\",\"@id\":\"https:\\\/\\\/cadtech.es\\\/fr\\\/servicios\\\/desarrollos-especificos\\\/\",\"url\":\"https:\\\/\\\/cadtech.es\\\/fr\\\/servicios\\\/desarrollos-especificos\\\/\",\"name\":\"D\u00e9veloppements sp\u00e9cifiques - Cadtech\",\"isPartOf\":{\"@id\":\"https:\\\/\\\/cadtech.es\\\/#website\"},\"datePublished\":\"2025-03-21T09:05:41+00:00\",\"dateModified\":\"2026-03-16T08:42:28+00:00\",\"description\":\"Nous abordons des besoins num\u00e9riques sp\u00e9cifiques \u00e0 travers des d\u00e9veloppements personnalis\u00e9s, en nous adaptant \u00e0 la casuistique et aux particularit\u00e9s de chaque entreprise.\",\"breadcrumb\":{\"@id\":\"https:\\\/\\\/cadtech.es\\\/fr\\\/servicios\\\/desarrollos-especificos\\\/#breadcrumb\"},\"inLanguage\":\"fr-FR\",\"potentialAction\":[{\"@type\":\"ReadAction\",\"target\":[\"https:\\\/\\\/cadtech.es\\\/fr\\\/servicios\\\/desarrollos-especificos\\\/\"]}]},{\"@type\":\"BreadcrumbList\",\"@id\":\"https:\\\/\\\/cadtech.es\\\/fr\\\/servicios\\\/desarrollos-especificos\\\/#breadcrumb\",\"itemListElement\":[{\"@type\":\"ListItem\",\"position\":1,\"name\":\"Portada\",\"item\":\"https:\\\/\\\/cadtech.es\\\/fr\\\/\"},{\"@type\":\"ListItem\",\"position\":2,\"name\":\"Services\",\"item\":\"https:\\\/\\\/cadtech.es\\\/fr\\\/servicios\\\/\"},{\"@type\":\"ListItem\",\"position\":3,\"name\":\"D\u00e9veloppements sp\u00e9cifiques\"}]},{\"@type\":\"WebSite\",\"@id\":\"https:\\\/\\\/cadtech.es\\\/#website\",\"url\":\"https:\\\/\\\/cadtech.es\\\/\",\"name\":\"Cadtech\",\"description\":\"Consultor\u00eda e implantaci\u00f3n de soluciones de software\",\"publisher\":{\"@id\":\"https:\\\/\\\/cadtech.es\\\/#organization\"},\"potentialAction\":[{\"@type\":\"SearchAction\",\"target\":{\"@type\":\"EntryPoint\",\"urlTemplate\":\"https:\\\/\\\/cadtech.es\\\/?s={search_term_string}\"},\"query-input\":{\"@type\":\"PropertyValueSpecification\",\"valueRequired\":true,\"valueName\":\"search_term_string\"}}],\"inLanguage\":\"fr-FR\"},{\"@type\":\"Organization\",\"@id\":\"https:\\\/\\\/cadtech.es\\\/#organization\",\"name\":\"Cadtech\",\"url\":\"https:\\\/\\\/cadtech.es\\\/\",\"logo\":{\"@type\":\"ImageObject\",\"inLanguage\":\"fr-FR\",\"@id\":\"https:\\\/\\\/cadtech.es\\\/#\\\/schema\\\/logo\\\/image\\\/\",\"url\":\"https:\\\/\\\/cadtech.es\\\/wp-content\\\/uploads\\\/2025\\\/06\\\/LogoCadtech2023.png\",\"contentUrl\":\"https:\\\/\\\/cadtech.es\\\/wp-content\\\/uploads\\\/2025\\\/06\\\/LogoCadtech2023.png\",\"width\":127,\"height\":61,\"caption\":\"Cadtech\"},\"image\":{\"@id\":\"https:\\\/\\\/cadtech.es\\\/#\\\/schema\\\/logo\\\/image\\\/\"},\"sameAs\":[\"https:\\\/\\\/www.linkedin.com\\\/company\\\/cadtech?trk=biz-companies-cym\",\"https:\\\/\\\/www.youtube.com\\\/user\\\/CadTechIberica\"]}]}<\/script>\n<!-- \/ Yoast SEO plugin. -->","yoast_head_json":{"title":"D\u00e9veloppements sp\u00e9cifiques - Cadtech","description":"Nous abordons des besoins num\u00e9riques sp\u00e9cifiques \u00e0 travers des d\u00e9veloppements personnalis\u00e9s, en nous adaptant \u00e0 la casuistique et aux particularit\u00e9s de chaque entreprise.","robots":{"index":"index","follow":"follow","max-snippet":"max-snippet:-1","max-image-preview":"max-image-preview:large","max-video-preview":"max-video-preview:-1"},"canonical":"https:\/\/cadtech.es\/fr\/servicios\/desarrollos-especificos\/","og_locale":"fr_FR","og_type":"article","og_title":"D\u00e9veloppements sp\u00e9cifiques - Cadtech","og_description":"Nous abordons des besoins num\u00e9riques sp\u00e9cifiques \u00e0 travers des d\u00e9veloppements personnalis\u00e9s, en nous adaptant \u00e0 la casuistique et aux particularit\u00e9s de chaque entreprise.","og_url":"https:\/\/cadtech.es\/fr\/servicios\/desarrollos-especificos\/","og_site_name":"Cadtech","article_modified_time":"2026-03-16T08:42:28+00:00","twitter_card":"summary_large_image","twitter_misc":{"Dur\u00e9e de lecture estim\u00e9e":"4 minutes"},"schema":{"@context":"https:\/\/schema.org","@graph":[{"@type":"WebPage","@id":"https:\/\/cadtech.es\/fr\/servicios\/desarrollos-especificos\/","url":"https:\/\/cadtech.es\/fr\/servicios\/desarrollos-especificos\/","name":"D\u00e9veloppements sp\u00e9cifiques - Cadtech","isPartOf":{"@id":"https:\/\/cadtech.es\/#website"},"datePublished":"2025-03-21T09:05:41+00:00","dateModified":"2026-03-16T08:42:28+00:00","description":"Nous abordons des besoins num\u00e9riques sp\u00e9cifiques \u00e0 travers des d\u00e9veloppements personnalis\u00e9s, en nous adaptant \u00e0 la casuistique et aux particularit\u00e9s de chaque entreprise.","breadcrumb":{"@id":"https:\/\/cadtech.es\/fr\/servicios\/desarrollos-especificos\/#breadcrumb"},"inLanguage":"fr-FR","potentialAction":[{"@type":"ReadAction","target":["https:\/\/cadtech.es\/fr\/servicios\/desarrollos-especificos\/"]}]},{"@type":"BreadcrumbList","@id":"https:\/\/cadtech.es\/fr\/servicios\/desarrollos-especificos\/#breadcrumb","itemListElement":[{"@type":"ListItem","position":1,"name":"Portada","item":"https:\/\/cadtech.es\/fr\/"},{"@type":"ListItem","position":2,"name":"Services","item":"https:\/\/cadtech.es\/fr\/servicios\/"},{"@type":"ListItem","position":3,"name":"D\u00e9veloppements sp\u00e9cifiques"}]},{"@type":"WebSite","@id":"https:\/\/cadtech.es\/#website","url":"https:\/\/cadtech.es\/","name":"Cadtech","description":"Consultor\u00eda e implantaci\u00f3n de soluciones de software","publisher":{"@id":"https:\/\/cadtech.es\/#organization"},"potentialAction":[{"@type":"SearchAction","target":{"@type":"EntryPoint","urlTemplate":"https:\/\/cadtech.es\/?s={search_term_string}"},"query-input":{"@type":"PropertyValueSpecification","valueRequired":true,"valueName":"search_term_string"}}],"inLanguage":"fr-FR"},{"@type":"Organization","@id":"https:\/\/cadtech.es\/#organization","name":"Cadtech","url":"https:\/\/cadtech.es\/","logo":{"@type":"ImageObject","inLanguage":"fr-FR","@id":"https:\/\/cadtech.es\/#\/schema\/logo\/image\/","url":"https:\/\/cadtech.es\/wp-content\/uploads\/2025\/06\/LogoCadtech2023.png","contentUrl":"https:\/\/cadtech.es\/wp-content\/uploads\/2025\/06\/LogoCadtech2023.png","width":127,"height":61,"caption":"Cadtech"},"image":{"@id":"https:\/\/cadtech.es\/#\/schema\/logo\/image\/"},"sameAs":["https:\/\/www.linkedin.com\/company\/cadtech?trk=biz-companies-cym","https:\/\/www.youtube.com\/user\/CadTechIberica"]}]}},"_links":{"self":[{"href":"https:\/\/cadtech.es\/fr\/wp-json\/wp\/v2\/pages\/268079","targetHints":{"allow":["GET"]}}],"collection":[{"href":"https:\/\/cadtech.es\/fr\/wp-json\/wp\/v2\/pages"}],"about":[{"href":"https:\/\/cadtech.es\/fr\/wp-json\/wp\/v2\/types\/page"}],"author":[{"embeddable":true,"href":"https:\/\/cadtech.es\/fr\/wp-json\/wp\/v2\/users\/1"}],"replies":[{"embeddable":true,"href":"https:\/\/cadtech.es\/fr\/wp-json\/wp\/v2\/comments?post=268079"}],"version-history":[{"count":5,"href":"https:\/\/cadtech.es\/fr\/wp-json\/wp\/v2\/pages\/268079\/revisions"}],"predecessor-version":[{"id":271372,"href":"https:\/\/cadtech.es\/fr\/wp-json\/wp\/v2\/pages\/268079\/revisions\/271372"}],"up":[{"embeddable":true,"href":"https:\/\/cadtech.es\/fr\/wp-json\/wp\/v2\/pages\/268432"}],"wp:attachment":[{"href":"https:\/\/cadtech.es\/fr\/wp-json\/wp\/v2\/media?parent=268079"}],"curies":[{"name":"wp","href":"https:\/\/api.w.org\/{rel}","templated":true}]}}