{"id":268405,"date":"2025-04-22T12:48:16","date_gmt":"2025-04-22T10:48:16","guid":{"rendered":"https:\/\/cadtech.es\/politica-de-calidad\/"},"modified":"2026-02-05T10:33:28","modified_gmt":"2026-02-05T09:33:28","slug":"politica-de-calidad","status":"publish","type":"page","link":"https:\/\/cadtech.es\/fr\/politica-de-calidad\/","title":{"rendered":"Politique qualit\u00e9"},"content":{"rendered":"<p>[et_pb_section fb_built=\u00a0\u00bb1&Prime; _builder_version=\u00a0\u00bb4.27.4&Prime; _module_preset=\u00a0\u00bbdefault\u00a0\u00bb background_color=\u00a0\u00bb#f7f7f7&Prime; use_background_color_gradient=\u00a0\u00bbon\u00a0\u00bb background_color_gradient_stops=\u00a0\u00bb#2b87da 50%|#f7f7f7 50%\u00a0\u00bb background_image=\u00a0\u00bbhttps:\/\/cadtech.es\/wp-content\/uploads\/2024\/12\/edificio-ct.jpg\u00a0\u00bb height=\u00a0\u00bb200px\u00a0\u00bb custom_margin=\u00a0\u00bb||0px||false|false\u00a0\u00bb global_colors_info=\u00a0\u00bb{}\u00a0\u00bb][\/et_pb_section][et_pb_section fb_built=\u00a0\u00bb1&Prime; admin_label=\u00a0\u00bbsection\u00a0\u00bb _builder_version=\u00a0\u00bb4.16&Prime; global_colors_info=\u00a0\u00bb{}\u00a0\u00bb][et_pb_row admin_label=\u00a0\u00bbrow\u00a0\u00bb _builder_version=\u00a0\u00bb4.16&Prime; background_size=\u00a0\u00bbinitial\u00a0\u00bb background_position=\u00a0\u00bbtop_left\u00a0\u00bb background_repeat=\u00a0\u00bbrepeat\u00a0\u00bb global_colors_info=\u00a0\u00bb{}\u00a0\u00bb][et_pb_column type=\u00a0\u00bb4_4&Prime; _builder_version=\u00a0\u00bb4.16&Prime; custom_padding=\u00a0\u00bb|||\u00a0\u00bb global_colors_info=\u00a0\u00bb{}\u00a0\u00bb custom_padding__hover=\u00a0\u00bb|||\u00a0\u00bb][et_pb_text _builder_version=\u00a0\u00bb4.27.5&Prime; _module_preset=\u00a0\u00bbdefault\u00a0\u00bb text_font=\u00a0\u00bbCTgroup Bold||||||||\u00a0\u00bb text_text_color=\u00a0\u00bb#ffffff\u00a0\u00bb positioning=\u00a0\u00bbabsolute\u00a0\u00bb width=\u00a0\u00bb100%\u00a0\u00bb custom_margin=\u00a0\u00bb-150px||||false|false\u00a0\u00bb hover_enabled=\u00a0\u00bb0&Prime; global_colors_info=\u00a0\u00bb{}\u00a0\u00bb sticky_enabled=\u00a0\u00bb0&Prime;]<\/p>\n<h1>Politique qualit\u00e9<\/h1>\n<p>&nbsp;<\/p>\n<p>[\/et_pb_text][et_pb_text _builder_version=\u00a0\u00bb4.27.5&Prime; _module_preset=\u00a0\u00bbdefault\u00a0\u00bb hover_enabled=\u00a0\u00bb0&Prime; global_colors_info=\u00a0\u00bb{}\u00a0\u00bb sticky_enabled=\u00a0\u00bb0&Prime;]<\/p>\n<h2>\u00ab La Direction de CT Solutions Group mise sur la qualit\u00e9 et oriente l\u2019ensemble de son organisation et de ses processus vers le respect des exigences de la norme UNE-EN ISO 9001 \u00bb<\/h2>\n<p>[\/et_pb_text][et_pb_text _builder_version=\u00a0\u00bb4.27.5&Prime; _module_preset=\u00a0\u00bbdefault\u00a0\u00bb hover_enabled=\u00a0\u00bb0&Prime; global_colors_info=\u00a0\u00bb{}\u00a0\u00bb sticky_enabled=\u00a0\u00bb0&Prime;]<\/p>\n<div class=\"wpb_text_column\">\n<div class=\"wpb_wrapper\">\n<div class=\"l-canvas type_wide\">\n<p><strong><\/strong><\/p>\n<p><strong>Pr\u00e9misses:<\/strong><\/p>\n<ul>\n<li>Poursuivre le leadership mondial<\/li>\n<li>Optimiser la rentabilit\u00e9 des ressources<\/li>\n<li>Promouvoir une croissance durable<\/li>\n<\/ul>\n<p><strong><\/strong><\/p>\n<p><strong>Poursuivre le leadership mondial:<\/strong><\/p>\n<p>\u00ab En se positionnant comme l\u2019une des premi\u00e8res r\u00e9f\u00e9rences dans tous les secteurs o\u00f9 la comp\u00e9titivit\u00e9 est renforc\u00e9e, en maximisant la cr\u00e9ation de valeur dans la relation avec les clients. \u00bb<\/p>\n<p>\u00ab En satisfaisant les besoins des clients, en offrant un portefeuille de produits diversifi\u00e9, en innovant au quotidien et en investissant de mani\u00e8re s\u00e9lective afin d\u2019\u00e9largir le portefeuille de produits. \u00bb<\/p>\n<p>\u00ab En \u00e9largissant le portefeuille clients gr\u00e2ce \u00e0 un effort commercial continu sur de nouveaux march\u00e9s. \u00bb<\/p>\n<p><strong><\/strong><\/p>\n<p><strong>Optimiser la rentabilit\u00e9 des ressources:<\/strong><\/p>\n<p>\u00ab En appliquant des crit\u00e8res d\u2019investissement rigoureux, adapt\u00e9s \u00e0 la strat\u00e9gie d\u2019expansion et de croissance de l\u2019entreprise. \u00bb<\/p>\n<p>\u00ab En augmentant l\u2019efficacit\u00e9 du syst\u00e8me et l\u2019efficience op\u00e9rationnelle, tout en maintenant une structure financi\u00e8re solide. \u00bb<\/p>\n<p>&nbsp;<\/p>\n<p><strong>Promouvoir une croissance durable:<\/strong><\/p>\n<p>\u00ab En respectant l\u2019environnement \u00e9conomique et social, en s\u2019appuyant sur les recommandations des principales institutions nationales et internationales sp\u00e9cialis\u00e9es dans ce domaine. \u00bb<\/p>\n<p>\u00ab En innovant dans les processus internes de l\u2019entreprise, en agissant comme moteur \u00e9conomique de cr\u00e9ation d\u2019emplois \u00e0 valeur ajout\u00e9e, stables, dignes et justement r\u00e9mun\u00e9r\u00e9s. \u00bb<\/p>\n<p style=\"text-align: center;\">Pour plus d\u2019informations : <a href=\"mailto:info@cadtech.es\">info@cadtech.es<\/a> | 800 007 177<\/p>\n<p><main id=\"page-content\" class=\"l-main\" itemprop=\"mainContentOfPage\"><\/p>\n<section class=\"l-section wpb_row height_medium\">\n<div class=\"l-section-h i-cf\">\n<div class=\"g-cols vc_row via_flex valign_top type_default stacking_default\">\n<div class=\"vc_col-sm-12 wpb_column vc_column_container\">\n<div class=\"vc_column-inner\">\n<div class=\"wpb_wrapper\">\n<div class=\"wpb_text_column\">\n<div class=\"wpb_wrapper\"><\/div>\n<\/div>\n<\/div>\n<\/div>\n<\/div>\n<\/div>\n<\/div>\n<\/section>\n<p style=\"text-align: center;\">\n<p>&nbsp;<\/p>\n<p><\/main><\/div>\n<footer id=\"page-footer\" class=\"l-footer\" itemscope=\"\" itemtype=\"https:\/\/schema.org\/WPFooter\">\n<section class=\"l-section wpb_row us_custom_ea4652ea height_medium with_shape\">\n<div class=\"l-section-shape type_tilt pos_top\"><\/div>\n<div class=\"l-section-h i-cf\">\n<div class=\"g-cols vc_row via_flex valign_top type_default stacking_default\">\n<div class=\"vc_col-sm-4 wpb_column vc_column_container\">\n<div class=\"vc_column-inner\">\n<div class=\"wpb_wrapper\">\n<div class=\"w-image us_custom_6217dcc9 align_none\"><\/div>\n<\/div>\n<\/div>\n<\/div>\n<\/div>\n<\/div>\n<\/section>\n<\/footer>\n<\/div>\n<\/div>\n<p>[\/et_pb_text][\/et_pb_column][\/et_pb_row][\/et_pb_section]<\/p>\n","protected":false},"excerpt":{"rendered":"<p>Politique qualit\u00e9 &nbsp;\u00ab La Direction de CT Solutions Group mise sur la qualit\u00e9 et oriente l\u2019ensemble de son organisation et de ses processus vers le respect des exigences de la norme UNE-EN ISO 9001 \u00bb Pr\u00e9misses: Poursuivre le leadership mondial Optimiser la rentabilit\u00e9 des ressources Promouvoir une croissance durable Poursuivre le leadership mondial: \u00ab En se positionnant comme l\u2019une des premi\u00e8res r\u00e9f\u00e9rences dans tous les secteurs o\u00f9 la comp\u00e9titivit\u00e9 est renforc\u00e9e, en maximisant la cr\u00e9ation de valeur dans la relation avec les clients. \u00bb \u00ab En satisfaisant les besoins des clients, en offrant un portefeuille de produits diversifi\u00e9, en innovant au quotidien et en investissant de mani\u00e8re s\u00e9lective afin d\u2019\u00e9largir le portefeuille de produits. \u00bb \u00ab En \u00e9largissant le portefeuille clients gr\u00e2ce \u00e0 un effort commercial continu sur de nouveaux march\u00e9s. \u00bb Optimiser la rentabilit\u00e9 des ressources: \u00ab En appliquant des crit\u00e8res d\u2019investissement rigoureux, adapt\u00e9s \u00e0 la strat\u00e9gie d\u2019expansion et de croissance de l\u2019entreprise. \u00bb \u00ab En augmentant l\u2019efficacit\u00e9 du syst\u00e8me et l\u2019efficience op\u00e9rationnelle, tout en maintenant une structure financi\u00e8re solide. \u00bb &nbsp; Promouvoir une croissance durable: \u00ab En respectant l\u2019environnement \u00e9conomique et social, en s\u2019appuyant sur les recommandations des principales institutions nationales et internationales sp\u00e9cialis\u00e9es dans ce domaine. \u00bb [&hellip;]<\/p>\n","protected":false},"author":1,"featured_media":0,"parent":0,"menu_order":0,"comment_status":"closed","ping_status":"closed","template":"","meta":{"_acf_changed":false,"_et_pb_use_builder":"on","_et_pb_old_content":"","_et_gb_content_width":"","footnotes":""},"class_list":["post-268405","page","type-page","status-publish","hentry"],"acf":[],"yoast_head":"<!-- This site is optimized with the Yoast SEO plugin v27.3 - https:\/\/yoast.com\/product\/yoast-seo-wordpress\/ -->\n<title>Politique qualit\u00e9 - Cadtech<\/title>\n<meta name=\"robots\" content=\"index, follow, max-snippet:-1, max-image-preview:large, max-video-preview:-1\" \/>\n<link rel=\"canonical\" href=\"https:\/\/cadtech.es\/fr\/politica-de-calidad\/\" \/>\n<meta property=\"og:locale\" content=\"fr_FR\" \/>\n<meta property=\"og:type\" content=\"article\" \/>\n<meta property=\"og:title\" content=\"Politique qualit\u00e9 - Cadtech\" \/>\n<meta property=\"og:description\" content=\"Politique qualit\u00e9 &nbsp;\u00ab La Direction de CT Solutions Group mise sur la qualit\u00e9 et oriente l\u2019ensemble de son organisation et de ses processus vers le respect des exigences de la norme UNE-EN ISO 9001 \u00bb Pr\u00e9misses: Poursuivre le leadership mondial Optimiser la rentabilit\u00e9 des ressources Promouvoir une croissance durable Poursuivre le leadership mondial: \u00ab En se positionnant comme l\u2019une des premi\u00e8res r\u00e9f\u00e9rences dans tous les secteurs o\u00f9 la comp\u00e9titivit\u00e9 est renforc\u00e9e, en maximisant la cr\u00e9ation de valeur dans la relation avec les clients. \u00bb \u00ab En satisfaisant les besoins des clients, en offrant un portefeuille de produits diversifi\u00e9, en innovant au quotidien et en investissant de mani\u00e8re s\u00e9lective afin d\u2019\u00e9largir le portefeuille de produits. \u00bb \u00ab En \u00e9largissant le portefeuille clients gr\u00e2ce \u00e0 un effort commercial continu sur de nouveaux march\u00e9s. \u00bb Optimiser la rentabilit\u00e9 des ressources: \u00ab En appliquant des crit\u00e8res d\u2019investissement rigoureux, adapt\u00e9s \u00e0 la strat\u00e9gie d\u2019expansion et de croissance de l\u2019entreprise. \u00bb \u00ab En augmentant l\u2019efficacit\u00e9 du syst\u00e8me et l\u2019efficience op\u00e9rationnelle, tout en maintenant une structure financi\u00e8re solide. \u00bb &nbsp; Promouvoir une croissance durable: \u00ab En respectant l\u2019environnement \u00e9conomique et social, en s\u2019appuyant sur les recommandations des principales institutions nationales et internationales sp\u00e9cialis\u00e9es dans ce domaine. \u00bb [&hellip;]\" \/>\n<meta property=\"og:url\" content=\"https:\/\/cadtech.es\/fr\/politica-de-calidad\/\" \/>\n<meta property=\"og:site_name\" content=\"Cadtech\" \/>\n<meta property=\"article:modified_time\" content=\"2026-02-05T09:33:28+00:00\" \/>\n<meta name=\"twitter:card\" content=\"summary_large_image\" \/>\n<meta name=\"twitter:label1\" content=\"Dur\u00e9e de lecture estim\u00e9e\" \/>\n\t<meta name=\"twitter:data1\" content=\"2 minutes\" \/>\n<script type=\"application\/ld+json\" class=\"yoast-schema-graph\">{\"@context\":\"https:\\\/\\\/schema.org\",\"@graph\":[{\"@type\":\"WebPage\",\"@id\":\"https:\\\/\\\/cadtech.es\\\/fr\\\/politica-de-calidad\\\/\",\"url\":\"https:\\\/\\\/cadtech.es\\\/fr\\\/politica-de-calidad\\\/\",\"name\":\"Politique qualit\u00e9 - Cadtech\",\"isPartOf\":{\"@id\":\"https:\\\/\\\/cadtech.es\\\/#website\"},\"datePublished\":\"2025-04-22T10:48:16+00:00\",\"dateModified\":\"2026-02-05T09:33:28+00:00\",\"breadcrumb\":{\"@id\":\"https:\\\/\\\/cadtech.es\\\/fr\\\/politica-de-calidad\\\/#breadcrumb\"},\"inLanguage\":\"fr-FR\",\"potentialAction\":[{\"@type\":\"ReadAction\",\"target\":[\"https:\\\/\\\/cadtech.es\\\/fr\\\/politica-de-calidad\\\/\"]}]},{\"@type\":\"BreadcrumbList\",\"@id\":\"https:\\\/\\\/cadtech.es\\\/fr\\\/politica-de-calidad\\\/#breadcrumb\",\"itemListElement\":[{\"@type\":\"ListItem\",\"position\":1,\"name\":\"Portada\",\"item\":\"https:\\\/\\\/cadtech.es\\\/fr\\\/\"},{\"@type\":\"ListItem\",\"position\":2,\"name\":\"Politique qualit\u00e9\"}]},{\"@type\":\"WebSite\",\"@id\":\"https:\\\/\\\/cadtech.es\\\/#website\",\"url\":\"https:\\\/\\\/cadtech.es\\\/\",\"name\":\"Cadtech\",\"description\":\"Consultor\u00eda e implantaci\u00f3n de soluciones de software\",\"publisher\":{\"@id\":\"https:\\\/\\\/cadtech.es\\\/#organization\"},\"potentialAction\":[{\"@type\":\"SearchAction\",\"target\":{\"@type\":\"EntryPoint\",\"urlTemplate\":\"https:\\\/\\\/cadtech.es\\\/?s={search_term_string}\"},\"query-input\":{\"@type\":\"PropertyValueSpecification\",\"valueRequired\":true,\"valueName\":\"search_term_string\"}}],\"inLanguage\":\"fr-FR\"},{\"@type\":\"Organization\",\"@id\":\"https:\\\/\\\/cadtech.es\\\/#organization\",\"name\":\"Cadtech\",\"url\":\"https:\\\/\\\/cadtech.es\\\/\",\"logo\":{\"@type\":\"ImageObject\",\"inLanguage\":\"fr-FR\",\"@id\":\"https:\\\/\\\/cadtech.es\\\/#\\\/schema\\\/logo\\\/image\\\/\",\"url\":\"https:\\\/\\\/cadtech.es\\\/wp-content\\\/uploads\\\/2025\\\/06\\\/LogoCadtech2023.png\",\"contentUrl\":\"https:\\\/\\\/cadtech.es\\\/wp-content\\\/uploads\\\/2025\\\/06\\\/LogoCadtech2023.png\",\"width\":127,\"height\":61,\"caption\":\"Cadtech\"},\"image\":{\"@id\":\"https:\\\/\\\/cadtech.es\\\/#\\\/schema\\\/logo\\\/image\\\/\"},\"sameAs\":[\"https:\\\/\\\/www.linkedin.com\\\/company\\\/cadtech?trk=biz-companies-cym\",\"https:\\\/\\\/www.youtube.com\\\/user\\\/CadTechIberica\"]}]}<\/script>\n<!-- \/ Yoast SEO plugin. -->","yoast_head_json":{"title":"Politique qualit\u00e9 - Cadtech","robots":{"index":"index","follow":"follow","max-snippet":"max-snippet:-1","max-image-preview":"max-image-preview:large","max-video-preview":"max-video-preview:-1"},"canonical":"https:\/\/cadtech.es\/fr\/politica-de-calidad\/","og_locale":"fr_FR","og_type":"article","og_title":"Politique qualit\u00e9 - Cadtech","og_description":"Politique qualit\u00e9 &nbsp;\u00ab La Direction de CT Solutions Group mise sur la qualit\u00e9 et oriente l\u2019ensemble de son organisation et de ses processus vers le respect des exigences de la norme UNE-EN ISO 9001 \u00bb Pr\u00e9misses: Poursuivre le leadership mondial Optimiser la rentabilit\u00e9 des ressources Promouvoir une croissance durable Poursuivre le leadership mondial: \u00ab En se positionnant comme l\u2019une des premi\u00e8res r\u00e9f\u00e9rences dans tous les secteurs o\u00f9 la comp\u00e9titivit\u00e9 est renforc\u00e9e, en maximisant la cr\u00e9ation de valeur dans la relation avec les clients. \u00bb \u00ab En satisfaisant les besoins des clients, en offrant un portefeuille de produits diversifi\u00e9, en innovant au quotidien et en investissant de mani\u00e8re s\u00e9lective afin d\u2019\u00e9largir le portefeuille de produits. \u00bb \u00ab En \u00e9largissant le portefeuille clients gr\u00e2ce \u00e0 un effort commercial continu sur de nouveaux march\u00e9s. \u00bb Optimiser la rentabilit\u00e9 des ressources: \u00ab En appliquant des crit\u00e8res d\u2019investissement rigoureux, adapt\u00e9s \u00e0 la strat\u00e9gie d\u2019expansion et de croissance de l\u2019entreprise. \u00bb \u00ab En augmentant l\u2019efficacit\u00e9 du syst\u00e8me et l\u2019efficience op\u00e9rationnelle, tout en maintenant une structure financi\u00e8re solide. \u00bb &nbsp; Promouvoir une croissance durable: \u00ab En respectant l\u2019environnement \u00e9conomique et social, en s\u2019appuyant sur les recommandations des principales institutions nationales et internationales sp\u00e9cialis\u00e9es dans ce domaine. \u00bb [&hellip;]","og_url":"https:\/\/cadtech.es\/fr\/politica-de-calidad\/","og_site_name":"Cadtech","article_modified_time":"2026-02-05T09:33:28+00:00","twitter_card":"summary_large_image","twitter_misc":{"Dur\u00e9e de lecture estim\u00e9e":"2 minutes"},"schema":{"@context":"https:\/\/schema.org","@graph":[{"@type":"WebPage","@id":"https:\/\/cadtech.es\/fr\/politica-de-calidad\/","url":"https:\/\/cadtech.es\/fr\/politica-de-calidad\/","name":"Politique qualit\u00e9 - Cadtech","isPartOf":{"@id":"https:\/\/cadtech.es\/#website"},"datePublished":"2025-04-22T10:48:16+00:00","dateModified":"2026-02-05T09:33:28+00:00","breadcrumb":{"@id":"https:\/\/cadtech.es\/fr\/politica-de-calidad\/#breadcrumb"},"inLanguage":"fr-FR","potentialAction":[{"@type":"ReadAction","target":["https:\/\/cadtech.es\/fr\/politica-de-calidad\/"]}]},{"@type":"BreadcrumbList","@id":"https:\/\/cadtech.es\/fr\/politica-de-calidad\/#breadcrumb","itemListElement":[{"@type":"ListItem","position":1,"name":"Portada","item":"https:\/\/cadtech.es\/fr\/"},{"@type":"ListItem","position":2,"name":"Politique qualit\u00e9"}]},{"@type":"WebSite","@id":"https:\/\/cadtech.es\/#website","url":"https:\/\/cadtech.es\/","name":"Cadtech","description":"Consultor\u00eda e implantaci\u00f3n de soluciones de software","publisher":{"@id":"https:\/\/cadtech.es\/#organization"},"potentialAction":[{"@type":"SearchAction","target":{"@type":"EntryPoint","urlTemplate":"https:\/\/cadtech.es\/?s={search_term_string}"},"query-input":{"@type":"PropertyValueSpecification","valueRequired":true,"valueName":"search_term_string"}}],"inLanguage":"fr-FR"},{"@type":"Organization","@id":"https:\/\/cadtech.es\/#organization","name":"Cadtech","url":"https:\/\/cadtech.es\/","logo":{"@type":"ImageObject","inLanguage":"fr-FR","@id":"https:\/\/cadtech.es\/#\/schema\/logo\/image\/","url":"https:\/\/cadtech.es\/wp-content\/uploads\/2025\/06\/LogoCadtech2023.png","contentUrl":"https:\/\/cadtech.es\/wp-content\/uploads\/2025\/06\/LogoCadtech2023.png","width":127,"height":61,"caption":"Cadtech"},"image":{"@id":"https:\/\/cadtech.es\/#\/schema\/logo\/image\/"},"sameAs":["https:\/\/www.linkedin.com\/company\/cadtech?trk=biz-companies-cym","https:\/\/www.youtube.com\/user\/CadTechIberica"]}]}},"_links":{"self":[{"href":"https:\/\/cadtech.es\/fr\/wp-json\/wp\/v2\/pages\/268405","targetHints":{"allow":["GET"]}}],"collection":[{"href":"https:\/\/cadtech.es\/fr\/wp-json\/wp\/v2\/pages"}],"about":[{"href":"https:\/\/cadtech.es\/fr\/wp-json\/wp\/v2\/types\/page"}],"author":[{"embeddable":true,"href":"https:\/\/cadtech.es\/fr\/wp-json\/wp\/v2\/users\/1"}],"replies":[{"embeddable":true,"href":"https:\/\/cadtech.es\/fr\/wp-json\/wp\/v2\/comments?post=268405"}],"version-history":[{"count":4,"href":"https:\/\/cadtech.es\/fr\/wp-json\/wp\/v2\/pages\/268405\/revisions"}],"predecessor-version":[{"id":268409,"href":"https:\/\/cadtech.es\/fr\/wp-json\/wp\/v2\/pages\/268405\/revisions\/268409"}],"wp:attachment":[{"href":"https:\/\/cadtech.es\/fr\/wp-json\/wp\/v2\/media?parent=268405"}],"curies":[{"name":"wp","href":"https:\/\/api.w.org\/{rel}","templated":true}]}}