{"id":265406,"date":"2025-03-21T10:05:41","date_gmt":"2025-03-21T09:05:41","guid":{"rendered":"https:\/\/cadtech.es\/desarrollos-especificos\/"},"modified":"2026-03-16T09:41:14","modified_gmt":"2026-03-16T08:41:14","slug":"desarrollos-especificos","status":"publish","type":"page","link":"https:\/\/cadtech.es\/pt-pt\/servicios\/desarrollos-especificos\/","title":{"rendered":"Desenvolvimentos espec\u00edficos"},"content":{"rendered":"<p>[et_pb_section fb_built=&#8221;1&#8243; _builder_version=&#8221;4.27.4&#8243; _module_preset=&#8221;default&#8221; background_color=&#8221;#f7f7f7&#8243; use_background_color_gradient=&#8221;on&#8221; background_color_gradient_stops=&#8221;#2b87da 50%|#f7f7f7 50%&#8221; background_image=&#8221;https:\/\/cadtech.es\/wp-content\/uploads\/2025\/03\/Desarrollos-especificos-ingenieria-CADTECH-scaled.webp&#8221; height=&#8221;400px&#8221; custom_margin=&#8221;||300px||false|false&#8221; global_colors_info=&#8221;{}&#8221;][et_pb_row column_structure=&#8221;1_2,1_2&#8243; _builder_version=&#8221;4.21.0&#8243; _module_preset=&#8221;default&#8221; background_color=&#8221;#ffffff&#8221; vertical_offset=&#8221;300px&#8221; width=&#8221;100%&#8221; custom_margin=&#8221;||50px||false|false&#8221; custom_padding=&#8221;50px|50px|50px|50px|false|false&#8221; global_colors_info=&#8221;{}&#8221;][et_pb_column type=&#8221;1_2&#8243; _builder_version=&#8221;4.20.4&#8243; _module_preset=&#8221;default&#8221; global_colors_info=&#8221;{}&#8221;][et_pb_text content_tablet=&#8221;Na CADTECH, dedicamo-nos a colaborar consigo no desenvolvimento de aplica\u00e7\u00f5es e automatiza\u00e7\u00f5es concebidas para otimizar os seus processos de design e industriais, abrangendo todo o ciclo de vida do produto. <\/p>\n<p>Com mais de 37 anos de experi\u00eancia no setor industrial, enfrent\u00e1mos diversas situa\u00e7\u00f5es em que, al\u00e9m das capacidades padr\u00e3o das solu\u00e7\u00f5es de software, as empresas continuam a enfrentar necessidades espec\u00edficas. <\/p>\n<p>Atrav\u00e9s de desenvolvimentos personalizados, abordamos estas necessidades, adaptando-nos \u00e0 casu\u00edstica e particularidades de cada empresa. <\/p>\n<p>A nossa equipa de engenheiros especialistas em programa\u00e7\u00e3o est\u00e1 aqui para lhe proporcionar solu\u00e7\u00f5es \u00e0 medida que n\u00e3o s\u00f3 otimizam a sua efici\u00eancia, mas que tamb\u00e9m fortalecem a sua competitividade no mercado. &#8221; content_phone=&#8221;Na CADTECH, dedicamo-nos a colaborar consigo no desenvolvimento de aplica\u00e7\u00f5es e automatiza\u00e7\u00f5es concebidas para otimizar os seus processos de design e industriais, abrangendo todo o ciclo de vida do produto. <\/p>\n<p>Com mais de 37 anos de experi\u00eancia no setor industrial, enfrent\u00e1mos diversas situa\u00e7\u00f5es em que, al\u00e9m das capacidades padr\u00e3o das solu\u00e7\u00f5es de software, as empresas continuam a enfrentar necessidades espec\u00edficas. <\/p>\n<p>Atrav\u00e9s de desenvolvimentos personalizados, abordamos estas necessidades, adaptando-nos \u00e0 casu\u00edstica e particularidades de cada empresa. <\/p>\n<p>A nossa equipa de engenheiros especialistas em programa\u00e7\u00e3o est\u00e1 aqui para lhe proporcionar solu\u00e7\u00f5es \u00e0 medida que n\u00e3o s\u00f3 otimizam a sua efici\u00eancia, mas que tamb\u00e9m fortalecem a sua competitividade no mercado. &#8221; content_last_edited=&#8221;on|phone&#8221; _builder_version=&#8221;4.27.5&#8243; _module_preset=&#8221;default&#8221; text_font=&#8221;Ctgroup Regular||||||||&#8221; text_font_size=&#8221;17px&#8221; text_line_height=&#8221;1.4em&#8221; background_color=&#8221;RGBA(255,255,255,0)&#8221; custom_margin=&#8221;||300px||false|false&#8221; custom_padding=&#8221;||0px||false|false&#8221; animation_style=&#8221;slide&#8221; animation_direction=&#8221;bottom&#8221; global_colors_info=&#8221;{}&#8221;]<\/p>\n<div _ngcontent-ng-c288694073=\"\" inline-copy-host=\"\" class=\"markdown markdown-main-panel enable-updated-hr-color\" id=\"model-response-message-contentr_3ee78a243d3e3f46\" dir=\"ltr\">\n<p style=\"text-align: justify;\">Na <strong>CADTECH<\/strong>, dedicamo-nos a colaborar consigo no desenvolvimento de <strong>aplica\u00e7\u00f5es e automatiza\u00e7\u00f5es<\/strong> concebidas para otimizar os seus processos de design e industriais, abrangendo <strong>todo o ciclo de vida do produto.<\/strong><\/p>\n<p style=\"text-align: justify;\">Com mais de 37 anos de experi\u00eancia no setor industrial, enfrent\u00e1mos diversas situa\u00e7\u00f5es em que, al\u00e9m das capacidades padr\u00e3o das solu\u00e7\u00f5es de software, as empresas continuam a <strong>enfrentar necessidades espec\u00edficas.<\/strong><\/p>\n<\/div>\n<p>[\/et_pb_text][et_pb_text _builder_version=&#8221;4.27.4&#8243; _module_preset=&#8221;default&#8221; text_font=&#8221;CTgroup Bold||||||||&#8221; text_text_color=&#8221;#ffffff&#8221; positioning=&#8221;absolute&#8221; width=&#8221;100%&#8221; custom_margin=&#8221;-200px||||false|false&#8221; global_colors_info=&#8221;{}&#8221;]<\/p>\n<h1>Desenvolvimentos espec\u00edficos<\/h1>\n<p>&nbsp;<\/p>\n<p>[\/et_pb_text][\/et_pb_column][et_pb_column type=&#8221;1_2&#8243; _builder_version=&#8221;4.20.4&#8243; _module_preset=&#8221;default&#8221; global_colors_info=&#8221;{}&#8221;][et_pb_text disabled_on=&#8221;on|on|off&#8221; _builder_version=&#8221;4.27.4&#8243; _module_preset=&#8221;default&#8221; text_font=&#8221;Ctgroup Regular||||||||&#8221; text_font_size=&#8221;17px&#8221; text_line_height=&#8221;1.4em&#8221; background_color=&#8221;RGBA(255,255,255,0)&#8221; custom_margin=&#8221;0px||||false|false&#8221; custom_margin_tablet=&#8221;0px||||false|false&#8221; custom_margin_phone=&#8221;0px||||false|false&#8221; custom_margin_last_edited=&#8221;on|desktop&#8221; custom_padding=&#8221;||||false|false&#8221; custom_padding_tablet=&#8221;0px||||false|false&#8221; custom_padding_phone=&#8221;0px||||false|false&#8221; custom_padding_last_edited=&#8221;on|phone&#8221; animation_style=&#8221;slide&#8221; animation_direction=&#8221;bottom&#8221; global_colors_info=&#8221;{}&#8221;]<\/p>\n<div _ngcontent-ng-c288694073=\"\" inline-copy-host=\"\" class=\"markdown markdown-main-panel enable-updated-hr-color\" id=\"model-response-message-contentr_b6e8b1f322def0a6\" dir=\"ltr\">\n<p style=\"text-align: justify;\">Atrav\u00e9s de <strong>desenvolvimentos personalizados<\/strong>, abordamos estas necessidades, adaptando-nos \u00e0 casu\u00edstica e particularidades de cada empresa.<\/p>\n<p style=\"text-align: justify;\">A nossa equipa de engenheiros especialistas em programa\u00e7\u00e3o est\u00e1 aqui para lhe proporcionar solu\u00e7\u00f5es \u00e0 medida que n\u00e3o s\u00f3 otimizam a sua <strong>efici\u00eancia<\/strong>, mas que tamb\u00e9m fortalecem a sua <strong>competitividade no mercado<\/strong>.<\/p>\n<\/div>\n<p>[\/et_pb_text][\/et_pb_column][\/et_pb_row][\/et_pb_section][et_pb_section fb_built=&#8221;1&#8243; _builder_version=&#8221;4.27.4&#8243; _module_preset=&#8221;default&#8221; global_colors_info=&#8221;{}&#8221;][et_pb_row _builder_version=&#8221;4.27.4&#8243; _module_preset=&#8221;default&#8221; global_colors_info=&#8221;{}&#8221;][et_pb_column type=&#8221;4_4&#8243; _builder_version=&#8221;4.27.4&#8243; _module_preset=&#8221;default&#8221; global_colors_info=&#8221;{}&#8221;][et_pb_text _builder_version=&#8221;4.27.4&#8243; _module_preset=&#8221;default&#8221; text_font=&#8221;cadtech|700|||||||&#8221; text_text_color=&#8221;#012d9a&#8221; text_font_size=&#8221;20px&#8221; text_line_height=&#8221;1em&#8221; custom_margin=&#8221;50px||||false|false&#8221; global_colors_info=&#8221;{}&#8221;]<\/p>\n<div _ngcontent-ng-c288694073=\"\" inline-copy-host=\"\" class=\"markdown markdown-main-panel enable-updated-hr-color\" id=\"model-response-message-contentr_55f752771c610e67\" dir=\"ltr\">\n<h2>A nossa garantia de qualidade<\/h2>\n<\/div>\n<p>[\/et_pb_text][\/et_pb_column][\/et_pb_row][et_pb_row column_structure=&#8221;1_2,1_2&#8243; _builder_version=&#8221;4.27.4&#8243; _module_preset=&#8221;default&#8221; global_colors_info=&#8221;{}&#8221;][et_pb_column type=&#8221;1_2&#8243; _builder_version=&#8221;4.27.4&#8243; _module_preset=&#8221;default&#8221; global_colors_info=&#8221;{}&#8221;][et_pb_blurb title=&#8221;Mais de 37 anos de experi\u00eancia&#8221; image=&#8221;https:\/\/cadtech.es\/wp-content\/uploads\/2025\/03\/sello-garantia-01-480&#215;480-1.png&#8221; icon_placement=&#8221;left&#8221; image_icon_width=&#8221;75px&#8221; _builder_version=&#8221;4.27.4&#8243; _module_preset=&#8221;default&#8221; header_level=&#8221;h3&#8243; header_font=&#8221;&#8211;et_global_body_font|600|||||||&#8221; header_text_color=&#8221;#000000&#8243; header_font_size=&#8221;18px&#8221; global_colors_info=&#8221;{}&#8221;]<\/p>\n<div _ngcontent-ng-c288694073=\"\" inline-copy-host=\"\" class=\"markdown markdown-main-panel enable-updated-hr-color\" id=\"model-response-message-contentr_68c7625455519319\" dir=\"ltr\">\n<p style=\"text-align: justify;\">Especialistas em servi\u00e7os relacionados com a consultoria, implementa\u00e7\u00e3o, forma\u00e7\u00e3o e colabora\u00e7\u00e3o em projetos de engenharia.<\/p>\n<\/div>\n<p>[\/et_pb_blurb][\/et_pb_column][et_pb_column type=&#8221;1_2&#8243; _builder_version=&#8221;4.27.4&#8243; _module_preset=&#8221;default&#8221; global_colors_info=&#8221;{}&#8221;][et_pb_blurb title=&#8221;PLM e digitaliza\u00e7\u00e3o&#8221; image=&#8221;https:\/\/cadtech.es\/wp-content\/uploads\/2025\/03\/sello-garantia-02-480&#215;480-1.png&#8221; icon_placement=&#8221;left&#8221; image_icon_width=&#8221;75px&#8221; _builder_version=&#8221;4.27.4&#8243; _module_preset=&#8221;default&#8221; header_level=&#8221;h3&#8243; header_font=&#8221;&#8211;et_global_body_font|600|||||||&#8221; header_text_color=&#8221;#000000&#8243; header_font_size=&#8221;18px&#8221; global_colors_info=&#8221;{}&#8221;]<\/p>\n<div _ngcontent-ng-c288694073=\"\" inline-copy-host=\"\" class=\"markdown markdown-main-panel enable-updated-hr-color\" id=\"model-response-message-contentr_eaff85d19da72f11\" dir=\"ltr\">\n<p>Expertos em tecnologias relacionadas com todo o ciclo de vida de produtos.<\/p>\n<\/div>\n<p>[\/et_pb_blurb][\/et_pb_column][\/et_pb_row][et_pb_row column_structure=&#8221;1_2,1_2&#8243; _builder_version=&#8221;4.27.4&#8243; _module_preset=&#8221;default&#8221; global_colors_info=&#8221;{}&#8221;][et_pb_column type=&#8221;1_2&#8243; _builder_version=&#8221;4.27.4&#8243; _module_preset=&#8221;default&#8221; global_colors_info=&#8221;{}&#8221;][et_pb_blurb title=&#8221;Servi\u00e7os \u00e1geis e personalizados&#8221; image=&#8221;https:\/\/cadtech.es\/wp-content\/uploads\/2025\/03\/sello-garantia-03-480&#215;480-1.png&#8221; icon_placement=&#8221;left&#8221; image_icon_width=&#8221;75px&#8221; _builder_version=&#8221;4.27.4&#8243; _module_preset=&#8221;default&#8221; header_level=&#8221;h3&#8243; header_font=&#8221;&#8211;et_global_body_font|600|||||||&#8221; header_text_color=&#8221;#000000&#8243; header_font_size=&#8221;18px&#8221; global_colors_info=&#8221;{}&#8221;]<\/p>\n<div _ngcontent-ng-c288694073=\"\" inline-copy-host=\"\" class=\"markdown markdown-main-panel enable-updated-hr-color\" id=\"model-response-message-contentr_59fce8f1d71748d9\" dir=\"ltr\">\n<p style=\"text-align: justify;\">Sempre comprometidos em entender e adaptarmo-nos \u00e0s necessidades dos nossos clientes, contamos com modelos de suporte personalizados para cada um.<\/p>\n<\/div>\n<p>[\/et_pb_blurb][\/et_pb_column][et_pb_column type=&#8221;1_2&#8243; _builder_version=&#8221;4.27.4&#8243; _module_preset=&#8221;default&#8221; global_colors_info=&#8221;{}&#8221;][et_pb_blurb title=&#8221;L\u00edderes em inova\u00e7\u00e3o tecnol\u00f3gica&#8221; image=&#8221;https:\/\/cadtech.es\/wp-content\/uploads\/2025\/03\/sello-garantia-04-480&#215;480-1.png&#8221; icon_placement=&#8221;left&#8221; image_icon_width=&#8221;75px&#8221; _builder_version=&#8221;4.27.4&#8243; _module_preset=&#8221;default&#8221; header_level=&#8221;h3&#8243; header_font=&#8221;&#8211;et_global_body_font|600|||||||&#8221; header_text_color=&#8221;#000000&#8243; header_font_size=&#8221;18px&#8221; global_colors_info=&#8221;{}&#8221;]<\/p>\n<div _ngcontent-ng-c288694073=\"\" inline-copy-host=\"\" class=\"markdown markdown-main-panel enable-updated-hr-color\" id=\"model-response-message-contentr_4386ff2e01339f3c\" dir=\"ltr\">\n<p style=\"text-align: justify;\">Equipa de servi\u00e7os multidisciplinar e multi-fornecedor com ampla experi\u00eancia em todos os processos industriais.<\/p>\n<\/div>\n<p>[\/et_pb_blurb][\/et_pb_column][\/et_pb_row][et_pb_row column_structure=&#8221;1_2,1_2&#8243; _builder_version=&#8221;4.27.4&#8243; _module_preset=&#8221;default&#8221; global_colors_info=&#8221;{}&#8221;][et_pb_column type=&#8221;1_2&#8243; _builder_version=&#8221;4.27.4&#8243; _module_preset=&#8221;default&#8221; global_colors_info=&#8221;{}&#8221;][et_pb_blurb title=&#8221;Apaixonados pela tecnologia&#8221; image=&#8221;https:\/\/cadtech.es\/wp-content\/uploads\/2025\/03\/sello-garantia-05-480&#215;480-1.png&#8221; icon_placement=&#8221;left&#8221; image_icon_width=&#8221;75px&#8221; _builder_version=&#8221;4.27.4&#8243; _module_preset=&#8221;default&#8221; header_level=&#8221;h3&#8243; header_font=&#8221;&#8211;et_global_body_font|600|||||||&#8221; header_text_color=&#8221;#000000&#8243; header_font_size=&#8221;18px&#8221; global_colors_info=&#8221;{}&#8221;]<\/p>\n<div _ngcontent-ng-c288694073=\"\" inline-copy-host=\"\" class=\"markdown markdown-main-panel enable-updated-hr-color\" id=\"model-response-message-contentr_e580b189bbc60876\" dir=\"ltr\">\n<p style=\"text-align: justify;\">Como parte da <strong>CT<\/strong>, contamos com todo o conhecimento do uso produtivo das ferramentas.<\/p>\n<\/div>\n<p>[\/et_pb_blurb][\/et_pb_column][et_pb_column type=&#8221;1_2&#8243; _builder_version=&#8221;4.27.4&#8243; _module_preset=&#8221;default&#8221; global_colors_info=&#8221;{}&#8221;][et_pb_blurb title=&#8221;Service Level Agreement (SLAs)&#8221; image=&#8221;https:\/\/cadtech.es\/wp-content\/uploads\/2025\/03\/sello-garantia-06-480&#215;480-1.png&#8221; icon_placement=&#8221;left&#8221; image_icon_width=&#8221;75px&#8221; _builder_version=&#8221;4.27.4&#8243; _module_preset=&#8221;default&#8221; header_level=&#8221;h3&#8243; header_font=&#8221;&#8211;et_global_body_font|600|||||||&#8221; header_text_color=&#8221;#000000&#8243; header_font_size=&#8221;18px&#8221; global_colors_info=&#8221;{}&#8221;]<\/p>\n<div _ngcontent-ng-c288694073=\"\" inline-copy-host=\"\" class=\"markdown markdown-main-panel enable-updated-hr-color\" id=\"model-response-message-contentr_9c918f19e73c0ccd\" dir=\"ltr\">\n<p>Servi\u00e7o de suporte avan\u00e7ado com aten\u00e7\u00e3o 5&#215;8 e primeira resposta em 4 horas.<\/p>\n<\/div>\n<p>[\/et_pb_blurb][\/et_pb_column][\/et_pb_row][\/et_pb_section]<\/p>\n","protected":false},"excerpt":{"rendered":"<p>Na CADTECH, dedicamo-nos a colaborar consigo no desenvolvimento de aplica\u00e7\u00f5es e automatiza\u00e7\u00f5es concebidas para otimizar os seus processos de design e industriais, abrangendo todo o ciclo de vida do produto. Com mais de 37 anos de experi\u00eancia no setor industrial, enfrent\u00e1mos diversas situa\u00e7\u00f5es em que, al\u00e9m das capacidades padr\u00e3o das solu\u00e7\u00f5es de software, as empresas continuam a enfrentar necessidades espec\u00edficas. Desenvolvimentos espec\u00edficos &nbsp; Atrav\u00e9s de desenvolvimentos personalizados, abordamos estas necessidades, adaptando-nos \u00e0 casu\u00edstica e particularidades de cada empresa. A nossa equipa de engenheiros especialistas em programa\u00e7\u00e3o est\u00e1 aqui para lhe proporcionar solu\u00e7\u00f5es \u00e0 medida que n\u00e3o s\u00f3 otimizam a sua efici\u00eancia, mas que tamb\u00e9m fortalecem a sua competitividade no mercado. A nossa garantia de qualidade Especialistas em servi\u00e7os relacionados com a consultoria, implementa\u00e7\u00e3o, forma\u00e7\u00e3o e colabora\u00e7\u00e3o em projetos de engenharia. Expertos em tecnologias relacionadas com todo o ciclo de vida de produtos. Sempre comprometidos em entender e adaptarmo-nos \u00e0s necessidades dos nossos clientes, contamos com modelos de suporte personalizados para cada um. Equipa de servi\u00e7os multidisciplinar e multi-fornecedor com ampla experi\u00eancia em todos os processos industriais. Como parte da CT, contamos com todo o conhecimento do uso produtivo das ferramentas. Servi\u00e7o de suporte avan\u00e7ado com aten\u00e7\u00e3o 5&#215;8 e primeira resposta [&hellip;]<\/p>\n","protected":false},"author":1,"featured_media":0,"parent":265871,"menu_order":0,"comment_status":"closed","ping_status":"closed","template":"","meta":{"_acf_changed":false,"_et_pb_use_builder":"on","_et_pb_old_content":"","_et_gb_content_width":"","footnotes":""},"class_list":["post-265406","page","type-page","status-publish","hentry"],"acf":[],"yoast_head":"<!-- This site is optimized with the Yoast SEO plugin v27.3 - https:\/\/yoast.com\/product\/yoast-seo-wordpress\/ -->\n<title>Desenvolvimentos espec\u00edficos - Cadtech<\/title>\n<meta name=\"description\" content=\"Abordamos necessidades digitais espec\u00edficas atrav\u00e9s de desenvolvimentos personalizados, adaptando-nos \u00e0 casu\u00edstica e \u00e0s particularidades de cada empresa.\" \/>\n<meta name=\"robots\" content=\"index, follow, max-snippet:-1, max-image-preview:large, max-video-preview:-1\" \/>\n<link rel=\"canonical\" href=\"https:\/\/cadtech.es\/pt-pt\/servicios\/desarrollos-especificos\/\" \/>\n<meta property=\"og:locale\" content=\"pt_PT\" \/>\n<meta property=\"og:type\" content=\"article\" \/>\n<meta property=\"og:title\" content=\"Desenvolvimentos espec\u00edficos - Cadtech\" \/>\n<meta property=\"og:description\" content=\"Abordamos necessidades digitais espec\u00edficas atrav\u00e9s de desenvolvimentos personalizados, adaptando-nos \u00e0 casu\u00edstica e \u00e0s particularidades de cada empresa.\" \/>\n<meta property=\"og:url\" content=\"https:\/\/cadtech.es\/pt-pt\/servicios\/desarrollos-especificos\/\" \/>\n<meta property=\"og:site_name\" content=\"Cadtech\" \/>\n<meta property=\"article:modified_time\" content=\"2026-03-16T08:41:14+00:00\" \/>\n<meta name=\"twitter:card\" content=\"summary_large_image\" \/>\n<meta name=\"twitter:label1\" content=\"Tempo estimado de leitura\" \/>\n\t<meta name=\"twitter:data1\" content=\"4 minutos\" \/>\n<script type=\"application\/ld+json\" class=\"yoast-schema-graph\">{\"@context\":\"https:\\\/\\\/schema.org\",\"@graph\":[{\"@type\":\"WebPage\",\"@id\":\"https:\\\/\\\/cadtech.es\\\/pt-pt\\\/servicios\\\/desarrollos-especificos\\\/\",\"url\":\"https:\\\/\\\/cadtech.es\\\/pt-pt\\\/servicios\\\/desarrollos-especificos\\\/\",\"name\":\"Desenvolvimentos espec\u00edficos - Cadtech\",\"isPartOf\":{\"@id\":\"https:\\\/\\\/cadtech.es\\\/#website\"},\"datePublished\":\"2025-03-21T09:05:41+00:00\",\"dateModified\":\"2026-03-16T08:41:14+00:00\",\"description\":\"Abordamos necessidades digitais espec\u00edficas atrav\u00e9s de desenvolvimentos personalizados, adaptando-nos \u00e0 casu\u00edstica e \u00e0s particularidades de cada empresa.\",\"breadcrumb\":{\"@id\":\"https:\\\/\\\/cadtech.es\\\/pt-pt\\\/servicios\\\/desarrollos-especificos\\\/#breadcrumb\"},\"inLanguage\":\"pt-PT\",\"potentialAction\":[{\"@type\":\"ReadAction\",\"target\":[\"https:\\\/\\\/cadtech.es\\\/pt-pt\\\/servicios\\\/desarrollos-especificos\\\/\"]}]},{\"@type\":\"BreadcrumbList\",\"@id\":\"https:\\\/\\\/cadtech.es\\\/pt-pt\\\/servicios\\\/desarrollos-especificos\\\/#breadcrumb\",\"itemListElement\":[{\"@type\":\"ListItem\",\"position\":1,\"name\":\"Portada\",\"item\":\"https:\\\/\\\/cadtech.es\\\/pt-pt\\\/\"},{\"@type\":\"ListItem\",\"position\":2,\"name\":\"Servi\u00e7os\",\"item\":\"https:\\\/\\\/cadtech.es\\\/pt-pt\\\/servicios\\\/\"},{\"@type\":\"ListItem\",\"position\":3,\"name\":\"Desenvolvimentos espec\u00edficos\"}]},{\"@type\":\"WebSite\",\"@id\":\"https:\\\/\\\/cadtech.es\\\/#website\",\"url\":\"https:\\\/\\\/cadtech.es\\\/\",\"name\":\"Cadtech\",\"description\":\"Consultor\u00eda e implantaci\u00f3n de soluciones de software\",\"publisher\":{\"@id\":\"https:\\\/\\\/cadtech.es\\\/#organization\"},\"potentialAction\":[{\"@type\":\"SearchAction\",\"target\":{\"@type\":\"EntryPoint\",\"urlTemplate\":\"https:\\\/\\\/cadtech.es\\\/?s={search_term_string}\"},\"query-input\":{\"@type\":\"PropertyValueSpecification\",\"valueRequired\":true,\"valueName\":\"search_term_string\"}}],\"inLanguage\":\"pt-PT\"},{\"@type\":\"Organization\",\"@id\":\"https:\\\/\\\/cadtech.es\\\/#organization\",\"name\":\"Cadtech\",\"url\":\"https:\\\/\\\/cadtech.es\\\/\",\"logo\":{\"@type\":\"ImageObject\",\"inLanguage\":\"pt-PT\",\"@id\":\"https:\\\/\\\/cadtech.es\\\/#\\\/schema\\\/logo\\\/image\\\/\",\"url\":\"https:\\\/\\\/cadtech.es\\\/wp-content\\\/uploads\\\/2025\\\/06\\\/LogoCadtech2023.png\",\"contentUrl\":\"https:\\\/\\\/cadtech.es\\\/wp-content\\\/uploads\\\/2025\\\/06\\\/LogoCadtech2023.png\",\"width\":127,\"height\":61,\"caption\":\"Cadtech\"},\"image\":{\"@id\":\"https:\\\/\\\/cadtech.es\\\/#\\\/schema\\\/logo\\\/image\\\/\"},\"sameAs\":[\"https:\\\/\\\/www.linkedin.com\\\/company\\\/cadtech?trk=biz-companies-cym\",\"https:\\\/\\\/www.youtube.com\\\/user\\\/CadTechIberica\"]}]}<\/script>\n<!-- \/ Yoast SEO plugin. -->","yoast_head_json":{"title":"Desenvolvimentos espec\u00edficos - Cadtech","description":"Abordamos necessidades digitais espec\u00edficas atrav\u00e9s de desenvolvimentos personalizados, adaptando-nos \u00e0 casu\u00edstica e \u00e0s particularidades de cada empresa.","robots":{"index":"index","follow":"follow","max-snippet":"max-snippet:-1","max-image-preview":"max-image-preview:large","max-video-preview":"max-video-preview:-1"},"canonical":"https:\/\/cadtech.es\/pt-pt\/servicios\/desarrollos-especificos\/","og_locale":"pt_PT","og_type":"article","og_title":"Desenvolvimentos espec\u00edficos - Cadtech","og_description":"Abordamos necessidades digitais espec\u00edficas atrav\u00e9s de desenvolvimentos personalizados, adaptando-nos \u00e0 casu\u00edstica e \u00e0s particularidades de cada empresa.","og_url":"https:\/\/cadtech.es\/pt-pt\/servicios\/desarrollos-especificos\/","og_site_name":"Cadtech","article_modified_time":"2026-03-16T08:41:14+00:00","twitter_card":"summary_large_image","twitter_misc":{"Tempo estimado de leitura":"4 minutos"},"schema":{"@context":"https:\/\/schema.org","@graph":[{"@type":"WebPage","@id":"https:\/\/cadtech.es\/pt-pt\/servicios\/desarrollos-especificos\/","url":"https:\/\/cadtech.es\/pt-pt\/servicios\/desarrollos-especificos\/","name":"Desenvolvimentos espec\u00edficos - Cadtech","isPartOf":{"@id":"https:\/\/cadtech.es\/#website"},"datePublished":"2025-03-21T09:05:41+00:00","dateModified":"2026-03-16T08:41:14+00:00","description":"Abordamos necessidades digitais espec\u00edficas atrav\u00e9s de desenvolvimentos personalizados, adaptando-nos \u00e0 casu\u00edstica e \u00e0s particularidades de cada empresa.","breadcrumb":{"@id":"https:\/\/cadtech.es\/pt-pt\/servicios\/desarrollos-especificos\/#breadcrumb"},"inLanguage":"pt-PT","potentialAction":[{"@type":"ReadAction","target":["https:\/\/cadtech.es\/pt-pt\/servicios\/desarrollos-especificos\/"]}]},{"@type":"BreadcrumbList","@id":"https:\/\/cadtech.es\/pt-pt\/servicios\/desarrollos-especificos\/#breadcrumb","itemListElement":[{"@type":"ListItem","position":1,"name":"Portada","item":"https:\/\/cadtech.es\/pt-pt\/"},{"@type":"ListItem","position":2,"name":"Servi\u00e7os","item":"https:\/\/cadtech.es\/pt-pt\/servicios\/"},{"@type":"ListItem","position":3,"name":"Desenvolvimentos espec\u00edficos"}]},{"@type":"WebSite","@id":"https:\/\/cadtech.es\/#website","url":"https:\/\/cadtech.es\/","name":"Cadtech","description":"Consultor\u00eda e implantaci\u00f3n de soluciones de software","publisher":{"@id":"https:\/\/cadtech.es\/#organization"},"potentialAction":[{"@type":"SearchAction","target":{"@type":"EntryPoint","urlTemplate":"https:\/\/cadtech.es\/?s={search_term_string}"},"query-input":{"@type":"PropertyValueSpecification","valueRequired":true,"valueName":"search_term_string"}}],"inLanguage":"pt-PT"},{"@type":"Organization","@id":"https:\/\/cadtech.es\/#organization","name":"Cadtech","url":"https:\/\/cadtech.es\/","logo":{"@type":"ImageObject","inLanguage":"pt-PT","@id":"https:\/\/cadtech.es\/#\/schema\/logo\/image\/","url":"https:\/\/cadtech.es\/wp-content\/uploads\/2025\/06\/LogoCadtech2023.png","contentUrl":"https:\/\/cadtech.es\/wp-content\/uploads\/2025\/06\/LogoCadtech2023.png","width":127,"height":61,"caption":"Cadtech"},"image":{"@id":"https:\/\/cadtech.es\/#\/schema\/logo\/image\/"},"sameAs":["https:\/\/www.linkedin.com\/company\/cadtech?trk=biz-companies-cym","https:\/\/www.youtube.com\/user\/CadTechIberica"]}]}},"_links":{"self":[{"href":"https:\/\/cadtech.es\/pt-pt\/wp-json\/wp\/v2\/pages\/265406","targetHints":{"allow":["GET"]}}],"collection":[{"href":"https:\/\/cadtech.es\/pt-pt\/wp-json\/wp\/v2\/pages"}],"about":[{"href":"https:\/\/cadtech.es\/pt-pt\/wp-json\/wp\/v2\/types\/page"}],"author":[{"embeddable":true,"href":"https:\/\/cadtech.es\/pt-pt\/wp-json\/wp\/v2\/users\/1"}],"replies":[{"embeddable":true,"href":"https:\/\/cadtech.es\/pt-pt\/wp-json\/wp\/v2\/comments?post=265406"}],"version-history":[{"count":3,"href":"https:\/\/cadtech.es\/pt-pt\/wp-json\/wp\/v2\/pages\/265406\/revisions"}],"predecessor-version":[{"id":271371,"href":"https:\/\/cadtech.es\/pt-pt\/wp-json\/wp\/v2\/pages\/265406\/revisions\/271371"}],"up":[{"embeddable":true,"href":"https:\/\/cadtech.es\/pt-pt\/wp-json\/wp\/v2\/pages\/265871"}],"wp:attachment":[{"href":"https:\/\/cadtech.es\/pt-pt\/wp-json\/wp\/v2\/media?parent=265406"}],"curies":[{"name":"wp","href":"https:\/\/api.w.org\/{rel}","templated":true}]}}