{"id":265585,"date":"2025-04-22T12:42:41","date_gmt":"2025-04-22T10:42:41","guid":{"rendered":"https:\/\/cadtech.es\/aviso-legal\/"},"modified":"2025-12-16T13:06:28","modified_gmt":"2025-12-16T12:06:28","slug":"aviso-legal","status":"publish","type":"page","link":"https:\/\/cadtech.es\/pt-pt\/aviso-legal\/","title":{"rendered":"Aviso legal"},"content":{"rendered":"<p>[et_pb_section fb_built=&#8221;1&#8243; _builder_version=&#8221;4.27.4&#8243; _module_preset=&#8221;default&#8221; background_color=&#8221;#f7f7f7&#8243; use_background_color_gradient=&#8221;on&#8221; background_color_gradient_stops=&#8221;#2b87da 50%|#f7f7f7 50%&#8221; background_image=&#8221;https:\/\/cadtech.es\/wp-content\/uploads\/2024\/12\/edificio-ct.jpg&#8221; height=&#8221;200px&#8221; custom_margin=&#8221;||0px||false|false&#8221; global_colors_info=&#8221;{}&#8221;][\/et_pb_section][et_pb_section fb_built=&#8221;1&#8243; admin_label=&#8221;section&#8221; _builder_version=&#8221;4.16&#8243; global_colors_info=&#8221;{}&#8221;][et_pb_row admin_label=&#8221;row&#8221; _builder_version=&#8221;4.16&#8243; background_size=&#8221;initial&#8221; background_position=&#8221;top_left&#8221; background_repeat=&#8221;repeat&#8221; global_colors_info=&#8221;{}&#8221;][et_pb_column type=&#8221;4_4&#8243; _builder_version=&#8221;4.16&#8243; custom_padding=&#8221;|||&#8221; global_colors_info=&#8221;{}&#8221; custom_padding__hover=&#8221;|||&#8221;][et_pb_text _builder_version=&#8221;4.27.4&#8243; _module_preset=&#8221;default&#8221; text_font=&#8221;CTgroup Bold||||||||&#8221; text_text_color=&#8221;#ffffff&#8221; positioning=&#8221;absolute&#8221; width=&#8221;100%&#8221; custom_margin=&#8221;-150px||||false|false&#8221; global_colors_info=&#8221;{}&#8221;]<\/p>\n<h1>Aviso Legal<\/h1>\n<p>&nbsp;<\/p>\n<p>[\/et_pb_text][et_pb_text _builder_version=&#8221;4.27.4&#8243; _module_preset=&#8221;default&#8221; global_colors_info=&#8221;{}&#8221;]<\/p>\n<div _ngcontent-ng-c234711786=\"\" inline-copy-host=\"\" class=\"markdown markdown-main-panel enable-updated-hr-color\" id=\"model-response-message-contentr_ef28b74fb0013c56\" dir=\"ltr\">\n<h2 style=\"text-align: justify;\"><strong>LEI DOS SERVI\u00c7OS DA SOCIEDADE DA INFORMA\u00c7\u00c3O (LSSI)<\/strong><\/h2>\n<\/div>\n<p>[\/et_pb_text][et_pb_text _builder_version=&#8221;4.27.4&#8243; _module_preset=&#8221;default&#8221; global_colors_info=&#8221;{}&#8221;]<\/p>\n<div _ngcontent-ng-c234711786=\"\" inline-copy-host=\"\" class=\"markdown markdown-main-panel enable-updated-hr-color\" id=\"model-response-message-contentr_1d7f2de85bc26abb\" dir=\"ltr\">\n<p style=\"text-align: justify;\">A CAD TECH IBERICA, S.L, respons\u00e1vel pelo website, doravante RESPONS\u00c1VEL, p\u00f5e \u00e0 disposi\u00e7\u00e3o dos utilizadores o presente documento, com o qual pretende dar cumprimento \u00e0s obriga\u00e7\u00f5es dispostas na Lei 34\/2002, de 11 de julho, de Servi\u00e7os da Sociedade da Informa\u00e7\u00e3o e de Com\u00e9rcio Eletr\u00f3nico (LSSICE), BOE N.\u00ba 166, bem como informar todos os utilizadores do website relativamente a quais s\u00e3o as condi\u00e7\u00f5es de uso.<\/p>\n<p style=\"text-align: justify;\">Toda pessoa que aceda a este website assume o papel de utilizador, comprometendo-se \u00e0 observ\u00e2ncia e cumprimento rigoroso das disposi\u00e7\u00f5es aqui dispostas, bem como a qualquer outra disposi\u00e7\u00e3o legal que for aplic\u00e1vel.<\/p>\n<p style=\"text-align: justify;\">A CAD TECH IBERICA, S.L reserva-se o direito de modificar qualquer tipo de informa\u00e7\u00e3o que possa aparecer no website, sem que exista obriga\u00e7\u00e3o de pr\u00e9-avisar ou p\u00f4r em conhecimento dos utilizadores tais obriga\u00e7\u00f5es, entendendo-se como suficiente a publica\u00e7\u00e3o no website da CAD TECH IBERICA, S.L.<\/p>\n<\/div>\n<p><span><strong><\/strong><\/span><\/p>\n<p><span><strong>1. DADOS IDENTIFICATIVOS<\/strong><\/span><\/p>\n<p>Nome de dom\u00ednio<span class=\"\">:<\/span> cadtech.es<\/p>\n<p>Nome comercial: CT Solutions<\/p>\n<p>Denomina\u00e7\u00e3o social: CAD TECH IBERICA, S.L<\/p>\n<p>NIF: B78891421<\/p>\n<p>Domic\u00edlio social: Avda. Leonardo Da Vinci, 22, P.I. La Carpetania, 28906 Getafe (Madrid) Telefone: 800 007 177<\/p>\n<p>E-mail: lopd@ctgrupo.com<\/p>\n<p><strong><span><\/span><\/strong><\/p>\n<div _ngcontent-ng-c234711786=\"\" inline-copy-host=\"\" class=\"markdown markdown-main-panel enable-updated-hr-color\" id=\"model-response-message-contentr_a668568178f0f51f\" dir=\"ltr\">\n<p><b>2. DIREITOS DE PROPRIEDADE INTELECTUAL E INDUSTRIAL<\/b><\/p>\n<p style=\"text-align: justify;\"><span style=\"text-align: justify;\">O <\/span><span style=\"text-align: justify;\">s\u00edtio <\/span><span style=\"text-align: justify;\">web<\/span><span style=\"text-align: justify;\">, incluindo a t\u00edtulo enunciativo mas n\u00e3o limitativo a sua programa\u00e7\u00e3o, edi\u00e7\u00e3o, compila\u00e7\u00e3o e demais elementos necess\u00e1rios para o seu funcionamento, os desenhos, log\u00f3tipos, texto e\/ou gr\u00e1ficos, s\u00e3o propriedade do RESPONS\u00c1VEL ou, se for o caso, disp\u00f5e de licen\u00e7a ou autoriza\u00e7\u00e3o expressa por parte dos autores<\/span><span style=\"text-align: justify;\">. <\/span><span style=\"text-align: justify;\">Todos os conte\u00fados do s\u00edtio <\/span><span style=\"text-align: justify;\">web<\/span><span style=\"text-align: justify;\"> se encontram devidamente protegidos pela normativa de propriedade intelectual e industrial, bem como inscritos nos registos p\u00fablicos correspondentes<\/span><span style=\"text-align: justify;\">.<\/span><\/p>\n<div _ngcontent-ng-c234711786=\"\" inline-copy-host=\"\" class=\"markdown markdown-main-panel enable-updated-hr-color\" id=\"model-response-message-contentr_36ebc0cb7e077201\" dir=\"ltr\">\n<p style=\"text-align: justify;\">Independentemente da finalidade para a qual foram destinados, a reprodu\u00e7\u00e3o total ou parcial, uso, explora\u00e7\u00e3o, distribui\u00e7\u00e3o e comercializa\u00e7\u00e3o, requer em todo o caso a autoriza\u00e7\u00e3o escrita pr\u00e9via por parte do RESPONS\u00c1VEL. Qualquer uso n\u00e3o autorizado previamente \u00e9 considerado um incumprimento grave dos direitos de propriedade intelectual ou industrial do autor.<\/p>\n<p style=\"text-align: justify;\">Os desenhos, log\u00f3tipos, texto e\/ou gr\u00e1ficos alheios ao RESPONS\u00c1VEL e que possam aparecer no s\u00edtio web, pertencem aos seus respetivos propriet\u00e1rios, sendo eles mesmos respons\u00e1veis por qualquer poss\u00edvel controv\u00e9rsia que possa suscitar-se relativamente aos mesmos. O RESPONS\u00c1VEL autoriza expressamente a que terceiros possam redirecionar diretamente para os conte\u00fados concretos do s\u00edtio web, e em todo o caso redirecionar para o s\u00edtio web principal de cadtech.es.<\/p>\n<p style=\"text-align: justify;\">O RESPONS\u00c1VEL reconhece a favor dos seus titulares os correspondentes direitos de propriedade intelectual e industrial, n\u00e3o implicando a sua simples men\u00e7\u00e3o ou apari\u00e7\u00e3o no s\u00edtio web a exist\u00eancia de direitos ou responsabilidade alguma sobre os mesmos, nem t\u00e3o-pouco apoio, patroc\u00ednio ou recomenda\u00e7\u00e3o por parte do mesmo. Para realizar qualquer tipo de observa\u00e7\u00e3o relativamente a poss\u00edveis incumprimentos dos direitos de propriedade intelectual ou industrial, bem como sobre qualquer um dos conte\u00fados do s\u00edtio web, pode faz\u00ea-lo atrav\u00e9s do correio eletr\u00f3nico <a href=\"mailto:lopd@ctgrupo.com\">lopd@ctgrupo.com<\/a>.<\/p>\n<\/div>\n<\/div>\n<p><b><\/b><\/p>\n<p><b>3. EXEN\u00c7\u00c3O DE RESPONSABILIDADES<\/b><\/p>\n<div _ngcontent-ng-c234711786=\"\" inline-copy-host=\"\" class=\"markdown markdown-main-panel enable-updated-hr-color\" id=\"model-response-message-contentr_3adb12c7b2b0a442\" dir=\"ltr\">\n<p style=\"text-align: justify;\">O RESPONS\u00c1VEL exime-se de qualquer tipo de responsabilidade derivada da informa\u00e7\u00e3o publicada no seu website sempre que esta informa\u00e7\u00e3o tenha sido manipulada ou introduzida por um terceiro alheio ao mesmo.<\/p>\n<p style=\"text-align: justify;\"><strong>Uso de Cookies<\/strong><\/p>\n<p style=\"text-align: justify;\">Este s\u00edtio web pode utilizar cookies t\u00e9cnicas (pequenos ficheiros de informa\u00e7\u00e3o que o servidor envia para o computador de quem acede \u00e0 p\u00e1gina) para realizar determinadas fun\u00e7\u00f5es que s\u00e3o consideradas imprescind\u00edveis para o correto funcionamento e visualiza\u00e7\u00e3o do s\u00edtio. As cookies utilizadas t\u00eam, em todo o caso, car\u00e1ter tempor\u00e1rio, com a \u00fanica finalidade de tornar mais eficaz a navega\u00e7\u00e3o, e desaparecem ao terminar a sess\u00e3o do utilizador. Em nenhum caso, estas cookies fornecem por si mesmas dados de car\u00e1ter pessoal e n\u00e3o se utilizar\u00e3o para a recolha dos mesmos.<\/p>\n<p style=\"text-align: justify;\">Mediante o uso de cookies tamb\u00e9m \u00e9 poss\u00edvel que o servidor onde se encontra a web reconhe\u00e7a o navegador utilizado pelo utilizador com a finalidade de que a navega\u00e7\u00e3o seja mais simples, permitindo, por exemplo, o acesso dos utilizadores que se tenham registado previame1nte \u00e0s \u00e1reas, servi\u00e7os, promo\u00e7\u00f5es ou concursos reservados exclusivamente a eles sem ter que se registar em cada visita. Tamb\u00e9m se podem utilizar para medir a audi\u00eancia, par\u00e2metros de tr\u00e1fego, controlar o progresso e n\u00famero de entradas, etc., sendo nestes casos cookies tecnicamente dispens\u00e1veis, mas ben\u00e9ficas para o utilizador. Este s\u00edtio web n\u00e3o instalar\u00e1 cookies dispens\u00e1veis sem o consentimento pr\u00e9vio do utilizador.<\/p>\n<p style=\"text-align: justify;\">O utilizador tem a possibilidade de configurar o seu navegador para ser alertado da rece\u00e7\u00e3o de cookies e para impedir a sua instala\u00e7\u00e3o no seu equipamento. Por favor, consulte as instru\u00e7\u00f5es do seu navegador para ampliar esta informa\u00e7\u00e3o.<\/p>\n<p style=\"text-align: justify;\"><strong>Pol\u00edtica de liga\u00e7\u00f5es<\/strong><\/p>\n<p style=\"text-align: justify;\">Desde o s\u00edtio web, \u00e9 poss\u00edvel que se redirecione para conte\u00fados de terceiros s\u00edtios web. Dado que o RESPONS\u00c1VEL n\u00e3o pode controlar sempre os conte\u00fados introduzidos por terceiros nos seus respetivos s\u00edtios web, n\u00e3o assume nenhum tipo de responsabilidade relativamente a tais conte\u00fados. Em todo o caso, proceder\u00e1 \u00e0 retirada imediata de qualquer conte\u00fado que possa contravir a legisla\u00e7\u00e3o nacional ou internacional, a moral ou a ordem p\u00fablica, procedendo \u00e0 retirada imediata do redirecionamento para o referido s\u00edtio web, pondo em conhecimento das autoridades competentes o conte\u00fado em quest\u00e3o.<\/p>\n<p style=\"text-align: justify;\">O RESPONS\u00c1VEL n\u00e3o se responsabiliza pela informa\u00e7\u00e3o e conte\u00fados armazenados, a t\u00edtulo enunciativo mas n\u00e3o limitativo, em f\u00f3runs, chats, geradores de blogs, coment\u00e1rios, redes sociais ou qualquer outro meio que permita a terceiros publicar conte\u00fados de forma independente na p\u00e1gina web do RESPONS\u00c1VEL. No entanto, e em cumprimento do disposto nos artigos 11 e 16 da LSSICE, p\u00f5e-se \u00e0 disposi\u00e7\u00e3o de todos os utilizadores, autoridades e for\u00e7as de seguran\u00e7a, colaborando de forma ativa na retirada ou, se for o caso, bloqueio de todos aqueles conte\u00fados que possam afetar ou contravir a legisla\u00e7\u00e3o nacional ou internacional, os direitos de terceiros ou a moral e a ordem p\u00fablica. No caso de o utilizador considerar que existe no s\u00edtio web algum conte\u00fado que possa ser suscet\u00edvel desta classifica\u00e7\u00e3o, pede-se que o notifique de forma imediata ao administrador do s\u00edtio web.<\/p>\n<p style=\"text-align: justify;\">Este s\u00edtio web foi revisto e testado para que funcione corretamente. Em princ\u00edpio, pode garantir-se o correto funcionamento os 365 dias do ano, 24 horas por dia. No entanto, o RESPONS\u00c1VEL n\u00e3o descarta a possibilidade de que existam certos erros de programa\u00e7\u00e3o, ou que aconte\u00e7am causas de for\u00e7a maior, cat\u00e1strofes naturais, greves ou circunst\u00e2ncias semelhantes que tornem imposs\u00edvel o acesso \u00e0 p\u00e1gina web.<\/p>\n<p style=\"text-align: justify;\"><strong>Endere\u00e7os IP<\/strong><\/p>\n<p style=\"text-align: justify;\">Os servidores do s\u00edtio web poder\u00e3o detetar de maneira autom\u00e1tica o endere\u00e7o IP e o nome de dom\u00ednio utilizados pelo utilizador. Um endere\u00e7o IP \u00e9 um n\u00famero atribu\u00eddo automaticamente a um computador quando este se conecta \u00e0 Internet. Toda esta informa\u00e7\u00e3o \u00e9 registada num ficheiro de atividade do servidor2 que permite o posterior processamento dos dados com o fim de obter medi\u00e7\u00f5es unicamente estat\u00edsticas que permitam conhecer o n\u00famero de impress\u00f5es de p\u00e1ginas, o n\u00famero de visitas realizadas aos servidores web, a ordem de visitas, o ponto de acesso, etc.<\/p>\n<\/div>\n<p><b><\/b><\/p>\n<p><b>4. LEI APLIC\u00c1VEL E JURISDI\u00c7\u00c3O<\/b><\/p>\n<div _ngcontent-ng-c234711786=\"\" inline-copy-host=\"\" class=\"markdown markdown-main-panel enable-updated-hr-color\" id=\"model-response-message-contentr_0806846ce71fea62\" dir=\"ltr\">\n<p style=\"text-align: justify;\">Para a resolu\u00e7\u00e3o de todas as controv\u00e9rsias ou quest\u00f5es relacionadas com o presente s\u00edtio <i>web<\/i> ou das atividades nele desenvolvidas, ser\u00e1 aplic\u00e1vel a legisla\u00e7\u00e3o espanhola, \u00e0 qual se submetem expressamente as partes, sendo competentes para a resolu\u00e7\u00e3o de todos os conflitos derivados ou relacionados com o seu uso os Tribunais e Julgados do domic\u00edlio do UTILIZADOR ou o lugar do cumprimento da obriga\u00e7\u00e3o.<\/p>\n<\/div>\n<p>[\/et_pb_text][\/et_pb_column][\/et_pb_row][\/et_pb_section]<\/p>\n","protected":false},"excerpt":{"rendered":"<p>Aviso Legal &nbsp; LEI DOS SERVI\u00c7OS DA SOCIEDADE DA INFORMA\u00c7\u00c3O (LSSI) A CAD TECH IBERICA, S.L, respons\u00e1vel pelo website, doravante RESPONS\u00c1VEL, p\u00f5e \u00e0 disposi\u00e7\u00e3o dos utilizadores o presente documento, com o qual pretende dar cumprimento \u00e0s obriga\u00e7\u00f5es dispostas na Lei 34\/2002, de 11 de julho, de Servi\u00e7os da Sociedade da Informa\u00e7\u00e3o e de Com\u00e9rcio Eletr\u00f3nico (LSSICE), BOE N.\u00ba 166, bem como informar todos os utilizadores do website relativamente a quais s\u00e3o as condi\u00e7\u00f5es de uso. Toda pessoa que aceda a este website assume o papel de utilizador, comprometendo-se \u00e0 observ\u00e2ncia e cumprimento rigoroso das disposi\u00e7\u00f5es aqui dispostas, bem como a qualquer outra disposi\u00e7\u00e3o legal que for aplic\u00e1vel. A CAD TECH IBERICA, S.L reserva-se o direito de modificar qualquer tipo de informa\u00e7\u00e3o que possa aparecer no website, sem que exista obriga\u00e7\u00e3o de pr\u00e9-avisar ou p\u00f4r em conhecimento dos utilizadores tais obriga\u00e7\u00f5es, entendendo-se como suficiente a publica\u00e7\u00e3o no website da CAD TECH IBERICA, S.L. 1. DADOS IDENTIFICATIVOS Nome de dom\u00ednio: cadtech.es Nome comercial: CT Solutions Denomina\u00e7\u00e3o social: CAD TECH IBERICA, S.L NIF: B78891421 Domic\u00edlio social: Avda. Leonardo Da Vinci, 22, P.I. La Carpetania, 28906 Getafe (Madrid) Telefone: 800 007 177 E-mail: lopd@ctgrupo.com 2. DIREITOS DE PROPRIEDADE INTELECTUAL E INDUSTRIAL O s\u00edtio web, [&hellip;]<\/p>\n","protected":false},"author":1,"featured_media":0,"parent":0,"menu_order":0,"comment_status":"closed","ping_status":"closed","template":"","meta":{"_acf_changed":false,"_et_pb_use_builder":"on","_et_pb_old_content":"","_et_gb_content_width":"","footnotes":""},"class_list":["post-265585","page","type-page","status-publish","hentry"],"acf":[],"yoast_head":"<!-- This site is optimized with the Yoast SEO plugin v27.3 - https:\/\/yoast.com\/product\/yoast-seo-wordpress\/ -->\n<title>Aviso legal - Cadtech<\/title>\n<meta name=\"robots\" content=\"index, follow, max-snippet:-1, max-image-preview:large, max-video-preview:-1\" \/>\n<link rel=\"canonical\" href=\"https:\/\/cadtech.es\/pt-pt\/aviso-legal\/\" \/>\n<meta property=\"og:locale\" content=\"pt_PT\" \/>\n<meta property=\"og:type\" content=\"article\" \/>\n<meta property=\"og:title\" content=\"Aviso legal - Cadtech\" \/>\n<meta property=\"og:description\" content=\"Aviso Legal &nbsp; LEI DOS SERVI\u00c7OS DA SOCIEDADE DA INFORMA\u00c7\u00c3O (LSSI) A CAD TECH IBERICA, S.L, respons\u00e1vel pelo website, doravante RESPONS\u00c1VEL, p\u00f5e \u00e0 disposi\u00e7\u00e3o dos utilizadores o presente documento, com o qual pretende dar cumprimento \u00e0s obriga\u00e7\u00f5es dispostas na Lei 34\/2002, de 11 de julho, de Servi\u00e7os da Sociedade da Informa\u00e7\u00e3o e de Com\u00e9rcio Eletr\u00f3nico (LSSICE), BOE N.\u00ba 166, bem como informar todos os utilizadores do website relativamente a quais s\u00e3o as condi\u00e7\u00f5es de uso. Toda pessoa que aceda a este website assume o papel de utilizador, comprometendo-se \u00e0 observ\u00e2ncia e cumprimento rigoroso das disposi\u00e7\u00f5es aqui dispostas, bem como a qualquer outra disposi\u00e7\u00e3o legal que for aplic\u00e1vel. A CAD TECH IBERICA, S.L reserva-se o direito de modificar qualquer tipo de informa\u00e7\u00e3o que possa aparecer no website, sem que exista obriga\u00e7\u00e3o de pr\u00e9-avisar ou p\u00f4r em conhecimento dos utilizadores tais obriga\u00e7\u00f5es, entendendo-se como suficiente a publica\u00e7\u00e3o no website da CAD TECH IBERICA, S.L. 1. DADOS IDENTIFICATIVOS Nome de dom\u00ednio: cadtech.es Nome comercial: CT Solutions Denomina\u00e7\u00e3o social: CAD TECH IBERICA, S.L NIF: B78891421 Domic\u00edlio social: Avda. Leonardo Da Vinci, 22, P.I. La Carpetania, 28906 Getafe (Madrid) Telefone: 800 007 177 E-mail: lopd@ctgrupo.com 2. DIREITOS DE PROPRIEDADE INTELECTUAL E INDUSTRIAL O s\u00edtio web, [&hellip;]\" \/>\n<meta property=\"og:url\" content=\"https:\/\/cadtech.es\/pt-pt\/aviso-legal\/\" \/>\n<meta property=\"og:site_name\" content=\"Cadtech\" \/>\n<meta property=\"article:modified_time\" content=\"2025-12-16T12:06:28+00:00\" \/>\n<meta name=\"twitter:card\" content=\"summary_large_image\" \/>\n<meta name=\"twitter:label1\" content=\"Tempo estimado de leitura\" \/>\n\t<meta name=\"twitter:data1\" content=\"6 minutos\" \/>\n<script type=\"application\/ld+json\" class=\"yoast-schema-graph\">{\"@context\":\"https:\\\/\\\/schema.org\",\"@graph\":[{\"@type\":\"WebPage\",\"@id\":\"https:\\\/\\\/cadtech.es\\\/pt-pt\\\/aviso-legal\\\/\",\"url\":\"https:\\\/\\\/cadtech.es\\\/pt-pt\\\/aviso-legal\\\/\",\"name\":\"Aviso legal - Cadtech\",\"isPartOf\":{\"@id\":\"https:\\\/\\\/cadtech.es\\\/#website\"},\"datePublished\":\"2025-04-22T10:42:41+00:00\",\"dateModified\":\"2025-12-16T12:06:28+00:00\",\"breadcrumb\":{\"@id\":\"https:\\\/\\\/cadtech.es\\\/pt-pt\\\/aviso-legal\\\/#breadcrumb\"},\"inLanguage\":\"pt-PT\",\"potentialAction\":[{\"@type\":\"ReadAction\",\"target\":[\"https:\\\/\\\/cadtech.es\\\/pt-pt\\\/aviso-legal\\\/\"]}]},{\"@type\":\"BreadcrumbList\",\"@id\":\"https:\\\/\\\/cadtech.es\\\/pt-pt\\\/aviso-legal\\\/#breadcrumb\",\"itemListElement\":[{\"@type\":\"ListItem\",\"position\":1,\"name\":\"Portada\",\"item\":\"https:\\\/\\\/cadtech.es\\\/pt-pt\\\/\"},{\"@type\":\"ListItem\",\"position\":2,\"name\":\"Aviso legal\"}]},{\"@type\":\"WebSite\",\"@id\":\"https:\\\/\\\/cadtech.es\\\/#website\",\"url\":\"https:\\\/\\\/cadtech.es\\\/\",\"name\":\"Cadtech\",\"description\":\"Consultor\u00eda e implantaci\u00f3n de soluciones de software\",\"publisher\":{\"@id\":\"https:\\\/\\\/cadtech.es\\\/#organization\"},\"potentialAction\":[{\"@type\":\"SearchAction\",\"target\":{\"@type\":\"EntryPoint\",\"urlTemplate\":\"https:\\\/\\\/cadtech.es\\\/?s={search_term_string}\"},\"query-input\":{\"@type\":\"PropertyValueSpecification\",\"valueRequired\":true,\"valueName\":\"search_term_string\"}}],\"inLanguage\":\"pt-PT\"},{\"@type\":\"Organization\",\"@id\":\"https:\\\/\\\/cadtech.es\\\/#organization\",\"name\":\"Cadtech\",\"url\":\"https:\\\/\\\/cadtech.es\\\/\",\"logo\":{\"@type\":\"ImageObject\",\"inLanguage\":\"pt-PT\",\"@id\":\"https:\\\/\\\/cadtech.es\\\/#\\\/schema\\\/logo\\\/image\\\/\",\"url\":\"https:\\\/\\\/cadtech.es\\\/wp-content\\\/uploads\\\/2025\\\/06\\\/LogoCadtech2023.png\",\"contentUrl\":\"https:\\\/\\\/cadtech.es\\\/wp-content\\\/uploads\\\/2025\\\/06\\\/LogoCadtech2023.png\",\"width\":127,\"height\":61,\"caption\":\"Cadtech\"},\"image\":{\"@id\":\"https:\\\/\\\/cadtech.es\\\/#\\\/schema\\\/logo\\\/image\\\/\"},\"sameAs\":[\"https:\\\/\\\/www.linkedin.com\\\/company\\\/cadtech?trk=biz-companies-cym\",\"https:\\\/\\\/www.youtube.com\\\/user\\\/CadTechIberica\"]}]}<\/script>\n<!-- \/ Yoast SEO plugin. -->","yoast_head_json":{"title":"Aviso legal - Cadtech","robots":{"index":"index","follow":"follow","max-snippet":"max-snippet:-1","max-image-preview":"max-image-preview:large","max-video-preview":"max-video-preview:-1"},"canonical":"https:\/\/cadtech.es\/pt-pt\/aviso-legal\/","og_locale":"pt_PT","og_type":"article","og_title":"Aviso legal - Cadtech","og_description":"Aviso Legal &nbsp; LEI DOS SERVI\u00c7OS DA SOCIEDADE DA INFORMA\u00c7\u00c3O (LSSI) A CAD TECH IBERICA, S.L, respons\u00e1vel pelo website, doravante RESPONS\u00c1VEL, p\u00f5e \u00e0 disposi\u00e7\u00e3o dos utilizadores o presente documento, com o qual pretende dar cumprimento \u00e0s obriga\u00e7\u00f5es dispostas na Lei 34\/2002, de 11 de julho, de Servi\u00e7os da Sociedade da Informa\u00e7\u00e3o e de Com\u00e9rcio Eletr\u00f3nico (LSSICE), BOE N.\u00ba 166, bem como informar todos os utilizadores do website relativamente a quais s\u00e3o as condi\u00e7\u00f5es de uso. Toda pessoa que aceda a este website assume o papel de utilizador, comprometendo-se \u00e0 observ\u00e2ncia e cumprimento rigoroso das disposi\u00e7\u00f5es aqui dispostas, bem como a qualquer outra disposi\u00e7\u00e3o legal que for aplic\u00e1vel. A CAD TECH IBERICA, S.L reserva-se o direito de modificar qualquer tipo de informa\u00e7\u00e3o que possa aparecer no website, sem que exista obriga\u00e7\u00e3o de pr\u00e9-avisar ou p\u00f4r em conhecimento dos utilizadores tais obriga\u00e7\u00f5es, entendendo-se como suficiente a publica\u00e7\u00e3o no website da CAD TECH IBERICA, S.L. 1. DADOS IDENTIFICATIVOS Nome de dom\u00ednio: cadtech.es Nome comercial: CT Solutions Denomina\u00e7\u00e3o social: CAD TECH IBERICA, S.L NIF: B78891421 Domic\u00edlio social: Avda. Leonardo Da Vinci, 22, P.I. La Carpetania, 28906 Getafe (Madrid) Telefone: 800 007 177 E-mail: lopd@ctgrupo.com 2. DIREITOS DE PROPRIEDADE INTELECTUAL E INDUSTRIAL O s\u00edtio web, [&hellip;]","og_url":"https:\/\/cadtech.es\/pt-pt\/aviso-legal\/","og_site_name":"Cadtech","article_modified_time":"2025-12-16T12:06:28+00:00","twitter_card":"summary_large_image","twitter_misc":{"Tempo estimado de leitura":"6 minutos"},"schema":{"@context":"https:\/\/schema.org","@graph":[{"@type":"WebPage","@id":"https:\/\/cadtech.es\/pt-pt\/aviso-legal\/","url":"https:\/\/cadtech.es\/pt-pt\/aviso-legal\/","name":"Aviso legal - Cadtech","isPartOf":{"@id":"https:\/\/cadtech.es\/#website"},"datePublished":"2025-04-22T10:42:41+00:00","dateModified":"2025-12-16T12:06:28+00:00","breadcrumb":{"@id":"https:\/\/cadtech.es\/pt-pt\/aviso-legal\/#breadcrumb"},"inLanguage":"pt-PT","potentialAction":[{"@type":"ReadAction","target":["https:\/\/cadtech.es\/pt-pt\/aviso-legal\/"]}]},{"@type":"BreadcrumbList","@id":"https:\/\/cadtech.es\/pt-pt\/aviso-legal\/#breadcrumb","itemListElement":[{"@type":"ListItem","position":1,"name":"Portada","item":"https:\/\/cadtech.es\/pt-pt\/"},{"@type":"ListItem","position":2,"name":"Aviso legal"}]},{"@type":"WebSite","@id":"https:\/\/cadtech.es\/#website","url":"https:\/\/cadtech.es\/","name":"Cadtech","description":"Consultor\u00eda e implantaci\u00f3n de soluciones de software","publisher":{"@id":"https:\/\/cadtech.es\/#organization"},"potentialAction":[{"@type":"SearchAction","target":{"@type":"EntryPoint","urlTemplate":"https:\/\/cadtech.es\/?s={search_term_string}"},"query-input":{"@type":"PropertyValueSpecification","valueRequired":true,"valueName":"search_term_string"}}],"inLanguage":"pt-PT"},{"@type":"Organization","@id":"https:\/\/cadtech.es\/#organization","name":"Cadtech","url":"https:\/\/cadtech.es\/","logo":{"@type":"ImageObject","inLanguage":"pt-PT","@id":"https:\/\/cadtech.es\/#\/schema\/logo\/image\/","url":"https:\/\/cadtech.es\/wp-content\/uploads\/2025\/06\/LogoCadtech2023.png","contentUrl":"https:\/\/cadtech.es\/wp-content\/uploads\/2025\/06\/LogoCadtech2023.png","width":127,"height":61,"caption":"Cadtech"},"image":{"@id":"https:\/\/cadtech.es\/#\/schema\/logo\/image\/"},"sameAs":["https:\/\/www.linkedin.com\/company\/cadtech?trk=biz-companies-cym","https:\/\/www.youtube.com\/user\/CadTechIberica"]}]}},"_links":{"self":[{"href":"https:\/\/cadtech.es\/pt-pt\/wp-json\/wp\/v2\/pages\/265585","targetHints":{"allow":["GET"]}}],"collection":[{"href":"https:\/\/cadtech.es\/pt-pt\/wp-json\/wp\/v2\/pages"}],"about":[{"href":"https:\/\/cadtech.es\/pt-pt\/wp-json\/wp\/v2\/types\/page"}],"author":[{"embeddable":true,"href":"https:\/\/cadtech.es\/pt-pt\/wp-json\/wp\/v2\/users\/1"}],"replies":[{"embeddable":true,"href":"https:\/\/cadtech.es\/pt-pt\/wp-json\/wp\/v2\/comments?post=265585"}],"version-history":[{"count":1,"href":"https:\/\/cadtech.es\/pt-pt\/wp-json\/wp\/v2\/pages\/265585\/revisions"}],"predecessor-version":[{"id":267389,"href":"https:\/\/cadtech.es\/pt-pt\/wp-json\/wp\/v2\/pages\/265585\/revisions\/267389"}],"wp:attachment":[{"href":"https:\/\/cadtech.es\/pt-pt\/wp-json\/wp\/v2\/media?parent=265585"}],"curies":[{"name":"wp","href":"https:\/\/api.w.org\/{rel}","templated":true}]}}