{"id":265600,"date":"2025-04-22T12:48:16","date_gmt":"2025-04-22T10:48:16","guid":{"rendered":"https:\/\/cadtech.es\/politica-de-calidad\/"},"modified":"2025-12-16T13:11:29","modified_gmt":"2025-12-16T12:11:29","slug":"politica-de-calidad","status":"publish","type":"page","link":"https:\/\/cadtech.es\/pt-pt\/politica-de-calidad\/","title":{"rendered":"Pol\u00edtica de qualidade"},"content":{"rendered":"<p>[et_pb_section fb_built=&#8221;1&#8243; _builder_version=&#8221;4.27.4&#8243; _module_preset=&#8221;default&#8221; background_color=&#8221;#f7f7f7&#8243; use_background_color_gradient=&#8221;on&#8221; background_color_gradient_stops=&#8221;#2b87da 50%|#f7f7f7 50%&#8221; background_image=&#8221;https:\/\/cadtech.es\/wp-content\/uploads\/2024\/12\/edificio-ct.jpg&#8221; height=&#8221;200px&#8221; custom_margin=&#8221;||0px||false|false&#8221; global_colors_info=&#8221;{}&#8221;][\/et_pb_section][et_pb_section fb_built=&#8221;1&#8243; admin_label=&#8221;section&#8221; _builder_version=&#8221;4.16&#8243; global_colors_info=&#8221;{}&#8221;][et_pb_row admin_label=&#8221;row&#8221; _builder_version=&#8221;4.16&#8243; background_size=&#8221;initial&#8221; background_position=&#8221;top_left&#8221; background_repeat=&#8221;repeat&#8221; global_colors_info=&#8221;{}&#8221;][et_pb_column type=&#8221;4_4&#8243; _builder_version=&#8221;4.16&#8243; custom_padding=&#8221;|||&#8221; global_colors_info=&#8221;{}&#8221; custom_padding__hover=&#8221;|||&#8221;][et_pb_text _builder_version=&#8221;4.27.4&#8243; _module_preset=&#8221;default&#8221; text_font=&#8221;CTgroup Bold||||||||&#8221; text_text_color=&#8221;#ffffff&#8221; positioning=&#8221;absolute&#8221; width=&#8221;100%&#8221; custom_margin=&#8221;-150px||||false|false&#8221; global_colors_info=&#8221;{}&#8221;]<\/p>\n<div _ngcontent-ng-c234711786=\"\" inline-copy-host=\"\" class=\"markdown markdown-main-panel enable-updated-hr-color\" id=\"model-response-message-contentr_a8abc38ae24c288d\" dir=\"ltr\">\n<h1><b>Pol\u00edtica de qualidade<\/b><\/h1>\n<\/div>\n<p>&nbsp;<\/p>\n<p>[\/et_pb_text][et_pb_text _builder_version=&#8221;4.27.4&#8243; _module_preset=&#8221;default&#8221; global_colors_info=&#8221;{}&#8221;]<\/p>\n<div _ngcontent-ng-c234711786=\"\" inline-copy-host=\"\" class=\"markdown markdown-main-panel enable-updated-hr-color\" id=\"model-response-message-contentr_a9155e0a51cc38e2\" dir=\"ltr\">\n<h2 style=\"text-align: justify;\">\u201cA Dire\u00e7\u00e3o da CT Solutions Group aposta pela qualidade, pelo que tem orientada toda a sua organiza\u00e7\u00e3o e os seus processos ao cumprimento dos requisitos da norma UNE-EN ISO 9001\u201d<\/h2>\n<\/div>\n<p>[\/et_pb_text][et_pb_text _builder_version=&#8221;4.27.4&#8243; _module_preset=&#8221;default&#8221; global_colors_info=&#8221;{}&#8221;]<\/p>\n<div class=\"wpb_text_column\">\n<div class=\"wpb_wrapper\">\n<div class=\"l-canvas type_wide\">\n<p><b>Premissas<\/b>:<strong><\/strong><\/p>\n<p><main id=\"page-content\" class=\"l-main\" itemprop=\"mainContentOfPage\"><\/p>\n<section class=\"l-section wpb_row height_medium\">\n<div class=\"l-section-h i-cf\">\n<div class=\"g-cols vc_row via_flex valign_top type_default stacking_default\">\n<div class=\"vc_col-sm-12 wpb_column vc_column_container\">\n<div class=\"vc_column-inner\">\n<div class=\"wpb_wrapper\">\n<div class=\"wpb_text_column\">\n<div class=\"wpb_wrapper\">\n<div _ngcontent-ng-c234711786=\"\" inline-copy-host=\"\" class=\"markdown markdown-main-panel enable-updated-hr-color\" id=\"model-response-message-contentr_39d2c8dcab47a4d7\" dir=\"ltr\">\n<ul>\n<li>Perseguir a lideran\u00e7a global<\/li>\n<li>Otimizar a rentabilidade dos recursos<\/li>\n<li>Promover o crescimento sustent\u00e1vel<\/li>\n<\/ul>\n<p><b><\/b><\/p>\n<p><b>Perseguir a lideran\u00e7a global<\/b><\/p>\n<\/div>\n<\/div>\n<\/div>\n<div class=\"wpb_text_column\">\n<div class=\"wpb_wrapper\">\n<div _ngcontent-ng-c234711786=\"\" inline-copy-host=\"\" class=\"markdown markdown-main-panel enable-updated-hr-color\" id=\"model-response-message-contentr_87f6174d4b82c8e8\" dir=\"ltr\">\n<p style=\"text-align: justify;\">\u201cPosicionando-se como uma das primeiras refer\u00eancias em todos aqueles setores em que se potencia a competitividade, maximizando a cria\u00e7\u00e3o de valor na rela\u00e7\u00e3o com os clientes.\u201d<\/p>\n<p style=\"text-align: justify;\">\u201cSatisfazendo as necessidades dos clientes, oferecendo uma diversificada carteira de produtos, inovando dia a dia e investindo de forma seletiva para incrementar o portef\u00f3lio de produtos.\u201d<\/p>\n<p style=\"text-align: justify;\">\u201cExpandindo a carteira de clientes atrav\u00e9s de um continuado esfor\u00e7o comercial em novos mercados.\u201d<\/p>\n<p style=\"text-align: justify;\">\n<p style=\"text-align: justify;\">\n<\/div>\n<\/div>\n<\/div>\n<div class=\"wpb_text_column\">\n<div class=\"wpb_wrapper\">\n<div _ngcontent-ng-c234711786=\"\" inline-copy-host=\"\" class=\"markdown markdown-main-panel enable-updated-hr-color\" id=\"model-response-message-contentr_55a9ea6c8b00ac06\" dir=\"ltr\">\n<p><b>Otimizar a rentabilidade dos recursos<\/b><\/p>\n<\/div>\n<div _ngcontent-ng-c234711786=\"\" inline-copy-host=\"\" class=\"markdown markdown-main-panel enable-updated-hr-color\" id=\"model-response-message-contentr_4883a225902ae325\" dir=\"ltr\">\n<p style=\"text-align: justify;\">\u201cAplicando rigorosos crit\u00e9rios de investimento, adequados \u00e0 estrat\u00e9gia de expans\u00e3o e crescimento da companhia.\u201d<\/p>\n<p style=\"text-align: justify;\">\u201cAumentando a efic\u00e1cia do sistema e a efici\u00eancia operativa, mantendo uma s\u00f3lida estrutura financeira.\u201d<\/p>\n<p><b><\/b><\/p>\n<p><b>Promover o crescimento sustent\u00e1vel<\/b><strong><\/strong><\/p>\n<\/div>\n<\/div>\n<\/div>\n<div class=\"wpb_text_column\">\n<div class=\"wpb_wrapper\">\n<div _ngcontent-ng-c234711786=\"\" inline-copy-host=\"\" class=\"markdown markdown-main-panel enable-updated-hr-color\" id=\"model-response-message-contentr_483219062cd10e6f\" dir=\"ltr\">\n<p style=\"text-align: justify;\">\u201cRespeitando o ambiente econ\u00f3mico e social, baseando-nos nas recomenda\u00e7\u00f5es das mais importantes institui\u00e7\u00f5es nacionais e internacionais que investigam a esse respeito.\u201d<\/p>\n<p style=\"text-align: justify;\">\u201cInovando nos processos internos da companhia, atuando como motor econ\u00f3mico de cria\u00e7\u00e3o de emprego de valor acrescentado, sendo est\u00e1vel, digno e justamente remunerado.\u201d<\/p>\n<p style=\"text-align: justify;\">\n<p style=\"text-align: justify;\">\n<\/div>\n<\/div>\n<\/div>\n<div class=\"wpb_text_column\">\n<div class=\"wpb_wrapper\">\n<div _ngcontent-ng-c234711786=\"\" inline-copy-host=\"\" class=\"markdown markdown-main-panel enable-updated-hr-color\" id=\"model-response-message-contentr_da06ecb74f51e97e\" dir=\"ltr\">\n<p style=\"text-align: center;\">Para mais informa\u00e7\u00e3o: <a href=\"mailto:info@cadtech.es\">info@cadtech.es <\/a>| 800 007 177<\/p>\n<\/div>\n<\/div>\n<\/div>\n<\/div>\n<\/div>\n<\/div>\n<\/div>\n<\/div>\n<\/section>\n<p style=\"text-align: center;\">\n<p>&nbsp;<\/p>\n<p><\/main><\/div>\n<footer id=\"page-footer\" class=\"l-footer\" itemscope=\"\" itemtype=\"https:\/\/schema.org\/WPFooter\">\n<section class=\"l-section wpb_row us_custom_ea4652ea height_medium with_shape\">\n<div class=\"l-section-shape type_tilt pos_top\"><\/div>\n<div class=\"l-section-h i-cf\">\n<div class=\"g-cols vc_row via_flex valign_top type_default stacking_default\">\n<div class=\"vc_col-sm-4 wpb_column vc_column_container\">\n<div class=\"vc_column-inner\">\n<div class=\"wpb_wrapper\">\n<div class=\"w-image us_custom_6217dcc9 align_none\"><\/div>\n<\/div>\n<\/div>\n<\/div>\n<\/div>\n<\/div>\n<\/section>\n<\/footer>\n<\/div>\n<\/div>\n<p>[\/et_pb_text][\/et_pb_column][\/et_pb_row][\/et_pb_section]<\/p>\n","protected":false},"excerpt":{"rendered":"<p>Pol\u00edtica de qualidade &nbsp; \u201cA Dire\u00e7\u00e3o da CT Solutions Group aposta pela qualidade, pelo que tem orientada toda a sua organiza\u00e7\u00e3o e os seus processos ao cumprimento dos requisitos da norma UNE-EN ISO 9001\u201d Premissas: Perseguir a lideran\u00e7a global Otimizar a rentabilidade dos recursos Promover o crescimento sustent\u00e1vel Perseguir a lideran\u00e7a global \u201cPosicionando-se como uma das primeiras refer\u00eancias em todos aqueles setores em que se potencia a competitividade, maximizando a cria\u00e7\u00e3o de valor na rela\u00e7\u00e3o com os clientes.\u201d \u201cSatisfazendo as necessidades dos clientes, oferecendo uma diversificada carteira de produtos, inovando dia a dia e investindo de forma seletiva para incrementar o portef\u00f3lio de produtos.\u201d \u201cExpandindo a carteira de clientes atrav\u00e9s de um continuado esfor\u00e7o comercial em novos mercados.\u201d Otimizar a rentabilidade dos recursos \u201cAplicando rigorosos crit\u00e9rios de investimento, adequados \u00e0 estrat\u00e9gia de expans\u00e3o e crescimento da companhia.\u201d \u201cAumentando a efic\u00e1cia do sistema e a efici\u00eancia operativa, mantendo uma s\u00f3lida estrutura financeira.\u201d Promover o crescimento sustent\u00e1vel \u201cRespeitando o ambiente econ\u00f3mico e social, baseando-nos nas recomenda\u00e7\u00f5es das mais importantes institui\u00e7\u00f5es nacionais e internacionais que investigam a esse respeito.\u201d \u201cInovando nos processos internos da companhia, atuando como motor econ\u00f3mico de cria\u00e7\u00e3o de emprego de valor acrescentado, sendo est\u00e1vel, digno e justamente remunerado.\u201d Para [&hellip;]<\/p>\n","protected":false},"author":1,"featured_media":0,"parent":0,"menu_order":0,"comment_status":"closed","ping_status":"closed","template":"","meta":{"_acf_changed":false,"_et_pb_use_builder":"on","_et_pb_old_content":"","_et_gb_content_width":"","footnotes":""},"class_list":["post-265600","page","type-page","status-publish","hentry"],"acf":[],"yoast_head":"<!-- This site is optimized with the Yoast SEO plugin v27.3 - https:\/\/yoast.com\/product\/yoast-seo-wordpress\/ -->\n<title>Pol\u00edtica de qualidade - Cadtech<\/title>\n<meta name=\"robots\" content=\"index, follow, max-snippet:-1, max-image-preview:large, max-video-preview:-1\" \/>\n<link rel=\"canonical\" href=\"https:\/\/cadtech.es\/pt-pt\/politica-de-calidad\/\" \/>\n<meta property=\"og:locale\" content=\"pt_PT\" \/>\n<meta property=\"og:type\" content=\"article\" \/>\n<meta property=\"og:title\" content=\"Pol\u00edtica de qualidade - Cadtech\" \/>\n<meta property=\"og:description\" content=\"Pol\u00edtica de qualidade &nbsp; \u201cA Dire\u00e7\u00e3o da CT Solutions Group aposta pela qualidade, pelo que tem orientada toda a sua organiza\u00e7\u00e3o e os seus processos ao cumprimento dos requisitos da norma UNE-EN ISO 9001\u201d Premissas: Perseguir a lideran\u00e7a global Otimizar a rentabilidade dos recursos Promover o crescimento sustent\u00e1vel Perseguir a lideran\u00e7a global \u201cPosicionando-se como uma das primeiras refer\u00eancias em todos aqueles setores em que se potencia a competitividade, maximizando a cria\u00e7\u00e3o de valor na rela\u00e7\u00e3o com os clientes.\u201d \u201cSatisfazendo as necessidades dos clientes, oferecendo uma diversificada carteira de produtos, inovando dia a dia e investindo de forma seletiva para incrementar o portef\u00f3lio de produtos.\u201d \u201cExpandindo a carteira de clientes atrav\u00e9s de um continuado esfor\u00e7o comercial em novos mercados.\u201d Otimizar a rentabilidade dos recursos \u201cAplicando rigorosos crit\u00e9rios de investimento, adequados \u00e0 estrat\u00e9gia de expans\u00e3o e crescimento da companhia.\u201d \u201cAumentando a efic\u00e1cia do sistema e a efici\u00eancia operativa, mantendo uma s\u00f3lida estrutura financeira.\u201d Promover o crescimento sustent\u00e1vel \u201cRespeitando o ambiente econ\u00f3mico e social, baseando-nos nas recomenda\u00e7\u00f5es das mais importantes institui\u00e7\u00f5es nacionais e internacionais que investigam a esse respeito.\u201d \u201cInovando nos processos internos da companhia, atuando como motor econ\u00f3mico de cria\u00e7\u00e3o de emprego de valor acrescentado, sendo est\u00e1vel, digno e justamente remunerado.\u201d Para [&hellip;]\" \/>\n<meta property=\"og:url\" content=\"https:\/\/cadtech.es\/pt-pt\/politica-de-calidad\/\" \/>\n<meta property=\"og:site_name\" content=\"Cadtech\" \/>\n<meta property=\"article:modified_time\" content=\"2025-12-16T12:11:29+00:00\" \/>\n<meta name=\"twitter:card\" content=\"summary_large_image\" \/>\n<meta name=\"twitter:label1\" content=\"Tempo estimado de leitura\" \/>\n\t<meta name=\"twitter:data1\" content=\"1 minuto\" \/>\n<script type=\"application\/ld+json\" class=\"yoast-schema-graph\">{\"@context\":\"https:\\\/\\\/schema.org\",\"@graph\":[{\"@type\":\"WebPage\",\"@id\":\"https:\\\/\\\/cadtech.es\\\/pt-pt\\\/politica-de-calidad\\\/\",\"url\":\"https:\\\/\\\/cadtech.es\\\/pt-pt\\\/politica-de-calidad\\\/\",\"name\":\"Pol\u00edtica de qualidade - Cadtech\",\"isPartOf\":{\"@id\":\"https:\\\/\\\/cadtech.es\\\/#website\"},\"datePublished\":\"2025-04-22T10:48:16+00:00\",\"dateModified\":\"2025-12-16T12:11:29+00:00\",\"breadcrumb\":{\"@id\":\"https:\\\/\\\/cadtech.es\\\/pt-pt\\\/politica-de-calidad\\\/#breadcrumb\"},\"inLanguage\":\"pt-PT\",\"potentialAction\":[{\"@type\":\"ReadAction\",\"target\":[\"https:\\\/\\\/cadtech.es\\\/pt-pt\\\/politica-de-calidad\\\/\"]}]},{\"@type\":\"BreadcrumbList\",\"@id\":\"https:\\\/\\\/cadtech.es\\\/pt-pt\\\/politica-de-calidad\\\/#breadcrumb\",\"itemListElement\":[{\"@type\":\"ListItem\",\"position\":1,\"name\":\"Portada\",\"item\":\"https:\\\/\\\/cadtech.es\\\/pt-pt\\\/\"},{\"@type\":\"ListItem\",\"position\":2,\"name\":\"Pol\u00edtica de qualidade\"}]},{\"@type\":\"WebSite\",\"@id\":\"https:\\\/\\\/cadtech.es\\\/#website\",\"url\":\"https:\\\/\\\/cadtech.es\\\/\",\"name\":\"Cadtech\",\"description\":\"Consultor\u00eda e implantaci\u00f3n de soluciones de software\",\"publisher\":{\"@id\":\"https:\\\/\\\/cadtech.es\\\/#organization\"},\"potentialAction\":[{\"@type\":\"SearchAction\",\"target\":{\"@type\":\"EntryPoint\",\"urlTemplate\":\"https:\\\/\\\/cadtech.es\\\/?s={search_term_string}\"},\"query-input\":{\"@type\":\"PropertyValueSpecification\",\"valueRequired\":true,\"valueName\":\"search_term_string\"}}],\"inLanguage\":\"pt-PT\"},{\"@type\":\"Organization\",\"@id\":\"https:\\\/\\\/cadtech.es\\\/#organization\",\"name\":\"Cadtech\",\"url\":\"https:\\\/\\\/cadtech.es\\\/\",\"logo\":{\"@type\":\"ImageObject\",\"inLanguage\":\"pt-PT\",\"@id\":\"https:\\\/\\\/cadtech.es\\\/#\\\/schema\\\/logo\\\/image\\\/\",\"url\":\"https:\\\/\\\/cadtech.es\\\/wp-content\\\/uploads\\\/2025\\\/06\\\/LogoCadtech2023.png\",\"contentUrl\":\"https:\\\/\\\/cadtech.es\\\/wp-content\\\/uploads\\\/2025\\\/06\\\/LogoCadtech2023.png\",\"width\":127,\"height\":61,\"caption\":\"Cadtech\"},\"image\":{\"@id\":\"https:\\\/\\\/cadtech.es\\\/#\\\/schema\\\/logo\\\/image\\\/\"},\"sameAs\":[\"https:\\\/\\\/www.linkedin.com\\\/company\\\/cadtech?trk=biz-companies-cym\",\"https:\\\/\\\/www.youtube.com\\\/user\\\/CadTechIberica\"]}]}<\/script>\n<!-- \/ Yoast SEO plugin. -->","yoast_head_json":{"title":"Pol\u00edtica de qualidade - Cadtech","robots":{"index":"index","follow":"follow","max-snippet":"max-snippet:-1","max-image-preview":"max-image-preview:large","max-video-preview":"max-video-preview:-1"},"canonical":"https:\/\/cadtech.es\/pt-pt\/politica-de-calidad\/","og_locale":"pt_PT","og_type":"article","og_title":"Pol\u00edtica de qualidade - Cadtech","og_description":"Pol\u00edtica de qualidade &nbsp; \u201cA Dire\u00e7\u00e3o da CT Solutions Group aposta pela qualidade, pelo que tem orientada toda a sua organiza\u00e7\u00e3o e os seus processos ao cumprimento dos requisitos da norma UNE-EN ISO 9001\u201d Premissas: Perseguir a lideran\u00e7a global Otimizar a rentabilidade dos recursos Promover o crescimento sustent\u00e1vel Perseguir a lideran\u00e7a global \u201cPosicionando-se como uma das primeiras refer\u00eancias em todos aqueles setores em que se potencia a competitividade, maximizando a cria\u00e7\u00e3o de valor na rela\u00e7\u00e3o com os clientes.\u201d \u201cSatisfazendo as necessidades dos clientes, oferecendo uma diversificada carteira de produtos, inovando dia a dia e investindo de forma seletiva para incrementar o portef\u00f3lio de produtos.\u201d \u201cExpandindo a carteira de clientes atrav\u00e9s de um continuado esfor\u00e7o comercial em novos mercados.\u201d Otimizar a rentabilidade dos recursos \u201cAplicando rigorosos crit\u00e9rios de investimento, adequados \u00e0 estrat\u00e9gia de expans\u00e3o e crescimento da companhia.\u201d \u201cAumentando a efic\u00e1cia do sistema e a efici\u00eancia operativa, mantendo uma s\u00f3lida estrutura financeira.\u201d Promover o crescimento sustent\u00e1vel \u201cRespeitando o ambiente econ\u00f3mico e social, baseando-nos nas recomenda\u00e7\u00f5es das mais importantes institui\u00e7\u00f5es nacionais e internacionais que investigam a esse respeito.\u201d \u201cInovando nos processos internos da companhia, atuando como motor econ\u00f3mico de cria\u00e7\u00e3o de emprego de valor acrescentado, sendo est\u00e1vel, digno e justamente remunerado.\u201d Para [&hellip;]","og_url":"https:\/\/cadtech.es\/pt-pt\/politica-de-calidad\/","og_site_name":"Cadtech","article_modified_time":"2025-12-16T12:11:29+00:00","twitter_card":"summary_large_image","twitter_misc":{"Tempo estimado de leitura":"1 minuto"},"schema":{"@context":"https:\/\/schema.org","@graph":[{"@type":"WebPage","@id":"https:\/\/cadtech.es\/pt-pt\/politica-de-calidad\/","url":"https:\/\/cadtech.es\/pt-pt\/politica-de-calidad\/","name":"Pol\u00edtica de qualidade - Cadtech","isPartOf":{"@id":"https:\/\/cadtech.es\/#website"},"datePublished":"2025-04-22T10:48:16+00:00","dateModified":"2025-12-16T12:11:29+00:00","breadcrumb":{"@id":"https:\/\/cadtech.es\/pt-pt\/politica-de-calidad\/#breadcrumb"},"inLanguage":"pt-PT","potentialAction":[{"@type":"ReadAction","target":["https:\/\/cadtech.es\/pt-pt\/politica-de-calidad\/"]}]},{"@type":"BreadcrumbList","@id":"https:\/\/cadtech.es\/pt-pt\/politica-de-calidad\/#breadcrumb","itemListElement":[{"@type":"ListItem","position":1,"name":"Portada","item":"https:\/\/cadtech.es\/pt-pt\/"},{"@type":"ListItem","position":2,"name":"Pol\u00edtica de qualidade"}]},{"@type":"WebSite","@id":"https:\/\/cadtech.es\/#website","url":"https:\/\/cadtech.es\/","name":"Cadtech","description":"Consultor\u00eda e implantaci\u00f3n de soluciones de software","publisher":{"@id":"https:\/\/cadtech.es\/#organization"},"potentialAction":[{"@type":"SearchAction","target":{"@type":"EntryPoint","urlTemplate":"https:\/\/cadtech.es\/?s={search_term_string}"},"query-input":{"@type":"PropertyValueSpecification","valueRequired":true,"valueName":"search_term_string"}}],"inLanguage":"pt-PT"},{"@type":"Organization","@id":"https:\/\/cadtech.es\/#organization","name":"Cadtech","url":"https:\/\/cadtech.es\/","logo":{"@type":"ImageObject","inLanguage":"pt-PT","@id":"https:\/\/cadtech.es\/#\/schema\/logo\/image\/","url":"https:\/\/cadtech.es\/wp-content\/uploads\/2025\/06\/LogoCadtech2023.png","contentUrl":"https:\/\/cadtech.es\/wp-content\/uploads\/2025\/06\/LogoCadtech2023.png","width":127,"height":61,"caption":"Cadtech"},"image":{"@id":"https:\/\/cadtech.es\/#\/schema\/logo\/image\/"},"sameAs":["https:\/\/www.linkedin.com\/company\/cadtech?trk=biz-companies-cym","https:\/\/www.youtube.com\/user\/CadTechIberica"]}]}},"_links":{"self":[{"href":"https:\/\/cadtech.es\/pt-pt\/wp-json\/wp\/v2\/pages\/265600","targetHints":{"allow":["GET"]}}],"collection":[{"href":"https:\/\/cadtech.es\/pt-pt\/wp-json\/wp\/v2\/pages"}],"about":[{"href":"https:\/\/cadtech.es\/pt-pt\/wp-json\/wp\/v2\/types\/page"}],"author":[{"embeddable":true,"href":"https:\/\/cadtech.es\/pt-pt\/wp-json\/wp\/v2\/users\/1"}],"replies":[{"embeddable":true,"href":"https:\/\/cadtech.es\/pt-pt\/wp-json\/wp\/v2\/comments?post=265600"}],"version-history":[{"count":1,"href":"https:\/\/cadtech.es\/pt-pt\/wp-json\/wp\/v2\/pages\/265600\/revisions"}],"predecessor-version":[{"id":267569,"href":"https:\/\/cadtech.es\/pt-pt\/wp-json\/wp\/v2\/pages\/265600\/revisions\/267569"}],"wp:attachment":[{"href":"https:\/\/cadtech.es\/pt-pt\/wp-json\/wp\/v2\/media?parent=265600"}],"curies":[{"name":"wp","href":"https:\/\/api.w.org\/{rel}","templated":true}]}}