{"id":269139,"date":"2025-06-09T10:01:52","date_gmt":"2025-06-09T08:01:52","guid":{"rendered":"https:\/\/cadtech.es\/catia-v5-distribuidor-oficial-en-espana\/"},"modified":"2026-01-16T16:06:31","modified_gmt":"2026-01-16T15:06:31","slug":"catia-v5-distribuidor-oficial-em-portugal","status":"publish","type":"page","link":"https:\/\/cadtech.es\/pt-pt\/distribuidor-oficial-de-dassault-systemes\/catia-v5-distribuidor-oficial-em-portugal\/","title":{"rendered":"CATIA V5 | Distribuidor oficial em Portugal"},"content":{"rendered":"<p>[et_pb_section fb_built=&#8221;1&#8243; _builder_version=&#8221;4.27.4&#8243; _module_preset=&#8221;default&#8221; background_color=&#8221;#f7f7f7&#8243; use_background_color_gradient=&#8221;on&#8221; background_color_gradient_stops=&#8221;#2b87da 50%|#f7f7f7 50%&#8221; background_image=&#8221;https:\/\/cadtech.es\/wp-content\/uploads\/2025\/02\/catia-3dexperience-Banners-cadtech.webp&#8221; height=&#8221;400px&#8221; custom_margin=&#8221;||100px||false|false&#8221; global_colors_info=&#8221;{}&#8221;][et_pb_row _builder_version=&#8221;4.27.4&#8243; _module_preset=&#8221;default&#8221; background_color=&#8221;#ffffff&#8221; vertical_offset=&#8221;300px&#8221; width=&#8221;100%&#8221; custom_margin=&#8221;|auto|7px|auto|false|false&#8221; custom_padding=&#8221;50px|50px|10px|50px|false|false&#8221; global_colors_info=&#8221;{}&#8221;][et_pb_column type=&#8221;4_4&#8243; _builder_version=&#8221;4.20.4&#8243; _module_preset=&#8221;default&#8221; global_colors_info=&#8221;{}&#8221;][et_pb_text content_tablet=&#8221;<\/p>\n<p class=%22p1%22><span>La industria aeroespacial y de defensa es fundamental para la seguridad y el progreso tecnol\u00f3gico global. Enfrenta desaf\u00edos como la necesidad de innovar en sistemas m\u00e1s eficientes y sostenibles, cumplir con estrictas normativas internacionales y gestionar complejas cadenas de suministro.<\/span><\/p>\n<p class=%22p1%22><span>Los fabricantes y proveedores est\u00e1n redefiniendo el futuro del sector mediante la integraci\u00f3n de tecnolog\u00edas avanzadas y la adaptaci\u00f3n a las crecientes expectativas de seguridad y sostenibilidad.<\/span><\/p>\n<p>&#8221; content_phone=&#8221;<\/p>\n<p style=%22text-align: justify;%22>La industria aeroespacial y de defensa es fundamental para la seguridad y el progreso tecnol\u00f3gico global. Enfrenta desaf\u00edos como la necesidad de innovar en sistemas m\u00e1s eficientes y sostenibles, cumplir con estrictas normativas internacionales y gestionar complejas cadenas de suministro.<\/p>\n<p style=%22text-align: justify;%22>Los fabricantes y proveedores est\u00e1n redefiniendo el futuro del sector mediante la integraci\u00f3n de tecnolog\u00edas avanzadas y la adaptaci\u00f3n a las crecientes expectativas de seguridad y sostenibilidad.<\/p>\n<p>&#8221; content_last_edited=&#8221;on|phone&#8221; _builder_version=&#8221;4.27.5&#8243; _module_preset=&#8221;default&#8221; text_font=&#8221;||||||||&#8221; text_text_color=&#8221;#333333&#8243; text_line_height=&#8221;1.4em&#8221; background_color=&#8221;RGBA(255,255,255,0)&#8221; min_height=&#8221;97.6px&#8221; custom_margin=&#8221;||0px||false|false&#8221; custom_padding=&#8221;||0px||false|false&#8221; animation_style=&#8221;slide&#8221; animation_direction=&#8221;bottom&#8221; global_colors_info=&#8221;{}&#8221;]<\/p>\n<p>A CADTECH, enquanto partner da <a href=\"https:\/\/www.3ds.com\/\" target=\"_blank\" rel=\"noopener\">Dassault Syst\u00e8me<\/a>s, \u00e9 distribuidor oficial do <a href=\"https:\/\/cadtech.es\/pt-pt\/catia\/catia-v5\/\" target=\"_blank\" rel=\"noopener\">CATIA V5<\/a> em Portugal. Colocamos \u00e0 sua disposi\u00e7\u00e3o as licen\u00e7as e os servi\u00e7os de que necessita para trabalhar com o software l\u00edder em design mec\u00e2nico e engenharia de produto.<\/p>\n<p>[\/et_pb_text][et_pb_text _builder_version=&#8221;4.27.5&#8243; _module_preset=&#8221;default&#8221; text_font=&#8221;CTgroup Bold||||||||&#8221; text_text_color=&#8221;#ffffff&#8221; positioning=&#8221;absolute&#8221; width=&#8221;100%&#8221; custom_margin=&#8221;-200px||||false|false&#8221; global_colors_info=&#8221;{}&#8221;]<\/p>\n<h1>CATIA V5 | Distribuidor oficial em Portugal<\/h1>\n<p>&nbsp;<\/p>\n<p>[\/et_pb_text][\/et_pb_column][\/et_pb_row][\/et_pb_section][et_pb_section fb_built=&#8221;1&#8243; _builder_version=&#8221;4.27.4&#8243; _module_preset=&#8221;default&#8221; min_height=&#8221;104.8px&#8221; custom_padding=&#8221;6px|||||&#8221; global_colors_info=&#8221;{}&#8221;][et_pb_row _builder_version=&#8221;4.27.4&#8243; _module_preset=&#8221;default&#8221; global_colors_info=&#8221;{}&#8221;][et_pb_column type=&#8221;4_4&#8243; _builder_version=&#8221;4.27.4&#8243; _module_preset=&#8221;default&#8221; global_colors_info=&#8221;{}&#8221;][et_pb_text _builder_version=&#8221;4.27.5&#8243; _module_preset=&#8221;default&#8221; global_colors_info=&#8221;{}&#8221;]<\/p>\n<h2>Precisa de uma proposta ou de mais informa\u00e7\u00f5es?<\/h2>\n<p>Preencha o formul\u00e1rio e entraremos em contacto consigo o mais rapidamente poss\u00edvel<\/p>\n<p>[\/et_pb_text][\/et_pb_column][\/et_pb_row][et_pb_row _builder_version=&#8221;4.27.4&#8243; _module_preset=&#8221;default&#8221; global_colors_info=&#8221;{}&#8221;][et_pb_column type=&#8221;4_4&#8243; _builder_version=&#8221;4.27.4&#8243; _module_preset=&#8221;default&#8221; global_colors_info=&#8221;{}&#8221;][et_pb_contact_form email=&#8221;comunicacion@cadtech.es,hortaubert@gmail.com&#8221; custom_message=&#8221;Nombre: %%Name%%||et_pb_line_break_holder||Apellidos: %%Apellidos%%||et_pb_line_break_holder||Empresa: %%empresa%%||et_pb_line_break_holder||Tel\u00e9fono: %%Tel\u00e9fono%%||et_pb_line_break_holder||Email: %%Email%%||et_pb_line_break_holder||Mensaje: %%Message%%||et_pb_line_break_holder||Acepta la politica: %%condiciones%%||et_pb_line_break_holder||Autorizaci\u00f3n: %%aceptacion%%||et_pb_line_break_holder||||et_pb_line_break_holder||Origen: %%dt-custom-title%%&#8221; _builder_version=&#8221;4.27.5&#8243; _module_preset=&#8221;default&#8221; _unique_id=&#8221;d9cd78e1-f18e-4937-b188-fad4e72eaa50&#8243; global_colors_info=&#8221;{}&#8221;][et_pb_contact_field field_id=&#8221;Name&#8221; field_title=&#8221;Nome&#8221; _builder_version=&#8221;4.27.5&#8243; global_colors_info=&#8221;{}&#8221; button_text_size__hover_enabled=&#8221;off&#8221; button_one_text_size__hover_enabled=&#8221;off&#8221; button_two_text_size__hover_enabled=&#8221;off&#8221; button_text_color__hover_enabled=&#8221;off&#8221; button_one_text_color__hover_enabled=&#8221;off&#8221; button_two_text_color__hover_enabled=&#8221;off&#8221; button_border_width__hover_enabled=&#8221;off&#8221; button_one_border_width__hover_enabled=&#8221;off&#8221; button_two_border_width__hover_enabled=&#8221;off&#8221; button_border_color__hover_enabled=&#8221;off&#8221; button_one_border_color__hover_enabled=&#8221;off&#8221; button_two_border_color__hover_enabled=&#8221;off&#8221; button_border_radius__hover_enabled=&#8221;off&#8221; button_one_border_radius__hover_enabled=&#8221;off&#8221; button_two_border_radius__hover_enabled=&#8221;off&#8221; button_letter_spacing__hover_enabled=&#8221;off&#8221; button_one_letter_spacing__hover_enabled=&#8221;off&#8221; button_two_letter_spacing__hover_enabled=&#8221;off&#8221; button_bg_color__hover_enabled=&#8221;off&#8221; button_one_bg_color__hover_enabled=&#8221;off&#8221; button_two_bg_color__hover_enabled=&#8221;off&#8221;][\/et_pb_contact_field][et_pb_contact_field field_id=&#8221;Apellidos&#8221; field_title=&#8221;Apelidos&#8221; _builder_version=&#8221;4.27.5&#8243; _module_preset=&#8221;default&#8221; global_colors_info=&#8221;{}&#8221;][\/et_pb_contact_field][et_pb_contact_field field_id=&#8221;Empresa&#8221; field_title=&#8221;Empresa&#8221; _builder_version=&#8221;4.27.5&#8243; _module_preset=&#8221;default&#8221; global_colors_info=&#8221;{}&#8221;][\/et_pb_contact_field][et_pb_contact_field field_id=&#8221;Tel\u00e9fono&#8221; field_title=&#8221;Telefone&#8221; allowed_symbols=&#8221;numbers&#8221; _builder_version=&#8221;4.27.5&#8243; _module_preset=&#8221;default&#8221; global_colors_info=&#8221;{}&#8221;][\/et_pb_contact_field][et_pb_contact_field field_id=&#8221;Email&#8221; field_title=&#8221;Email&#8221; field_type=&#8221;email&#8221; _builder_version=&#8221;4.27.5&#8243; global_colors_info=&#8221;{}&#8221; button_text_size__hover_enabled=&#8221;off&#8221; button_one_text_size__hover_enabled=&#8221;off&#8221; button_two_text_size__hover_enabled=&#8221;off&#8221; button_text_color__hover_enabled=&#8221;off&#8221; button_one_text_color__hover_enabled=&#8221;off&#8221; button_two_text_color__hover_enabled=&#8221;off&#8221; button_border_width__hover_enabled=&#8221;off&#8221; button_one_border_width__hover_enabled=&#8221;off&#8221; button_two_border_width__hover_enabled=&#8221;off&#8221; button_border_color__hover_enabled=&#8221;off&#8221; button_one_border_color__hover_enabled=&#8221;off&#8221; button_two_border_color__hover_enabled=&#8221;off&#8221; button_border_radius__hover_enabled=&#8221;off&#8221; button_one_border_radius__hover_enabled=&#8221;off&#8221; button_two_border_radius__hover_enabled=&#8221;off&#8221; button_letter_spacing__hover_enabled=&#8221;off&#8221; button_one_letter_spacing__hover_enabled=&#8221;off&#8221; button_two_letter_spacing__hover_enabled=&#8221;off&#8221; button_bg_color__hover_enabled=&#8221;off&#8221; button_one_bg_color__hover_enabled=&#8221;off&#8221; button_two_bg_color__hover_enabled=&#8221;off&#8221;][\/et_pb_contact_field][et_pb_contact_field field_id=&#8221;Message&#8221; field_title=&#8221;Conte-nos aqui como podemos ajudar.&#8221; field_type=&#8221;text&#8221; fullwidth_field=&#8221;on&#8221; _builder_version=&#8221;4.27.5&#8243; global_colors_info=&#8221;{}&#8221; button_text_size__hover_enabled=&#8221;off&#8221; button_one_text_size__hover_enabled=&#8221;off&#8221; button_two_text_size__hover_enabled=&#8221;off&#8221; button_text_color__hover_enabled=&#8221;off&#8221; button_one_text_color__hover_enabled=&#8221;off&#8221; button_two_text_color__hover_enabled=&#8221;off&#8221; button_border_width__hover_enabled=&#8221;off&#8221; button_one_border_width__hover_enabled=&#8221;off&#8221; button_two_border_width__hover_enabled=&#8221;off&#8221; button_border_color__hover_enabled=&#8221;off&#8221; button_one_border_color__hover_enabled=&#8221;off&#8221; button_two_border_color__hover_enabled=&#8221;off&#8221; button_border_radius__hover_enabled=&#8221;off&#8221; button_one_border_radius__hover_enabled=&#8221;off&#8221; button_two_border_radius__hover_enabled=&#8221;off&#8221; button_letter_spacing__hover_enabled=&#8221;off&#8221; button_one_letter_spacing__hover_enabled=&#8221;off&#8221; button_two_letter_spacing__hover_enabled=&#8221;off&#8221; button_bg_color__hover_enabled=&#8221;off&#8221; button_one_bg_color__hover_enabled=&#8221;off&#8221; button_two_bg_color__hover_enabled=&#8221;off&#8221;][\/et_pb_contact_field][et_pb_contact_field field_id=&#8221;dt-custom-title&#8221; field_title=&#8221;origen&#8221; required_mark=&#8221;off&#8221; fullwidth_field=&#8221;on&#8221; _builder_version=&#8221;4.27.5&#8243; _module_preset=&#8221;default&#8221; custom_css_free_form=&#8221;selector {||  display: none;||}&#8221; global_colors_info=&#8221;{}&#8221;][\/et_pb_contact_field][et_pb_contact_field field_id=&#8221;condiciones&#8221; field_title=&#8221; &#8221; field_type=&#8221;checkbox&#8221; checkbox_options=&#8221;%91{%22value%22:%22Li e aceito as condi\u00e7\u00f5es de privacidade%22,%22checked%22:0,%22dragID%22:-1,%22link_url%22:%22https:\/\/cadtech.es\/pt-pt\/politica-de-privacidad\/%22,%22link_text%22:%22%22}%93&#8243; fullwidth_field=&#8221;on&#8221; _builder_version=&#8221;4.27.5&#8243; _module_preset=&#8221;default&#8221; global_colors_info=&#8221;{}&#8221;][\/et_pb_contact_field][et_pb_contact_field field_id=&#8221;aceptacion&#8221; field_title=&#8221; &#8221; field_type=&#8221;checkbox&#8221; checkbox_options=&#8221;%91{%22value%22:%22Autorizo a CADTECH a enviar-me comunica\u00e7\u00f5es de marketing (not\u00edcias, convite para eventos, etc.)%22,%22checked%22:0,%22dragID%22:-1}%93&#8243; fullwidth_field=&#8221;on&#8221; _builder_version=&#8221;4.27.5&#8243; _module_preset=&#8221;default&#8221; global_colors_info=&#8221;{}&#8221;][\/et_pb_contact_field][\/et_pb_contact_form][et_pb_text _builder_version=&#8221;4.27.5&#8243; _module_preset=&#8221;default&#8221; text_font_size=&#8221;12px&#8221; text_line_height=&#8221;1em&#8221; background_color=&#8221;#f7f7f7&#8243; custom_margin=&#8221;0px||||false|false&#8221; custom_padding=&#8221;0px||||false|false&#8221; global_colors_info=&#8221;{}&#8221;]<span style=\"color: #000;\">CAD TECH IBERICA, S.L. \u00e9 o Respons\u00e1vel pelo tratamento dos dados pessoais do utilizador, pelo que \u00e9 disponibilizada a seguinte informa\u00e7\u00e3o sobre o tratamento:<br \/>\nFinalidades e legitimidade do tratamento: manter uma rela\u00e7\u00e3o comercial (por interesse leg\u00edtimo do respons\u00e1vel, art. 6.\u00ba, n.\u00ba 1, al. f) do RGPD) e o envio de comunica\u00e7\u00f5es sobre produtos ou servi\u00e7os (por consentimento do titular dos dados, art. 6.\u00ba, n.\u00ba 1, al. a) do RGPD).<br \/>\nCrit\u00e9rios de conserva\u00e7\u00e3o dos dados: ser\u00e3o conservados durante o tempo estritamente necess\u00e1rio para manter a finalidade do tratamento ou enquanto existirem obriga\u00e7\u00f5es legais que determinem a sua conserva\u00e7\u00e3o e, quando j\u00e1 n\u00e3o forem necess\u00e1rios, ser\u00e3o eliminados com medidas de seguran\u00e7a adequadas para garantir a anonimiza\u00e7\u00e3o dos dados ou a sua destrui\u00e7\u00e3o total.<br \/>\nComunica\u00e7\u00e3o dos dados: os dados n\u00e3o ser\u00e3o comunicados a terceiros, salvo por obriga\u00e7\u00e3o legal.<br \/>\nDireitos do utilizador: direito de retirar o consentimento a qualquer momento. Direito de acesso, retifica\u00e7\u00e3o, portabilidade e elimina\u00e7\u00e3o dos seus dados, bem como de limita\u00e7\u00e3o ou oposi\u00e7\u00e3o ao seu tratamento. Direito de apresentar uma reclama\u00e7\u00e3o junto da Autoridade de Controlo (www.aepd.es<br \/>\n) caso considere que o tratamento n\u00e3o est\u00e1 em conformidade com a legisla\u00e7\u00e3o em vigor.<br \/>\nDados de contacto para exercer os seus direitos: info@cadtech.es<br \/>\nDados de contacto do Encarregado de Prote\u00e7\u00e3o de Dados: C\/ Fenix n.\u00ba 19, 28023 Aravaca (Madrid) \u2013 info@consultingnormativo.es<\/span>[\/et_pb_text][\/et_pb_column][\/et_pb_row][et_pb_row _builder_version=&#8221;4.27.4&#8243; _module_preset=&#8221;default&#8221; global_colors_info=&#8221;{}&#8221;][et_pb_column type=&#8221;4_4&#8243; _builder_version=&#8221;4.27.4&#8243; _module_preset=&#8221;default&#8221; global_colors_info=&#8221;{}&#8221;][et_pb_text _builder_version=&#8221;4.27.5&#8243; _module_preset=&#8221;default&#8221; global_colors_info=&#8221;{}&#8221;]<\/p>\n<div style=\"border-top: 3px solid #012d9a; border-bottom: 3px solid #012d9a; padding: 15px 0;\">\n<h2 aria-level=\"3\"><b><span data-contrast=\"none\">Porqu\u00ea escolher CATIA V5 com a CADTECH?<\/span><\/b><br \/>\n<span data-ccp-props=\"{&quot;134233117&quot;:false,&quot;134233118&quot;:false,&quot;134245418&quot;:true,&quot;134245529&quot;:true,&quot;335551550&quot;:6,&quot;335551620&quot;:6,&quot;335559738&quot;:281,&quot;335559739&quot;:281}\">\u00a0<\/span><\/h2>\n<ol>\n<li><span data-contrast=\"auto\">Licen\u00e7as oficiais e atualizadas.<\/span><\/li>\n<li><span data-contrast=\"auto\">Aconselhamento especializado sobre modalidades de contrata\u00e7\u00e3o.<\/span><\/li>\n<li><span data-contrast=\"auto\">Servi\u00e7os opcionais de suporte, forma\u00e7\u00e3o e implementa\u00e7\u00e3o.<\/span><\/li>\n<\/ol>\n<\/div>\n<p>[\/et_pb_text][et_pb_text _builder_version=&#8221;4.27.5&#8243; _module_preset=&#8221;default&#8221; global_colors_info=&#8221;{}&#8221;]<\/p>\n<h2>CATIA V5<\/h2>\n<p>O CATIA V5 \u00e9 uma solu\u00e7\u00e3o CAD avan\u00e7ada, utilizada por milhares de engenheiros para conceber produtos complexos com precis\u00e3o, efici\u00eancia e fiabilidade.<\/p>\n<p>Disponibilizamos licen\u00e7as por m\u00f3dulos, configura\u00e7\u00f5es standard e condi\u00e7\u00f5es especiais para empresas industriais.<\/p>\n<p><a href=\"https:\/\/cadtech.es\/pt-pt\/catia\/catia-v5\/\" target=\"_blank\" rel=\"noopener\">Mais informa\u00e7\u00f5es sobre CATIA V5 aqui.<\/a><\/p>\n<p>[\/et_pb_text][\/et_pb_column][\/et_pb_row][\/et_pb_section][et_pb_section fb_built=&#8221;1&#8243; fullwidth=&#8221;on&#8221; _builder_version=&#8221;4.27.4&#8243; _module_preset=&#8221;default&#8221; min_height=&#8221;89px&#8221; global_colors_info=&#8221;{}&#8221;][\/et_pb_section]<\/p>\n","protected":false},"excerpt":{"rendered":"<p>A CADTECH, enquanto partner da Dassault Syst\u00e8mes, \u00e9 distribuidor oficial do CATIA V5 em Portugal. Colocamos \u00e0 sua disposi\u00e7\u00e3o as licen\u00e7as e os servi\u00e7os de que necessita para trabalhar com o software l\u00edder em design mec\u00e2nico e engenharia de produto.CATIA V5 | Distribuidor oficial em Portugal &nbsp;Precisa de uma proposta ou de mais informa\u00e7\u00f5es? Preencha o formul\u00e1rio e entraremos em contacto consigo o mais rapidamente poss\u00edvelCAD TECH IBERICA, S.L. \u00e9 o Respons\u00e1vel pelo tratamento dos dados pessoais do utilizador, pelo que \u00e9 disponibilizada a seguinte informa\u00e7\u00e3o sobre o tratamento: Finalidades e legitimidade do tratamento: manter uma rela\u00e7\u00e3o comercial (por interesse leg\u00edtimo do respons\u00e1vel, art. 6.\u00ba, n.\u00ba 1, al. f) do RGPD) e o envio de comunica\u00e7\u00f5es sobre produtos ou servi\u00e7os (por consentimento do titular dos dados, art. 6.\u00ba, n.\u00ba 1, al. a) do RGPD). Crit\u00e9rios de conserva\u00e7\u00e3o dos dados: ser\u00e3o conservados durante o tempo estritamente necess\u00e1rio para manter a finalidade do tratamento ou enquanto existirem obriga\u00e7\u00f5es legais que determinem a sua conserva\u00e7\u00e3o e, quando j\u00e1 n\u00e3o forem necess\u00e1rios, ser\u00e3o eliminados com medidas de seguran\u00e7a adequadas para garantir a anonimiza\u00e7\u00e3o dos dados ou a sua destrui\u00e7\u00e3o total. Comunica\u00e7\u00e3o dos dados: os dados n\u00e3o ser\u00e3o comunicados a terceiros, salvo por obriga\u00e7\u00e3o legal. [&hellip;]<\/p>\n","protected":false},"author":2,"featured_media":0,"parent":269581,"menu_order":0,"comment_status":"closed","ping_status":"closed","template":"","meta":{"_acf_changed":false,"_et_pb_use_builder":"on","_et_pb_old_content":"","_et_gb_content_width":"","footnotes":""},"class_list":["post-269139","page","type-page","status-publish","hentry"],"acf":[],"yoast_head":"<!-- This site is optimized with the Yoast SEO plugin v27.2 - https:\/\/yoast.com\/product\/yoast-seo-wordpress\/ -->\n<title>CATIA V5 | Distribuidor oficial em Portugal - Cadtech<\/title>\n<meta name=\"description\" content=\"Distribuidor oficial do CATIA V5 em Portugal. Solu\u00e7\u00e3o l\u00edder em design CAD 3D para engenharia avan\u00e7ada em v\u00e1rios setores industriais.\" \/>\n<meta name=\"robots\" content=\"index, follow, max-snippet:-1, max-image-preview:large, max-video-preview:-1\" \/>\n<link rel=\"canonical\" href=\"https:\/\/cadtech.es\/pt-pt\/catia-v5-distribuidor-oficial-em-portugal\/\" \/>\n<meta property=\"og:locale\" content=\"pt_PT\" \/>\n<meta property=\"og:type\" content=\"article\" \/>\n<meta property=\"og:title\" content=\"CATIA V5 | Distribuidor oficial em Portugal - Cadtech\" \/>\n<meta property=\"og:description\" content=\"Distribuidor oficial do CATIA V5 em Portugal. Solu\u00e7\u00e3o l\u00edder em design CAD 3D para engenharia avan\u00e7ada em v\u00e1rios setores industriais.\" \/>\n<meta property=\"og:url\" content=\"https:\/\/cadtech.es\/pt-pt\/catia-v5-distribuidor-oficial-em-portugal\/\" \/>\n<meta property=\"og:site_name\" content=\"Cadtech\" \/>\n<meta property=\"article:modified_time\" content=\"2026-01-16T15:06:31+00:00\" \/>\n<meta name=\"twitter:card\" content=\"summary_large_image\" \/>\n<meta name=\"twitter:label1\" content=\"Tempo estimado de leitura\" \/>\n\t<meta name=\"twitter:data1\" content=\"3 minutos\" \/>\n<script type=\"application\/ld+json\" class=\"yoast-schema-graph\">{\"@context\":\"https:\/\/schema.org\",\"@graph\":[{\"@type\":\"WebPage\",\"@id\":\"https:\/\/cadtech.es\/pt-pt\/catia-v5-distribuidor-oficial-em-portugal\/\",\"url\":\"https:\/\/cadtech.es\/pt-pt\/catia-v5-distribuidor-oficial-em-portugal\/\",\"name\":\"CATIA V5 | Distribuidor oficial em Portugal - Cadtech\",\"isPartOf\":{\"@id\":\"https:\/\/cadtech.es\/#website\"},\"datePublished\":\"2025-06-09T08:01:52+00:00\",\"dateModified\":\"2026-01-16T15:06:31+00:00\",\"description\":\"Distribuidor oficial do CATIA V5 em Portugal. Solu\u00e7\u00e3o l\u00edder em design CAD 3D para engenharia avan\u00e7ada em v\u00e1rios setores industriais.\",\"breadcrumb\":{\"@id\":\"https:\/\/cadtech.es\/pt-pt\/catia-v5-distribuidor-oficial-em-portugal\/#breadcrumb\"},\"inLanguage\":\"pt-PT\",\"potentialAction\":[{\"@type\":\"ReadAction\",\"target\":[\"https:\/\/cadtech.es\/pt-pt\/catia-v5-distribuidor-oficial-em-portugal\/\"]}]},{\"@type\":\"BreadcrumbList\",\"@id\":\"https:\/\/cadtech.es\/pt-pt\/catia-v5-distribuidor-oficial-em-portugal\/#breadcrumb\",\"itemListElement\":[{\"@type\":\"ListItem\",\"position\":1,\"name\":\"Portada\",\"item\":\"https:\/\/cadtech.es\/pt-pt\/\"},{\"@type\":\"ListItem\",\"position\":2,\"name\":\"CATIA V5 | Distribuidor oficial em Portugal\"}]},{\"@type\":\"WebSite\",\"@id\":\"https:\/\/cadtech.es\/#website\",\"url\":\"https:\/\/cadtech.es\/\",\"name\":\"Cadtech\",\"description\":\"Consultor\u00eda e implantaci\u00f3n de soluciones de software\",\"publisher\":{\"@id\":\"https:\/\/cadtech.es\/#organization\"},\"potentialAction\":[{\"@type\":\"SearchAction\",\"target\":{\"@type\":\"EntryPoint\",\"urlTemplate\":\"https:\/\/cadtech.es\/?s={search_term_string}\"},\"query-input\":{\"@type\":\"PropertyValueSpecification\",\"valueRequired\":true,\"valueName\":\"search_term_string\"}}],\"inLanguage\":\"pt-PT\"},{\"@type\":\"Organization\",\"@id\":\"https:\/\/cadtech.es\/#organization\",\"name\":\"Cadtech\",\"url\":\"https:\/\/cadtech.es\/\",\"logo\":{\"@type\":\"ImageObject\",\"inLanguage\":\"pt-PT\",\"@id\":\"https:\/\/cadtech.es\/#\/schema\/logo\/image\/\",\"url\":\"https:\/\/cadtech.es\/wp-content\/uploads\/2025\/06\/LogoCadtech2023.png\",\"contentUrl\":\"https:\/\/cadtech.es\/wp-content\/uploads\/2025\/06\/LogoCadtech2023.png\",\"width\":127,\"height\":61,\"caption\":\"Cadtech\"},\"image\":{\"@id\":\"https:\/\/cadtech.es\/#\/schema\/logo\/image\/\"},\"sameAs\":[\"https:\/\/www.linkedin.com\/company\/cadtech?trk=biz-companies-cym\",\"https:\/\/www.youtube.com\/user\/CadTechIberica\"]}]}<\/script>\n<!-- \/ Yoast SEO plugin. -->","yoast_head_json":{"title":"CATIA V5 | Distribuidor oficial em Portugal - Cadtech","description":"Distribuidor oficial do CATIA V5 em Portugal. Solu\u00e7\u00e3o l\u00edder em design CAD 3D para engenharia avan\u00e7ada em v\u00e1rios setores industriais.","robots":{"index":"index","follow":"follow","max-snippet":"max-snippet:-1","max-image-preview":"max-image-preview:large","max-video-preview":"max-video-preview:-1"},"canonical":"https:\/\/cadtech.es\/pt-pt\/catia-v5-distribuidor-oficial-em-portugal\/","og_locale":"pt_PT","og_type":"article","og_title":"CATIA V5 | Distribuidor oficial em Portugal - Cadtech","og_description":"Distribuidor oficial do CATIA V5 em Portugal. Solu\u00e7\u00e3o l\u00edder em design CAD 3D para engenharia avan\u00e7ada em v\u00e1rios setores industriais.","og_url":"https:\/\/cadtech.es\/pt-pt\/catia-v5-distribuidor-oficial-em-portugal\/","og_site_name":"Cadtech","article_modified_time":"2026-01-16T15:06:31+00:00","twitter_card":"summary_large_image","twitter_misc":{"Tempo estimado de leitura":"3 minutos"},"schema":{"@context":"https:\/\/schema.org","@graph":[{"@type":"WebPage","@id":"https:\/\/cadtech.es\/pt-pt\/catia-v5-distribuidor-oficial-em-portugal\/","url":"https:\/\/cadtech.es\/pt-pt\/catia-v5-distribuidor-oficial-em-portugal\/","name":"CATIA V5 | Distribuidor oficial em Portugal - Cadtech","isPartOf":{"@id":"https:\/\/cadtech.es\/#website"},"datePublished":"2025-06-09T08:01:52+00:00","dateModified":"2026-01-16T15:06:31+00:00","description":"Distribuidor oficial do CATIA V5 em Portugal. Solu\u00e7\u00e3o l\u00edder em design CAD 3D para engenharia avan\u00e7ada em v\u00e1rios setores industriais.","breadcrumb":{"@id":"https:\/\/cadtech.es\/pt-pt\/catia-v5-distribuidor-oficial-em-portugal\/#breadcrumb"},"inLanguage":"pt-PT","potentialAction":[{"@type":"ReadAction","target":["https:\/\/cadtech.es\/pt-pt\/catia-v5-distribuidor-oficial-em-portugal\/"]}]},{"@type":"BreadcrumbList","@id":"https:\/\/cadtech.es\/pt-pt\/catia-v5-distribuidor-oficial-em-portugal\/#breadcrumb","itemListElement":[{"@type":"ListItem","position":1,"name":"Portada","item":"https:\/\/cadtech.es\/pt-pt\/"},{"@type":"ListItem","position":2,"name":"CATIA V5 | Distribuidor oficial em Portugal"}]},{"@type":"WebSite","@id":"https:\/\/cadtech.es\/#website","url":"https:\/\/cadtech.es\/","name":"Cadtech","description":"Consultor\u00eda e implantaci\u00f3n de soluciones de software","publisher":{"@id":"https:\/\/cadtech.es\/#organization"},"potentialAction":[{"@type":"SearchAction","target":{"@type":"EntryPoint","urlTemplate":"https:\/\/cadtech.es\/?s={search_term_string}"},"query-input":{"@type":"PropertyValueSpecification","valueRequired":true,"valueName":"search_term_string"}}],"inLanguage":"pt-PT"},{"@type":"Organization","@id":"https:\/\/cadtech.es\/#organization","name":"Cadtech","url":"https:\/\/cadtech.es\/","logo":{"@type":"ImageObject","inLanguage":"pt-PT","@id":"https:\/\/cadtech.es\/#\/schema\/logo\/image\/","url":"https:\/\/cadtech.es\/wp-content\/uploads\/2025\/06\/LogoCadtech2023.png","contentUrl":"https:\/\/cadtech.es\/wp-content\/uploads\/2025\/06\/LogoCadtech2023.png","width":127,"height":61,"caption":"Cadtech"},"image":{"@id":"https:\/\/cadtech.es\/#\/schema\/logo\/image\/"},"sameAs":["https:\/\/www.linkedin.com\/company\/cadtech?trk=biz-companies-cym","https:\/\/www.youtube.com\/user\/CadTechIberica"]}]}},"_links":{"self":[{"href":"https:\/\/cadtech.es\/pt-pt\/wp-json\/wp\/v2\/pages\/269139","targetHints":{"allow":["GET"]}}],"collection":[{"href":"https:\/\/cadtech.es\/pt-pt\/wp-json\/wp\/v2\/pages"}],"about":[{"href":"https:\/\/cadtech.es\/pt-pt\/wp-json\/wp\/v2\/types\/page"}],"author":[{"embeddable":true,"href":"https:\/\/cadtech.es\/pt-pt\/wp-json\/wp\/v2\/users\/2"}],"replies":[{"embeddable":true,"href":"https:\/\/cadtech.es\/pt-pt\/wp-json\/wp\/v2\/comments?post=269139"}],"version-history":[{"count":4,"href":"https:\/\/cadtech.es\/pt-pt\/wp-json\/wp\/v2\/pages\/269139\/revisions"}],"predecessor-version":[{"id":269144,"href":"https:\/\/cadtech.es\/pt-pt\/wp-json\/wp\/v2\/pages\/269139\/revisions\/269144"}],"up":[{"embeddable":true,"href":"https:\/\/cadtech.es\/pt-pt\/wp-json\/wp\/v2\/pages\/269581"}],"wp:attachment":[{"href":"https:\/\/cadtech.es\/pt-pt\/wp-json\/wp\/v2\/media?parent=269139"}],"curies":[{"name":"wp","href":"https:\/\/api.w.org\/{rel}","templated":true}]}}